{"id":112,"date":"2021-09-16T16:59:42","date_gmt":"2021-09-16T14:59:42","guid":{"rendered":"https:\/\/jczeller.com\/de\/?page_id=112"},"modified":"2025-01-29T18:47:12","modified_gmt":"2025-01-29T17:47:12","slug":"linkbuilding","status":"publish","type":"page","link":"https:\/\/jczeller.com\/de\/linkbuilding\/","title":{"rendered":"Linkbuilding"},"content":{"rendered":"\n<h2 class=\"wp-block-heading\"><strong>So verbessern Sie mit Backlinks &amp; attraktivem Content Ihr Google-Ranking!<\/strong><\/h2>\n\n\n\n<p class=\"has-medium-font-size\">Die Qualit\u00e4t und Anzahl der Links von anderen Seiten, die auf Ihre Website eingehen, sind entscheidende Faktoren, wenn Google und andere Suchmaschinen das Ranking vergeben. Solche Links nennt man <strong>Backlinks<\/strong> und ihren Einfluss auf die Platzierung in den Suchergebnissen bezeichnet man als <strong>Link Juice<\/strong>. Wenn neue, vertrauensw\u00fcrdige und relevante Backlinks zu Ihrer Website entstehen, dann senden diese zus\u00e4tzlichen Link Juice, was sich wiederum positiv auf das Suchmaschinenranking auswirkt. F\u00fcr die Suchmaschinenoptimierung (SEO) ist es daher wichtig, dass regelm\u00e4\u00dfig neue Links zu Ihrer Website ins Leben gerufen werden und das Linkprofil der Seite dadurch gest\u00e4rkt wird.<\/p>\n\n\n\n<p>Ein einfacher Weg, organisch neue Backlinks zu erm\u00f6glichen, ist <strong><a href=\"https:\/\/jczeller.com\/de\/content-producer\/\">attraktiver Content<\/a><\/strong>. Wenn Ihre Website informative, relevante und fesselnde Inhalte bietet, dann haben Sie gute Chancen, dass die Besucher den Link fr\u00fcher oder sp\u00e4ter auf ihrer eigenen Website, in Foren oder in sozialen Netzwerken teilen. Ein aktiver Weg neue Backlinks zu finden, ist <strong>Linkbuilding<\/strong>. Hier erfahren Sie mehr \u00fcber meine Angebote in diesem Bereich.<\/p>\n\n\n\n<p><strong><a href=\"#kontakt\">Linkbuilding: Jetzt neue Backlinks finden<\/a><\/strong><\/p>\n\n\n\n<h2 class=\"wp-block-heading\">Backlinks finden: Professionelles Linkbuilding<strong><\/strong><\/h2>\n\n\n\n<div class=\"wp-block-media-text has-media-on-the-right is-stacked-on-mobile\"><div class=\"wp-block-media-text__content\">\n<p>Es gibt viele verschiedene Strategien f\u00fcr Linkbuilding. Besonders effektive Wege, neue Backlinks zu generieren, sind <strong>Seeding Pieces<\/strong>, <strong>Gastbeitr\u00e4ge<\/strong>, <strong>Sponsored Posts<\/strong> und <strong>Advertorials<\/strong>. Diese entstehen in Kooperation mit Online-Publishern, die genau die von Ihnen gew\u00fcnschte Zielgruppe erreichen.<\/p>\n\n\n\n<p>Als <strong><a href=\"https:\/\/jczeller.com\/de\/seo-texter-finden\/\">SEO-Berater<\/a><\/strong> bin ich mit allen technischen Details zum Thema Backlinks und Link Juice bestens vertraut. Mein Angebot im Bereich Linkbuilding beinhaltet die Verbesserung Ihres Linkprofils durch hochqualitative, relevante Backlinks. Diese erscheinen in einem Kontext, der es Ihnen zus\u00e4tzlich erm\u00f6glicht, Ihre Marke zu st\u00e4rken und neue Kunden zu erreichen.<\/p>\n\n\n\n<p>Durch ein internationales Netzwerk von Influencern, Journalisten und anderen Online-Publishern kann ich Sie dabei unterst\u00fctzten, genau das richtige Portal f\u00fcr ein Advertorial inklusive Backlink zu finden. <strong><a href=\"#kontakt\">Kontaktieren Sie mich jetzt<\/a>,<\/strong> um konkrete Strategien zu entdecken, mit denen Sie Ihr Linkprofil verbessern k\u00f6nnen!<\/p>\n<\/div><figure class=\"wp-block-media-text__media\"><img loading=\"lazy\" decoding=\"async\" width=\"1024\" height=\"683\" src=\"https:\/\/jczeller.com\/de\/wp-content\/uploads\/2021\/09\/link-juice-de-1024x683.jpg\" alt=\"So funktioniert Link Juice\" class=\"wp-image-114 size-full\" srcset=\"https:\/\/jczeller.com\/de\/wp-content\/uploads\/2021\/09\/link-juice-de-1024x683.jpg 1024w, https:\/\/jczeller.com\/de\/wp-content\/uploads\/2021\/09\/link-juice-de-300x200.jpg 300w, https:\/\/jczeller.com\/de\/wp-content\/uploads\/2021\/09\/link-juice-de-768x512.jpg 768w, https:\/\/jczeller.com\/de\/wp-content\/uploads\/2021\/09\/link-juice-de-1536x1024.jpg 1536w, https:\/\/jczeller.com\/de\/wp-content\/uploads\/2021\/09\/link-juice-de.jpg 1800w\" sizes=\"auto, (max-width: 1024px) 100vw, 1024px\" \/><\/figure><\/div>\n\n\n\n<h2 class=\"wp-block-heading\">Seeding Pieces: Die smarte Strategie f\u00fcr organische Links<\/h2>\n\n\n\n<p class=\"has-medium-font-size\">Seeding Pieces sind ein strategischer Ansatz f\u00fcr den organischen Linkaufbau, bei dem hochwertiger, ansprechender Content auf autoritativen Plattformen platziert wird, um auf nat\u00fcrliche Weise Backlinks zu generieren. Im Gegensatz zu traditionellen Linkbuilding-Methoden, die auf direkte Kontaktaufnahme oder bezahlte Platzierungen setzen, fokussieren sich Seeding Pieces auf wertstiftende Inhalte, die bei der Zielgruppe Anklang finden.<\/p>\n\n\n\n<p>Ein einziges clever platziertes Seeding Piece kann eine Kettenreaktion ausl\u00f6sen, die zu mehr Sichtbarkeit, besseren SEO-Rankings und einer st\u00e4rkeren Markenautorit\u00e4t f\u00fchrt. Mit meiner Expertise erhalten Sie nicht nur Links \u2013 sondern nachhaltiges Wachstum und Glaubw\u00fcrdigkeit.<\/p>\n\n\n\n<h3 class=\"wp-block-heading\">Die besten Seeding Pieces folgen nicht einfach den Regeln \u2013 sie setzen neue Ma\u00dfst\u00e4be.<\/h3>\n\n\n\n<p>Die besten Ideen f\u00fcr ein Seeding Piece entstehen oft, wenn man &#8218;outside the box&#8216; denkt \u2013 und genau hier komme ich ins Spiel. Durch die Erstellung strategischer, hochwertiger Inhalte, die Aufmerksamkeit erregen und organisches Feedback generieren, helfe ich Unternehmen dabei, starke Backlinks zu sichern. Lassen Sie uns zusammenarbeiten und k\u00fchne Ideen in wirkungsvolle Seeding Pieces verwandeln, die echte Ergebnisse liefern!<\/p>\n\n\n\n<h2 class=\"wp-block-heading\">Advertorials &amp; Sponsored Posts: Sichern Sie sich hochwertige Do-Follow Backlinks<\/h2>\n\n\n\n<p class=\"has-medium-font-size\">Meine Linkbuilding-Dienstleistungen umfassen auch die Platzierung von <strong>Advertorials und Sponsored Posts <\/strong>auf autoritativen Websites, die perfekt auf Ihre Zielgruppe abgestimmt sind. Durch ein umfangreiches Netzwerk aus Online-Publishern \u2013 von etablierten Nachrichtenportalen und fachspezifischen Medien bis hin zu einflussreichen Bloggern und Nischenplattformen \u2013 helfe ich Unternehmen dabei, <strong>strategische dofollow Backlinks <\/strong>zu erhalten, die ihre Sichtbarkeit und Glaubw\u00fcrdigkeit steigern.<\/p>\n\n\n\n<p><strong>Sie behalten 100 % Kontrolle \u00fcber den Inhalt, den Kontext und den Ankertext<\/strong>, sodass jede Platzierung optimal zu Ihren Marken- und Unternehmenszielen passt. Ob Sie SEO-Vorteile, Markenpositionierung oder direkten Traffic anstreben \u2013 ich finde die passenden M\u00f6glichkeiten, um messbare Ergebnisse zu erzielen.<\/p>\n\n\n\n<p>Erz\u00e4hlen Sie mir ein wenig \u00fcber Ihr Unternehmen, und ich zeige Ihnen, wie gezielte Advertorials und Sponsored Posts Ihr Linkprofil nachhaltig st\u00e4rken k\u00f6nnen. Die Erstberatung ist kostenlos.<\/p>\n\n\n\n<p><strong><a href=\"#kontakt\">Jetzt Backlinks finden<\/a><\/strong><\/p>\n\n\n\n<h2 class=\"wp-block-heading\" id=\"kontakt\">Link Building &#8211; Jetzt Angebot erhalten!<\/h2>\n\n\n\n<p>Kontaktieren Sie mich jetzt und finden Sie Optionen f\u00fcr Linkbuilding, die Ihnen dabei helfen, neue Kunden zu erreichen und Ihre Sichtbarkeit bei Google und Co. zu verbessern!<\/p>\n\n\n<div class=\"wpforms-container wpforms-container-full wpforms-block wpforms-block-6511d512-1b8c-4d45-9055-583aacaf0e70\" id=\"wpforms-37\"><form id=\"wpforms-form-37\" class=\"wpforms-validate wpforms-form wpforms-ajax-form\" data-formid=\"37\" method=\"post\" enctype=\"multipart\/form-data\" action=\"\/de\/wp-json\/wp\/v2\/pages\/112\" data-token=\"06f1d6d9489993491858ef2530413921\" data-token-time=\"1777698045\"><noscript class=\"wpforms-error-noscript\">Bitte aktiviere JavaScript in deinem Browser, um dieses Formular fertigzustellen.<\/noscript><div class=\"wpforms-field-container\"><div id=\"wpforms-37-field_0-container\" class=\"wpforms-field wpforms-field-name\" data-field-id=\"0\"><label class=\"wpforms-field-label\" for=\"wpforms-37-field_0\">Name <span class=\"wpforms-required-label\">*<\/span><\/label><input type=\"text\" id=\"wpforms-37-field_0\" class=\"wpforms-field-medium wpforms-field-required\" name=\"wpforms[fields][0]\" required><\/div><div id=\"wpforms-37-field_1-container\" class=\"wpforms-field wpforms-field-email\" data-field-id=\"1\"><label class=\"wpforms-field-label\" for=\"wpforms-37-field_1\">Email <span class=\"wpforms-required-label\">*<\/span><\/label><input type=\"email\" id=\"wpforms-37-field_1\" class=\"wpforms-field-medium wpforms-field-required\" name=\"wpforms[fields][1]\" spellcheck=\"false\" required><\/div><div id=\"wpforms-37-field_2-container\" class=\"wpforms-field wpforms-field-textarea\" data-field-id=\"2\"><label class=\"wpforms-field-label\" for=\"wpforms-37-field_2\">Ihre Nachricht <span class=\"wpforms-required-label\">*<\/span><\/label><textarea id=\"wpforms-37-field_2\" class=\"wpforms-field-medium wpforms-field-required\" name=\"wpforms[fields][2]\" required><\/textarea><\/div><div id=\"wpforms-37-field_3-container\" class=\"wpforms-field wpforms-field-checkbox\" data-field-id=\"3\"><label class=\"wpforms-field-label\">Datenschutzerkl\u00e4rung <span class=\"wpforms-required-label\">*<\/span><\/label><ul id=\"wpforms-37-field_3\" class=\"wpforms-field-required\"><li class=\"choice-1 depth-1\"><input type=\"checkbox\" id=\"wpforms-37-field_3_1\" name=\"wpforms[fields][3][]\" value=\"Ich akzeptiere die Datenschutzerkl\u00e4rung\" required ><label class=\"wpforms-field-label-inline\" for=\"wpforms-37-field_3_1\">Ich akzeptiere die Datenschutzerkl\u00e4rung<\/label><\/li><\/ul><div class=\"wpforms-field-description wpforms-disclaimer-description\"><a href=\"https:\/\/jczeller.com\/de\/datenschutz\/\" title=\"Datenschutz\">Lesen Sie die Datenschutzerkl\u00e4rung hier.<\/a><\/div><\/div><\/div><!-- .wpforms-field-container --><div class=\"wpforms-recaptcha-container wpforms-is-hcaptcha\" ><div class=\"h-captcha\" data-sitekey=\"e9d27d40-23b8-4e40-9334-a31c51461868\"><\/div><input type=\"text\" name=\"g-recaptcha-hidden\" class=\"wpforms-recaptcha-hidden\" style=\"position:absolute!important;clip:rect(0,0,0,0)!important;height:1px!important;width:1px!important;border:0!important;overflow:hidden!important;padding:0!important;margin:0!important;\" data-rule-hcaptcha=\"1\"><\/div><div class=\"wpforms-submit-container\" ><input type=\"hidden\" name=\"wpforms[id]\" value=\"37\"><input type=\"hidden\" name=\"page_title\" value=\"\"><input type=\"hidden\" name=\"page_url\" value=\"https:\/\/jczeller.com\/de\/wp-json\/wp\/v2\/pages\/112\"><input type=\"hidden\" name=\"url_referer\" value=\"\"><button type=\"submit\" name=\"wpforms[submit]\" id=\"wpforms-submit-37\" class=\"wpforms-submit\" data-alt-text=\"Sending...\" data-submit-text=\"Submit\" aria-live=\"assertive\" value=\"wpforms-submit\">Submit<\/button><img loading=\"lazy\" decoding=\"async\" src=\"https:\/\/jczeller.com\/de\/wp-content\/plugins\/wpforms-lite\/assets\/images\/submit-spin.svg\" class=\"wpforms-submit-spinner\" style=\"display: none;\" width=\"26\" height=\"26\" alt=\"Wird geladen\"><\/div><input\n                    class=\"apbct_special_field apbct_email_id__wp_wpforms\"\n                    name=\"apbct__email_id__wp_wpforms\"\n                    aria-label=\"apbct__label_id__wp_wpforms\"\n                    type=\"text\" size=\"30\" maxlength=\"200\" autocomplete=\"off\"\n                    value=\"\"\n                \/><\/form><\/div>  <!-- .wpforms-container -->\n\n\n<p><\/p>\n","protected":false},"excerpt":{"rendered":"<p>So verbessern Sie mit Backlinks &amp; attraktivem Content Ihr Google-Ranking! Die Qualit\u00e4t und Anzahl der Links von anderen Seiten, die auf Ihre Website eingehen, sind entscheidende Faktoren, wenn Google und andere Suchmaschinen das Ranking vergeben. Solche Links nennt man Backlinks und ihren Einfluss auf die Platzierung in den Suchergebnissen bezeichnet man als Link Juice. Wenn &hellip; <\/p>\n<p class=\"link-more\"><a href=\"https:\/\/jczeller.com\/de\/linkbuilding\/\" class=\"more-link\">Mehr <span class=\"screen-reader-text\">\u00fcber &#8222;Linkbuilding&#8220; <\/span>Lesen<\/a><\/p>\n","protected":false},"author":1,"featured_media":609,"parent":0,"menu_order":0,"comment_status":"closed","ping_status":"closed","template":"","meta":{"inspiro_hide_title":false,"footnotes":""},"class_list":["post-112","page","type-page","status-publish","has-post-thumbnail","hentry"],"yoast_head":"<!-- This site is optimized with the Yoast SEO plugin v27.5 - https:\/\/yoast.com\/product\/yoast-seo-wordpress\/ -->\n<title>Backlinks finden \u2022 SEO Linkbuilding &amp; Seeding Pieces<\/title>\n<meta name=\"description\" content=\"Linkbuilding: Verbessern Sie die Sichtbarkeit Ihrer Website auf Google mit professionellem Link Building. Jetzt neue Backlinks finden!\" \/>\n<meta name=\"robots\" content=\"index, follow, max-snippet:-1, max-image-preview:large, max-video-preview:-1\" \/>\n<link rel=\"canonical\" href=\"https:\/\/jczeller.com\/de\/linkbuilding\/\" \/>\n<meta property=\"og:locale\" content=\"de_DE\" \/>\n<meta property=\"og:type\" content=\"article\" \/>\n<meta property=\"og:title\" content=\"Backlinks finden: Verbessern Sie Ihren Google-Rank mit Linkbuilding\" \/>\n<meta property=\"og:description\" content=\"Professionelles Linkbuilding sendet Link Juice an Ihre Website und verbessert die Sichtbarkeit in Suchmaschinen. Hier erfahren Sie mehr!\" \/>\n<meta property=\"og:url\" content=\"https:\/\/jczeller.com\/de\/linkbuilding\/\" \/>\n<meta property=\"og:site_name\" content=\"Ihr SEO-Berater und Copywriter.\" \/>\n<meta property=\"article:modified_time\" content=\"2025-01-29T17:47:12+00:00\" \/>\n<meta property=\"og:image\" content=\"https:\/\/jczeller.com\/de\/wp-content\/uploads\/2025\/01\/link-building-future.jpg\" \/>\n\t<meta property=\"og:image:width\" content=\"1303\" \/>\n\t<meta property=\"og:image:height\" content=\"886\" \/>\n\t<meta property=\"og:image:type\" content=\"image\/jpeg\" \/>\n<meta name=\"twitter:card\" content=\"summary_large_image\" \/>\n<meta name=\"twitter:title\" content=\"Backlinks finden: Verbessern Sie Ihren Google-Rank mit Linkbuilding\" \/>\n<meta name=\"twitter:description\" content=\"Professionelles Linkbuilding sendet Link Juice an Ihre Website und verbessert die Sichtbarkeit in Suchmaschinen. Hier erfahren Sie mehr!\" \/>\n<meta name=\"twitter:image\" content=\"https:\/\/jczeller.com\/de\/wp-content\/uploads\/2025\/01\/link-building-future.jpg\" \/>\n<meta name=\"twitter:label1\" content=\"Gesch\u00e4tzte Lesezeit\" \/>\n\t<meta name=\"twitter:data1\" content=\"4\u00a0Minuten\" \/>\n<script type=\"application\/ld+json\" class=\"yoast-schema-graph\">{\"@context\":\"https:\\\/\\\/schema.org\",\"@graph\":[{\"@type\":\"WebPage\",\"@id\":\"https:\\\/\\\/jczeller.com\\\/de\\\/linkbuilding\\\/\",\"url\":\"https:\\\/\\\/jczeller.com\\\/de\\\/linkbuilding\\\/\",\"name\":\"Backlinks finden \u2022 SEO Linkbuilding & Seeding Pieces\",\"isPartOf\":{\"@id\":\"https:\\\/\\\/jczeller.com\\\/de\\\/#website\"},\"primaryImageOfPage\":{\"@id\":\"https:\\\/\\\/jczeller.com\\\/de\\\/linkbuilding\\\/#primaryimage\"},\"image\":{\"@id\":\"https:\\\/\\\/jczeller.com\\\/de\\\/linkbuilding\\\/#primaryimage\"},\"thumbnailUrl\":\"https:\\\/\\\/jczeller.com\\\/de\\\/wp-content\\\/uploads\\\/2025\\\/01\\\/link-building-future.jpg\",\"datePublished\":\"2021-09-16T14:59:42+00:00\",\"dateModified\":\"2025-01-29T17:47:12+00:00\",\"description\":\"Linkbuilding: Verbessern Sie die Sichtbarkeit Ihrer Website auf Google mit professionellem Link Building. Jetzt neue Backlinks finden!\",\"breadcrumb\":{\"@id\":\"https:\\\/\\\/jczeller.com\\\/de\\\/linkbuilding\\\/#breadcrumb\"},\"inLanguage\":\"de\",\"potentialAction\":[{\"@type\":\"ReadAction\",\"target\":[\"https:\\\/\\\/jczeller.com\\\/de\\\/linkbuilding\\\/\"]}]},{\"@type\":\"ImageObject\",\"inLanguage\":\"de\",\"@id\":\"https:\\\/\\\/jczeller.com\\\/de\\\/linkbuilding\\\/#primaryimage\",\"url\":\"https:\\\/\\\/jczeller.com\\\/de\\\/wp-content\\\/uploads\\\/2025\\\/01\\\/link-building-future.jpg\",\"contentUrl\":\"https:\\\/\\\/jczeller.com\\\/de\\\/wp-content\\\/uploads\\\/2025\\\/01\\\/link-building-future.jpg\",\"width\":1303,\"height\":886,\"caption\":\"Graffiti von Ketten-Gliedern (Links) auf einer Mauer\"},{\"@type\":\"BreadcrumbList\",\"@id\":\"https:\\\/\\\/jczeller.com\\\/de\\\/linkbuilding\\\/#breadcrumb\",\"itemListElement\":[{\"@type\":\"ListItem\",\"position\":1,\"name\":\"Startseite\",\"item\":\"https:\\\/\\\/jczeller.com\\\/de\\\/\"},{\"@type\":\"ListItem\",\"position\":2,\"name\":\"Linkbuilding\"}]},{\"@type\":\"WebSite\",\"@id\":\"https:\\\/\\\/jczeller.com\\\/de\\\/#website\",\"url\":\"https:\\\/\\\/jczeller.com\\\/de\\\/\",\"name\":\"Ihr SEO-Berater und Copywriter.\",\"description\":\"Kreativit\u00e4t trifft Expertise\",\"publisher\":{\"@id\":\"https:\\\/\\\/jczeller.com\\\/de\\\/#organization\"},\"potentialAction\":[{\"@type\":\"SearchAction\",\"target\":{\"@type\":\"EntryPoint\",\"urlTemplate\":\"https:\\\/\\\/jczeller.com\\\/de\\\/?s={search_term_string}\"},\"query-input\":{\"@type\":\"PropertyValueSpecification\",\"valueRequired\":true,\"valueName\":\"search_term_string\"}}],\"inLanguage\":\"de\"},{\"@type\":\"Organization\",\"@id\":\"https:\\\/\\\/jczeller.com\\\/de\\\/#organization\",\"name\":\"Ihr SEO-Berater und Copywriter.\",\"url\":\"https:\\\/\\\/jczeller.com\\\/de\\\/\",\"logo\":{\"@type\":\"ImageObject\",\"inLanguage\":\"de\",\"@id\":\"https:\\\/\\\/jczeller.com\\\/de\\\/#\\\/schema\\\/logo\\\/image\\\/\",\"url\":\"https:\\\/\\\/jczeller.com\\\/de\\\/wp-content\\\/uploads\\\/2021\\\/09\\\/logo-jcz-trans3.png\",\"contentUrl\":\"https:\\\/\\\/jczeller.com\\\/de\\\/wp-content\\\/uploads\\\/2021\\\/09\\\/logo-jcz-trans3.png\",\"width\":561,\"height\":881,\"caption\":\"Ihr SEO-Berater und Copywriter.\"},\"image\":{\"@id\":\"https:\\\/\\\/jczeller.com\\\/de\\\/#\\\/schema\\\/logo\\\/image\\\/\"}}]}<\/script>\n<!-- \/ Yoast SEO plugin. -->","yoast_head_json":{"title":"Backlinks finden \u2022 SEO Linkbuilding & Seeding Pieces","description":"Linkbuilding: Verbessern Sie die Sichtbarkeit Ihrer Website auf Google mit professionellem Link Building. Jetzt neue Backlinks finden!","robots":{"index":"index","follow":"follow","max-snippet":"max-snippet:-1","max-image-preview":"max-image-preview:large","max-video-preview":"max-video-preview:-1"},"canonical":"https:\/\/jczeller.com\/de\/linkbuilding\/","og_locale":"de_DE","og_type":"article","og_title":"Backlinks finden: Verbessern Sie Ihren Google-Rank mit Linkbuilding","og_description":"Professionelles Linkbuilding sendet Link Juice an Ihre Website und verbessert die Sichtbarkeit in Suchmaschinen. Hier erfahren Sie mehr!","og_url":"https:\/\/jczeller.com\/de\/linkbuilding\/","og_site_name":"Ihr SEO-Berater und Copywriter.","article_modified_time":"2025-01-29T17:47:12+00:00","og_image":[{"width":1303,"height":886,"url":"https:\/\/jczeller.com\/de\/wp-content\/uploads\/2025\/01\/link-building-future.jpg","type":"image\/jpeg"}],"twitter_card":"summary_large_image","twitter_title":"Backlinks finden: Verbessern Sie Ihren Google-Rank mit Linkbuilding","twitter_description":"Professionelles Linkbuilding sendet Link Juice an Ihre Website und verbessert die Sichtbarkeit in Suchmaschinen. Hier erfahren Sie mehr!","twitter_image":"https:\/\/jczeller.com\/de\/wp-content\/uploads\/2025\/01\/link-building-future.jpg","twitter_misc":{"Gesch\u00e4tzte Lesezeit":"4\u00a0Minuten"},"schema":{"@context":"https:\/\/schema.org","@graph":[{"@type":"WebPage","@id":"https:\/\/jczeller.com\/de\/linkbuilding\/","url":"https:\/\/jczeller.com\/de\/linkbuilding\/","name":"Backlinks finden \u2022 SEO Linkbuilding & Seeding Pieces","isPartOf":{"@id":"https:\/\/jczeller.com\/de\/#website"},"primaryImageOfPage":{"@id":"https:\/\/jczeller.com\/de\/linkbuilding\/#primaryimage"},"image":{"@id":"https:\/\/jczeller.com\/de\/linkbuilding\/#primaryimage"},"thumbnailUrl":"https:\/\/jczeller.com\/de\/wp-content\/uploads\/2025\/01\/link-building-future.jpg","datePublished":"2021-09-16T14:59:42+00:00","dateModified":"2025-01-29T17:47:12+00:00","description":"Linkbuilding: Verbessern Sie die Sichtbarkeit Ihrer Website auf Google mit professionellem Link Building. Jetzt neue Backlinks finden!","breadcrumb":{"@id":"https:\/\/jczeller.com\/de\/linkbuilding\/#breadcrumb"},"inLanguage":"de","potentialAction":[{"@type":"ReadAction","target":["https:\/\/jczeller.com\/de\/linkbuilding\/"]}]},{"@type":"ImageObject","inLanguage":"de","@id":"https:\/\/jczeller.com\/de\/linkbuilding\/#primaryimage","url":"https:\/\/jczeller.com\/de\/wp-content\/uploads\/2025\/01\/link-building-future.jpg","contentUrl":"https:\/\/jczeller.com\/de\/wp-content\/uploads\/2025\/01\/link-building-future.jpg","width":1303,"height":886,"caption":"Graffiti von Ketten-Gliedern (Links) auf einer Mauer"},{"@type":"BreadcrumbList","@id":"https:\/\/jczeller.com\/de\/linkbuilding\/#breadcrumb","itemListElement":[{"@type":"ListItem","position":1,"name":"Startseite","item":"https:\/\/jczeller.com\/de\/"},{"@type":"ListItem","position":2,"name":"Linkbuilding"}]},{"@type":"WebSite","@id":"https:\/\/jczeller.com\/de\/#website","url":"https:\/\/jczeller.com\/de\/","name":"Ihr SEO-Berater und Copywriter.","description":"Kreativit\u00e4t trifft Expertise","publisher":{"@id":"https:\/\/jczeller.com\/de\/#organization"},"potentialAction":[{"@type":"SearchAction","target":{"@type":"EntryPoint","urlTemplate":"https:\/\/jczeller.com\/de\/?s={search_term_string}"},"query-input":{"@type":"PropertyValueSpecification","valueRequired":true,"valueName":"search_term_string"}}],"inLanguage":"de"},{"@type":"Organization","@id":"https:\/\/jczeller.com\/de\/#organization","name":"Ihr SEO-Berater und Copywriter.","url":"https:\/\/jczeller.com\/de\/","logo":{"@type":"ImageObject","inLanguage":"de","@id":"https:\/\/jczeller.com\/de\/#\/schema\/logo\/image\/","url":"https:\/\/jczeller.com\/de\/wp-content\/uploads\/2021\/09\/logo-jcz-trans3.png","contentUrl":"https:\/\/jczeller.com\/de\/wp-content\/uploads\/2021\/09\/logo-jcz-trans3.png","width":561,"height":881,"caption":"Ihr SEO-Berater und Copywriter."},"image":{"@id":"https:\/\/jczeller.com\/de\/#\/schema\/logo\/image\/"}}]}},"_links":{"self":[{"href":"https:\/\/jczeller.com\/de\/wp-json\/wp\/v2\/pages\/112","targetHints":{"allow":["GET"]}}],"collection":[{"href":"https:\/\/jczeller.com\/de\/wp-json\/wp\/v2\/pages"}],"about":[{"href":"https:\/\/jczeller.com\/de\/wp-json\/wp\/v2\/types\/page"}],"author":[{"embeddable":true,"href":"https:\/\/jczeller.com\/de\/wp-json\/wp\/v2\/users\/1"}],"replies":[{"embeddable":true,"href":"https:\/\/jczeller.com\/de\/wp-json\/wp\/v2\/comments?post=112"}],"version-history":[{"count":11,"href":"https:\/\/jczeller.com\/de\/wp-json\/wp\/v2\/pages\/112\/revisions"}],"predecessor-version":[{"id":622,"href":"https:\/\/jczeller.com\/de\/wp-json\/wp\/v2\/pages\/112\/revisions\/622"}],"wp:featuredmedia":[{"embeddable":true,"href":"https:\/\/jczeller.com\/de\/wp-json\/wp\/v2\/media\/609"}],"wp:attachment":[{"href":"https:\/\/jczeller.com\/de\/wp-json\/wp\/v2\/media?parent=112"}],"curies":[{"name":"wp","href":"https:\/\/api.w.org\/{rel}","templated":true}]}}