{"id":118,"date":"2021-09-17T17:08:00","date_gmt":"2021-09-17T15:08:00","guid":{"rendered":"https:\/\/jczeller.com\/de\/?page_id=118"},"modified":"2025-12-11T14:46:28","modified_gmt":"2025-12-11T13:46:28","slug":"medienberatung","status":"publish","type":"page","link":"https:\/\/jczeller.com\/de\/medienberatung\/","title":{"rendered":"Medienberatung"},"content":{"rendered":"\n<h2 class=\"wp-block-heading\"><strong>Erzielen Sie messbare Erfolge auf allen Ebenen<\/strong><\/h2>\n\n\n\n<p class=\"has-medium-font-size\">Als Medienberater unterst\u00fctze ich meine Klienten in allen Bereichen, die mit der \u00f6ffentlichen Wahrnehmung ihres Unternehmens zu tun haben. Daf\u00fcr erschaffe ich individuelle, strategische Medienl\u00f6sungen, die schnelle und langanhaltende Effekte versprechen. Ich bringe mehr als zehn Jahre Erfahrung und <strong><a href=\"https:\/\/jczeller.com\/de\/about-jczeller\/\">genau die richtigen Skills<\/a><\/strong> mit, um meinen Klienten ans Ziel zu f\u00fchren, wenn es darum geht, in der komplexen und sich immer schneller ver\u00e4ndernden Welt der Medien neue Erfolge zu verzeichnen. Damit Sie im digitalen Zeitalter am Ball bleiben, unterst\u00fctze ich Sie auch mit <strong><a href=\"https:\/\/jczeller.com\/de\/ai-consultant\/\">Beratung rund um das Thema k\u00fcnstliche Intelligenz<\/a><\/strong>. Als erfahrener Journalist helfe ich zudem, erstklassige Kontakte in Redaktionen im deutschsprachigen Raum sowie rund um die Welt herzustellen.<\/p>\n\n\n\n<p>Auf dieser Seite erfahren Sie mehr \u00fcber meine Arbeit als Medienberater. <strong><a href=\"#kontakt\">Kontaktieren Sie mich<\/a><\/strong> einfach, um herauszufinden, was Sie tun k\u00f6nnen, um die \u00f6ffentliche Wahrnehmung Ihres Unternehmens zu st\u00e4rken.<\/p>\n\n\n\n<div class=\"wp-block-buttons is-layout-flex wp-block-buttons-is-layout-flex\">\n<div class=\"wp-block-button\"><a class=\"wp-block-button__link wp-element-button\" href=\"#testimonials\"><strong>Was Kunden sagen<\/strong><\/a><\/div>\n<\/div>\n\n\n\n<p class=\"has-medium-font-size\"><\/p>\n\n\n\n<figure class=\"wp-block-image aligncenter size-full is-resized\"><img loading=\"lazy\" decoding=\"async\" width=\"400\" height=\"400\" src=\"https:\/\/jczeller.com\/de\/wp-content\/uploads\/2025\/02\/complex-world.jpg\" alt=\"Illustration einer komplexen Welt\" class=\"wp-image-647\" style=\"aspect-ratio:1;object-fit:cover;width:400px\" srcset=\"https:\/\/jczeller.com\/de\/wp-content\/uploads\/2025\/02\/complex-world.jpg 400w, https:\/\/jczeller.com\/de\/wp-content\/uploads\/2025\/02\/complex-world-300x300.jpg 300w, https:\/\/jczeller.com\/de\/wp-content\/uploads\/2025\/02\/complex-world-150x150.jpg 150w\" sizes=\"auto, (max-width: 400px) 100vw, 400px\" \/><\/figure>\n\n\n\n<h2 class=\"wp-block-heading\">Was erfolgreiche Medienberatung ausmacht<\/h2>\n\n\n\n<p class=\"has-medium-font-size\">Die T\u00e4tigkeit als Medienberater erfordert ein interdisziplin\u00e4res Profil. Neben einem tiefgehenden Verst\u00e4ndnis der <strong>Medienwissenschaft <\/strong>sind Fachwissen und Erfahrung in Bereichen wie <strong>Psychologie<\/strong>, <strong>Soziologie <\/strong>und <strong>Wirtschaftswissenschaften <\/strong>essenziell. Denn ein Medienberater \u00fcbernimmt vielf\u00e4ltige Aufgaben im Bereich Kommunikation und Werbung \u2013 von der Umsetzung profitabler Online-Marketing-Kampagnen und der Optimierung von Anzeigen auf TikTok und Google bis hin zur klassischen PR-Arbeit, etwa dem Verfassen von Pressemitteilungen und der direkten Interaktion mit Journalisten. Erfolgreiche Medienberatung bedeutet daher, fundierte Fachkenntnisse mit Kreativit\u00e4t und einem ausgepr\u00e4gten Gesp\u00fcr f\u00fcr Zielgruppen und Medienwirkungen zu verbinden. Mit meiner umfassenden Erfahrung biete ich ma\u00dfgeschneiderte L\u00f6sungen, die nicht nur die Sichtbarkeit Ihrer Marke erh\u00f6hen, sondern auch messbare Ergebnisse erzielen.<\/p>\n\n\n\n<h2 class=\"wp-block-heading\">Social Media Berater: Steigern Sie Ihre Conversion-Rate<\/h2>\n\n\n\n<p class=\"has-medium-font-size\">Social Media Werbung hat sich zu einem der leistungsst\u00e4rksten und kosteneffizientesten Marketing-Tools unserer Zeit entwickelt. Dank KI-gest\u00fctzter Algorithmen und pr\u00e4zisem Targeting k\u00f6nnen Unternehmen potenzielle Kunden gezielt ansprechen und messbare Erfolge erzielen \u2013 sei es durch mehr Verk\u00e4ufe, h\u00f6here Interaktionsraten oder qualifizierte Leads. Im Gegensatz zu klassischen Werbemethoden, bei denen der ROI oft schwer nachzuverfolgen ist, liefern digitale Anzeigen auf Plattformen wie <strong>Facebook<\/strong>, <strong>Instagram<\/strong>, <strong>TikTok<\/strong>, <strong>LinkedIn <\/strong>und <strong>Google <\/strong>Echtzeitdaten zu Kosten pro Verkauf, Klick oder Abonnement. So wird jeder investierte Euro optimal genutzt.<\/p>\n\n\n\n<p><strong>Wenn Sie Social Media Ads noch nicht zur Umsatzsteigerung einsetzen, ist jetzt der perfekte Zeitpunkt, damit zu beginnen.<\/strong> Als erfahrener <strong>Social Media Marketing Berater <\/strong>erstelle ich hochkonvertierende Kampagnen, die echte Ergebnisse liefern. Von der pr\u00e4zisen Zielgruppenanalyse \u00fcber die Erstellung \u00fcberzeugender <strong><a href=\"https:\/\/jczeller.com\/de\/werbetexte\/\">Werbetexte<\/a><\/strong> bis hin zur kontinuierlichen Optimierung \u2013 ich sorge daf\u00fcr, dass Ihre Marke zur richtigen Zeit die richtige Zielgruppe erreicht. Mit professioneller Anzeigengestaltung, KI-gest\u00fctzten Insights und wirkungsvoller Copy verwandeln wir Klicks in Conversions und Social Media Interaktionen in langfristige Kundenbeziehungen.<\/p>\n\n\n\n<div class=\"wp-block-buttons is-layout-flex wp-block-buttons-is-layout-flex\">\n<div class=\"wp-block-button\"><a class=\"wp-block-button__link wp-element-button\" href=\"#kontakt\"><strong>Jetzt kontaktieren<\/strong><\/a><\/div>\n<\/div>\n\n\n\n<h2 class=\"wp-block-heading\">Medienberatung, PR &amp; Krisenmanagement<\/h2>\n\n\n\n<p class=\"has-medium-font-size\">Als erfahrener Medienstratege entwickle, optimiere und realisiere ich ma\u00dfgeschneiderte PR-Strategien f\u00fcr meine Klienten. Als PR-Manager f\u00fcr NGOs sowie mehrere Unternehmen der Privatwirtschaft konnte ich mein Gesp\u00fcr f\u00fcr langfristige <strong>Brand-Awareness-Kampagnen <\/strong>unter Beweis stellen und Unternehmen professionell durch herausfordernde <strong>Krisensituationen <\/strong>begleiten.<\/p>\n\n\n\n<p class=\"has-small-font-size\">Egal, ob Sie eine durchdachte Medienstrategie zur nachhaltigen St\u00e4rkung Ihrer Marke ben\u00f6tigen oder eine schnelle und gezielte Reaktion auf eine unerwartete PR-Krise suchen \u2013 gemeinsam finden wir den optimalen Weg, Ihre Botschaft wirkungsvoll zu platzieren und Ihr \u00f6ffentliches Image zu sch\u00fctzen.<\/p>\n\n\n\n<h2 class=\"wp-block-heading\" id=\"testimonials\">Meine Arbeit als Medienberater: Was Kunden sagen<\/h2>\n\n\n\n<p class=\"has-text-align-center has-medium-font-size\"><em>&#8222;Yes, Johannes, eine gro\u00dfartige Reaktion auf diese Krise&#8230; ich bin beeindruckt :-)&#8220;<\/em><\/p>\n\n\n\n<p>&#8211; Dr. Peter S., CEO<\/p>\n\n\n\n<p class=\"has-text-align-center has-medium-font-size\"><em>&#8222;Gratulation noch einmal aus einer gut gelaunten Redaktion &#8211; da haben Sie uns ja ordentlich Aufmerksamkeit verschafft! :)&#8220; \u2013<\/em><\/p>\n\n\n\n<p>&#8211; Kurt F., Chefredakteur<\/p>\n\n\n\n<p class=\"has-text-align-center has-medium-font-size\"><em>&#8222;Tausend Dank \u2014 wie du auf diese Krise reagiert hast ist unbezahlbar (soll hei\u00dfen: <strong>DU <\/strong>bist unbezahlbar.)&#8220;<\/em><\/p>\n\n\n\n<p><em>&nbsp;<\/em>&#8211; Sandra P., Medizinische Direktorin<\/p>\n\n\n\n<p class=\"has-text-align-center\"> <a href=\"https:\/\/jczeller.com\/de\/testimonials\/\">[Mehr&#8230;]<\/a> <\/p>\n\n\n\n<h2 class=\"wp-block-heading\" id=\"kontakt\">Jetzt Medienberater finden<\/h2>\n\n\n\n<p>Suchen Sie nach kompetenter und verl\u00e4sslicher Unterst\u00fctzung in den Bereichen Medienberatung, Social Media Marketing und\/oder Public Relations? Kontaktieren Sie mich hier:<\/p>\n\n\n<div class=\"wpforms-container wpforms-container-full wpforms-block wpforms-block-8c0af47b-a485-42c2-8ddd-ce9b1ec0992b\" id=\"wpforms-37\"><form id=\"wpforms-form-37\" class=\"wpforms-validate wpforms-form wpforms-ajax-form\" data-formid=\"37\" method=\"post\" enctype=\"multipart\/form-data\" action=\"\/de\/wp-json\/wp\/v2\/pages\/118\" data-token=\"a0dd99793dabfc700e8b77e13c352f14\" data-token-time=\"1776428756\"><noscript class=\"wpforms-error-noscript\">Bitte aktiviere JavaScript in deinem Browser, um dieses Formular fertigzustellen.<\/noscript><div class=\"wpforms-field-container\"><div id=\"wpforms-37-field_0-container\" class=\"wpforms-field wpforms-field-name\" data-field-id=\"0\"><label class=\"wpforms-field-label\" for=\"wpforms-37-field_0\">Name <span class=\"wpforms-required-label\">*<\/span><\/label><input type=\"text\" id=\"wpforms-37-field_0\" class=\"wpforms-field-medium wpforms-field-required\" name=\"wpforms[fields][0]\" required><\/div><div id=\"wpforms-37-field_1-container\" class=\"wpforms-field wpforms-field-email\" data-field-id=\"1\"><label class=\"wpforms-field-label\" for=\"wpforms-37-field_1\">Email <span class=\"wpforms-required-label\">*<\/span><\/label><input type=\"email\" id=\"wpforms-37-field_1\" class=\"wpforms-field-medium wpforms-field-required\" name=\"wpforms[fields][1]\" spellcheck=\"false\" required><\/div><div id=\"wpforms-37-field_2-container\" class=\"wpforms-field wpforms-field-textarea\" data-field-id=\"2\"><label class=\"wpforms-field-label\" for=\"wpforms-37-field_2\">Ihre Nachricht <span class=\"wpforms-required-label\">*<\/span><\/label><textarea id=\"wpforms-37-field_2\" class=\"wpforms-field-medium wpforms-field-required\" name=\"wpforms[fields][2]\" required><\/textarea><\/div><div id=\"wpforms-37-field_3-container\" class=\"wpforms-field wpforms-field-checkbox\" data-field-id=\"3\"><label class=\"wpforms-field-label\">Datenschutzerkl\u00e4rung <span class=\"wpforms-required-label\">*<\/span><\/label><ul id=\"wpforms-37-field_3\" class=\"wpforms-field-required\"><li class=\"choice-1 depth-1\"><input type=\"checkbox\" id=\"wpforms-37-field_3_1\" name=\"wpforms[fields][3][]\" value=\"Ich akzeptiere die Datenschutzerkl\u00e4rung\" required ><label class=\"wpforms-field-label-inline\" for=\"wpforms-37-field_3_1\">Ich akzeptiere die Datenschutzerkl\u00e4rung<\/label><\/li><\/ul><div class=\"wpforms-field-description wpforms-disclaimer-description\"><a href=\"https:\/\/jczeller.com\/de\/datenschutz\/\" title=\"Datenschutz\">Lesen Sie die Datenschutzerkl\u00e4rung hier.<\/a><\/div><\/div><\/div><!-- .wpforms-field-container --><div class=\"wpforms-recaptcha-container wpforms-is-hcaptcha\" ><div class=\"h-captcha\" data-sitekey=\"e9d27d40-23b8-4e40-9334-a31c51461868\"><\/div><input type=\"text\" name=\"g-recaptcha-hidden\" class=\"wpforms-recaptcha-hidden\" style=\"position:absolute!important;clip:rect(0,0,0,0)!important;height:1px!important;width:1px!important;border:0!important;overflow:hidden!important;padding:0!important;margin:0!important;\" data-rule-hcaptcha=\"1\"><\/div><div class=\"wpforms-submit-container\" ><input type=\"hidden\" name=\"wpforms[id]\" value=\"37\"><input type=\"hidden\" name=\"page_title\" value=\"\"><input type=\"hidden\" name=\"page_url\" value=\"https:\/\/jczeller.com\/de\/wp-json\/wp\/v2\/pages\/118\"><input type=\"hidden\" name=\"url_referer\" value=\"\"><button type=\"submit\" name=\"wpforms[submit]\" id=\"wpforms-submit-37\" class=\"wpforms-submit\" data-alt-text=\"Sending...\" data-submit-text=\"Submit\" aria-live=\"assertive\" value=\"wpforms-submit\">Submit<\/button><img loading=\"lazy\" decoding=\"async\" src=\"https:\/\/jczeller.com\/de\/wp-content\/plugins\/wpforms-lite\/assets\/images\/submit-spin.svg\" class=\"wpforms-submit-spinner\" style=\"display: none;\" width=\"26\" height=\"26\" alt=\"Wird geladen\"><\/div><input\n                    class=\"apbct_special_field apbct_email_id__wp_wpforms\"\n                    name=\"apbct__email_id__wp_wpforms\"\n                    aria-label=\"apbct__label_id__wp_wpforms\"\n                    type=\"text\" size=\"30\" maxlength=\"200\" autocomplete=\"off\"\n                    value=\"\"\n                \/><\/form><\/div>  <!-- .wpforms-container -->\n\n\n<p><\/p>\n","protected":false},"excerpt":{"rendered":"<p>Erzielen Sie messbare Erfolge auf allen Ebenen Als Medienberater unterst\u00fctze ich meine Klienten in allen Bereichen, die mit der \u00f6ffentlichen Wahrnehmung ihres Unternehmens zu tun haben. Daf\u00fcr erschaffe ich individuelle, strategische Medienl\u00f6sungen, die schnelle und langanhaltende Effekte versprechen. Ich bringe mehr als zehn Jahre Erfahrung und genau die richtigen Skills mit, um meinen Klienten ans &hellip; <\/p>\n<p class=\"link-more\"><a href=\"https:\/\/jczeller.com\/de\/medienberatung\/\" class=\"more-link\">Mehr <span class=\"screen-reader-text\">\u00fcber &#8222;Medienberatung&#8220; <\/span>Lesen<\/a><\/p>\n","protected":false},"author":1,"featured_media":637,"parent":0,"menu_order":0,"comment_status":"closed","ping_status":"closed","template":"","meta":{"inspiro_hide_title":false,"footnotes":""},"class_list":["post-118","page","type-page","status-publish","has-post-thumbnail","hentry"],"yoast_head":"<!-- This site is optimized with the Yoast SEO plugin v27.4 - https:\/\/yoast.com\/product\/yoast-seo-wordpress\/ -->\n<title>Medienberater \u2022 Media Consulting \u2022 Social Media &amp; mehr<\/title>\n<meta name=\"description\" content=\"Als Medienberater unterst\u00fctzte ich Sie mit Consulting f\u00fcr Brand Awareness, PR-Krisenberatung, Social Media Marketing und mehr!\" \/>\n<meta name=\"robots\" content=\"index, follow, max-snippet:-1, max-image-preview:large, max-video-preview:-1\" \/>\n<link rel=\"canonical\" href=\"https:\/\/jczeller.com\/de\/medienberatung\/\" \/>\n<meta property=\"og:locale\" content=\"de_DE\" \/>\n<meta property=\"og:type\" content=\"article\" \/>\n<meta property=\"og:title\" content=\"Strategische Medienberatung\" \/>\n<meta property=\"og:description\" content=\"Finden Sie heraus, wie Sie durch bessere Brand Awareness neue Ums\u00e4tze generieren k\u00f6nnen.\" \/>\n<meta property=\"og:url\" content=\"https:\/\/jczeller.com\/de\/medienberatung\/\" \/>\n<meta property=\"og:site_name\" content=\"Ihr SEO-Berater und Copywriter.\" \/>\n<meta property=\"article:modified_time\" content=\"2025-12-11T13:46:28+00:00\" \/>\n<meta property=\"og:image\" content=\"https:\/\/jczeller.com\/de\/wp-content\/uploads\/2025\/02\/strategische-medienberatung.jpg\" \/>\n\t<meta property=\"og:image:width\" content=\"1750\" \/>\n\t<meta property=\"og:image:height\" content=\"1000\" \/>\n\t<meta property=\"og:image:type\" content=\"image\/jpeg\" \/>\n<meta name=\"twitter:card\" content=\"summary_large_image\" \/>\n<meta name=\"twitter:title\" content=\"Digital Media Consultant: Verbessern Sie jetzt Ihr Marketing auf Twitter!\" \/>\n<meta name=\"twitter:description\" content=\"Finden Sie heraus, wie Sie mit Twitter und Co. neue Ums\u00e4tze generieren k\u00f6nnen \u2013 Ihr pers\u00f6nlicher Medienberater.\" \/>\n<meta name=\"twitter:image\" content=\"https:\/\/jczeller.com\/de\/wp-content\/uploads\/2021\/09\/media-consulting-header.jpg\" \/>\n<meta name=\"twitter:label1\" content=\"Gesch\u00e4tzte Lesezeit\" \/>\n\t<meta name=\"twitter:data1\" content=\"4\u00a0Minuten\" \/>\n<script type=\"application\/ld+json\" class=\"yoast-schema-graph\">{\"@context\":\"https:\\\/\\\/schema.org\",\"@graph\":[{\"@type\":\"WebPage\",\"@id\":\"https:\\\/\\\/jczeller.com\\\/de\\\/medienberatung\\\/\",\"url\":\"https:\\\/\\\/jczeller.com\\\/de\\\/medienberatung\\\/\",\"name\":\"Medienberater \u2022 Media Consulting \u2022 Social Media & mehr\",\"isPartOf\":{\"@id\":\"https:\\\/\\\/jczeller.com\\\/de\\\/#website\"},\"primaryImageOfPage\":{\"@id\":\"https:\\\/\\\/jczeller.com\\\/de\\\/medienberatung\\\/#primaryimage\"},\"image\":{\"@id\":\"https:\\\/\\\/jczeller.com\\\/de\\\/medienberatung\\\/#primaryimage\"},\"thumbnailUrl\":\"https:\\\/\\\/jczeller.com\\\/de\\\/wp-content\\\/uploads\\\/2025\\\/02\\\/strategische-medienberatung.jpg\",\"datePublished\":\"2021-09-17T15:08:00+00:00\",\"dateModified\":\"2025-12-11T13:46:28+00:00\",\"description\":\"Als Medienberater unterst\u00fctzte ich Sie mit Consulting f\u00fcr Brand Awareness, PR-Krisenberatung, Social Media Marketing und mehr!\",\"breadcrumb\":{\"@id\":\"https:\\\/\\\/jczeller.com\\\/de\\\/medienberatung\\\/#breadcrumb\"},\"inLanguage\":\"de\",\"potentialAction\":[{\"@type\":\"ReadAction\",\"target\":[\"https:\\\/\\\/jczeller.com\\\/de\\\/medienberatung\\\/\"]}]},{\"@type\":\"ImageObject\",\"inLanguage\":\"de\",\"@id\":\"https:\\\/\\\/jczeller.com\\\/de\\\/medienberatung\\\/#primaryimage\",\"url\":\"https:\\\/\\\/jczeller.com\\\/de\\\/wp-content\\\/uploads\\\/2025\\\/02\\\/strategische-medienberatung.jpg\",\"contentUrl\":\"https:\\\/\\\/jczeller.com\\\/de\\\/wp-content\\\/uploads\\\/2025\\\/02\\\/strategische-medienberatung.jpg\",\"width\":1750,\"height\":1000,\"caption\":\"Ein Foto von einem Graffiti, das Schachfiguren zeigt\"},{\"@type\":\"BreadcrumbList\",\"@id\":\"https:\\\/\\\/jczeller.com\\\/de\\\/medienberatung\\\/#breadcrumb\",\"itemListElement\":[{\"@type\":\"ListItem\",\"position\":1,\"name\":\"Startseite\",\"item\":\"https:\\\/\\\/jczeller.com\\\/de\\\/\"},{\"@type\":\"ListItem\",\"position\":2,\"name\":\"Medienberatung\"}]},{\"@type\":\"WebSite\",\"@id\":\"https:\\\/\\\/jczeller.com\\\/de\\\/#website\",\"url\":\"https:\\\/\\\/jczeller.com\\\/de\\\/\",\"name\":\"Ihr SEO-Berater und Copywriter.\",\"description\":\"Kreativit\u00e4t trifft Expertise\",\"publisher\":{\"@id\":\"https:\\\/\\\/jczeller.com\\\/de\\\/#organization\"},\"potentialAction\":[{\"@type\":\"SearchAction\",\"target\":{\"@type\":\"EntryPoint\",\"urlTemplate\":\"https:\\\/\\\/jczeller.com\\\/de\\\/?s={search_term_string}\"},\"query-input\":{\"@type\":\"PropertyValueSpecification\",\"valueRequired\":true,\"valueName\":\"search_term_string\"}}],\"inLanguage\":\"de\"},{\"@type\":\"Organization\",\"@id\":\"https:\\\/\\\/jczeller.com\\\/de\\\/#organization\",\"name\":\"Ihr SEO-Berater und Copywriter.\",\"url\":\"https:\\\/\\\/jczeller.com\\\/de\\\/\",\"logo\":{\"@type\":\"ImageObject\",\"inLanguage\":\"de\",\"@id\":\"https:\\\/\\\/jczeller.com\\\/de\\\/#\\\/schema\\\/logo\\\/image\\\/\",\"url\":\"https:\\\/\\\/jczeller.com\\\/de\\\/wp-content\\\/uploads\\\/2021\\\/09\\\/logo-jcz-trans3.png\",\"contentUrl\":\"https:\\\/\\\/jczeller.com\\\/de\\\/wp-content\\\/uploads\\\/2021\\\/09\\\/logo-jcz-trans3.png\",\"width\":561,\"height\":881,\"caption\":\"Ihr SEO-Berater und Copywriter.\"},\"image\":{\"@id\":\"https:\\\/\\\/jczeller.com\\\/de\\\/#\\\/schema\\\/logo\\\/image\\\/\"}}]}<\/script>\n<!-- \/ Yoast SEO plugin. -->","yoast_head_json":{"title":"Medienberater \u2022 Media Consulting \u2022 Social Media & mehr","description":"Als Medienberater unterst\u00fctzte ich Sie mit Consulting f\u00fcr Brand Awareness, PR-Krisenberatung, Social Media Marketing und mehr!","robots":{"index":"index","follow":"follow","max-snippet":"max-snippet:-1","max-image-preview":"max-image-preview:large","max-video-preview":"max-video-preview:-1"},"canonical":"https:\/\/jczeller.com\/de\/medienberatung\/","og_locale":"de_DE","og_type":"article","og_title":"Strategische Medienberatung","og_description":"Finden Sie heraus, wie Sie durch bessere Brand Awareness neue Ums\u00e4tze generieren k\u00f6nnen.","og_url":"https:\/\/jczeller.com\/de\/medienberatung\/","og_site_name":"Ihr SEO-Berater und Copywriter.","article_modified_time":"2025-12-11T13:46:28+00:00","og_image":[{"width":1750,"height":1000,"url":"https:\/\/jczeller.com\/de\/wp-content\/uploads\/2025\/02\/strategische-medienberatung.jpg","type":"image\/jpeg"}],"twitter_card":"summary_large_image","twitter_title":"Digital Media Consultant: Verbessern Sie jetzt Ihr Marketing auf Twitter!","twitter_description":"Finden Sie heraus, wie Sie mit Twitter und Co. neue Ums\u00e4tze generieren k\u00f6nnen \u2013 Ihr pers\u00f6nlicher Medienberater.","twitter_image":"https:\/\/jczeller.com\/de\/wp-content\/uploads\/2021\/09\/media-consulting-header.jpg","twitter_misc":{"Gesch\u00e4tzte Lesezeit":"4\u00a0Minuten"},"schema":{"@context":"https:\/\/schema.org","@graph":[{"@type":"WebPage","@id":"https:\/\/jczeller.com\/de\/medienberatung\/","url":"https:\/\/jczeller.com\/de\/medienberatung\/","name":"Medienberater \u2022 Media Consulting \u2022 Social Media & mehr","isPartOf":{"@id":"https:\/\/jczeller.com\/de\/#website"},"primaryImageOfPage":{"@id":"https:\/\/jczeller.com\/de\/medienberatung\/#primaryimage"},"image":{"@id":"https:\/\/jczeller.com\/de\/medienberatung\/#primaryimage"},"thumbnailUrl":"https:\/\/jczeller.com\/de\/wp-content\/uploads\/2025\/02\/strategische-medienberatung.jpg","datePublished":"2021-09-17T15:08:00+00:00","dateModified":"2025-12-11T13:46:28+00:00","description":"Als Medienberater unterst\u00fctzte ich Sie mit Consulting f\u00fcr Brand Awareness, PR-Krisenberatung, Social Media Marketing und mehr!","breadcrumb":{"@id":"https:\/\/jczeller.com\/de\/medienberatung\/#breadcrumb"},"inLanguage":"de","potentialAction":[{"@type":"ReadAction","target":["https:\/\/jczeller.com\/de\/medienberatung\/"]}]},{"@type":"ImageObject","inLanguage":"de","@id":"https:\/\/jczeller.com\/de\/medienberatung\/#primaryimage","url":"https:\/\/jczeller.com\/de\/wp-content\/uploads\/2025\/02\/strategische-medienberatung.jpg","contentUrl":"https:\/\/jczeller.com\/de\/wp-content\/uploads\/2025\/02\/strategische-medienberatung.jpg","width":1750,"height":1000,"caption":"Ein Foto von einem Graffiti, das Schachfiguren zeigt"},{"@type":"BreadcrumbList","@id":"https:\/\/jczeller.com\/de\/medienberatung\/#breadcrumb","itemListElement":[{"@type":"ListItem","position":1,"name":"Startseite","item":"https:\/\/jczeller.com\/de\/"},{"@type":"ListItem","position":2,"name":"Medienberatung"}]},{"@type":"WebSite","@id":"https:\/\/jczeller.com\/de\/#website","url":"https:\/\/jczeller.com\/de\/","name":"Ihr SEO-Berater und Copywriter.","description":"Kreativit\u00e4t trifft Expertise","publisher":{"@id":"https:\/\/jczeller.com\/de\/#organization"},"potentialAction":[{"@type":"SearchAction","target":{"@type":"EntryPoint","urlTemplate":"https:\/\/jczeller.com\/de\/?s={search_term_string}"},"query-input":{"@type":"PropertyValueSpecification","valueRequired":true,"valueName":"search_term_string"}}],"inLanguage":"de"},{"@type":"Organization","@id":"https:\/\/jczeller.com\/de\/#organization","name":"Ihr SEO-Berater und Copywriter.","url":"https:\/\/jczeller.com\/de\/","logo":{"@type":"ImageObject","inLanguage":"de","@id":"https:\/\/jczeller.com\/de\/#\/schema\/logo\/image\/","url":"https:\/\/jczeller.com\/de\/wp-content\/uploads\/2021\/09\/logo-jcz-trans3.png","contentUrl":"https:\/\/jczeller.com\/de\/wp-content\/uploads\/2021\/09\/logo-jcz-trans3.png","width":561,"height":881,"caption":"Ihr SEO-Berater und Copywriter."},"image":{"@id":"https:\/\/jczeller.com\/de\/#\/schema\/logo\/image\/"}}]}},"_links":{"self":[{"href":"https:\/\/jczeller.com\/de\/wp-json\/wp\/v2\/pages\/118","targetHints":{"allow":["GET"]}}],"collection":[{"href":"https:\/\/jczeller.com\/de\/wp-json\/wp\/v2\/pages"}],"about":[{"href":"https:\/\/jczeller.com\/de\/wp-json\/wp\/v2\/types\/page"}],"author":[{"embeddable":true,"href":"https:\/\/jczeller.com\/de\/wp-json\/wp\/v2\/users\/1"}],"replies":[{"embeddable":true,"href":"https:\/\/jczeller.com\/de\/wp-json\/wp\/v2\/comments?post=118"}],"version-history":[{"count":14,"href":"https:\/\/jczeller.com\/de\/wp-json\/wp\/v2\/pages\/118\/revisions"}],"predecessor-version":[{"id":825,"href":"https:\/\/jczeller.com\/de\/wp-json\/wp\/v2\/pages\/118\/revisions\/825"}],"wp:featuredmedia":[{"embeddable":true,"href":"https:\/\/jczeller.com\/de\/wp-json\/wp\/v2\/media\/637"}],"wp:attachment":[{"href":"https:\/\/jczeller.com\/de\/wp-json\/wp\/v2\/media?parent=118"}],"curies":[{"name":"wp","href":"https:\/\/api.w.org\/{rel}","templated":true}]}}