{"id":128,"date":"2025-12-09T17:25:00","date_gmt":"2025-12-09T16:25:00","guid":{"rendered":"https:\/\/jczeller.com\/de\/?page_id=128"},"modified":"2025-12-11T16:38:42","modified_gmt":"2025-12-11T15:38:42","slug":"seo-texter-finden","status":"publish","type":"page","link":"https:\/\/jczeller.com\/de\/seo-texter-finden\/","title":{"rendered":"SEO Beratung"},"content":{"rendered":"\n<h2 class=\"wp-block-heading\"><strong>Verbessern Sie jetzt die organische Reichweite Ihres Unternehmens!<\/strong><\/h2>\n\n\n\n<p class=\"has-medium-font-size\">Der Grund f\u00fcr Suchmaschinenoptimierung (SEO) beginnt mit einer simplen Rechnung: Wenn Ihre Website auf Google als Resultat #4 aufscheint, anstelle von #1, wenn Nutzer nach einer bestimmten Phrase suchen, <a href=\"https:\/\/www.smartinsights.com\/search-engine-optimisation-seo\/seo-analytics\/comparison-of-google-clickthrough-rates-by-position\/\" target=\"_blank\" rel=\"noreferrer noopener\">dann erhalten Sie nur ein Viertel der organischen Besucher<\/a>, die Sie erhalten k\u00f6nnten. Und falls Ihr Online-Unternehmen bei den wichtigsten Suchphrasen f\u00fcr Ihre Produkte oder Dienstleistungen gar nicht auf der ersten Seite der gro\u00dfen Suchmaschinen aufscheint, verlieren Sie organischen Traffic \u2013 und somit Ums\u00e4tze!<\/p>\n\n\n\n<p>Als SEO-Experte bin ich darauf spezialisiert, meine Klienten dabei zu unterst\u00fctzen, die wertvollsten Suchphrasen und Keywords ihrer Branche zu identifizieren und ihre Websites f\u00fcr bessere Suchmaschinen-Reichweite zu optimieren. Um einen bestm\u00f6glichen Wettbewerbsvorteil zu garantieren, integriere ich die neuesten <strong><a href=\"https:\/\/jczeller.com\/de\/ai-consultant\/\">KI-Tools<\/a><\/strong> in meine SEO-Strategien. Als erfahrener <strong><a href=\"https:\/\/jczeller.com\/de\/werbetexte\/\">Werbetexter<\/a><\/strong> mit Hintergrund in der Webentwicklung bringe ich genau die richtigen Skills mit, um Ihr Unternehmen in der Suchmaschinenoptimierung auf einen erfolgreichen Kurs zu bringen: von der analytischen Datenauswertung, \u00fcber die Erstellung von <a href=\"https:\/\/jczeller.com\/de\/content-producer\/\"><strong>hochwertigem Online-Content<\/strong><\/a>, bis hin zur Sicherstellung, dass Ihre Website technische Standards erf\u00fcllt und gleichzeitig ein au\u00dfergew\u00f6hnliches Benutzererlebnis bietet. Mit meinem SEO-Know-How, das immer up-to-date ist, und \u00fcberzeugendem kreativen Output bin ich in der Lage, das Suchmaschinen-Ranking Ihres Unternehmens zuverl\u00e4ssige zu verbessern und Ihre Website f\u00fcr h\u00f6here organische Ums\u00e4tze zu optimieren.<\/p>\n\n\n\n<p><strong><a href=\"#kontakt\">Kontaktieren Sie mich jetzt f\u00fcr eine unverbindliche Erstberatung<\/a><\/strong>.<\/p>\n\n\n\n<h3 class=\"wp-block-heading\">Schritt #1: Die SEO-Bed\u00fcrfnisse Ihres Unternehmens verstehen<\/h3>\n\n\n\n<p class=\"has-medium-font-size\">Ganz gleich, ob Sie in einer Nische t\u00e4tig sind oder sich in einem hart umk\u00e4mpften Markt behaupten m\u00fcssen \u2013 meine professionellen SEO-Leistungen f\u00fchren Ihr Online-Business zum Erfolg: zuverl\u00e4ssig, transparent und zu fairen Konditionen.<\/p>\n\n\n\n<p>Suchmaschinenoptimierung ist ein Handwerk, das eine individuelle Herangehensweise erfordert. Je nach Gesch\u00e4ftsmodell und Wettbewerbsumfeld kann Ihr SEO-Erfolg von nur wenigen gezielten Anpassungen abh\u00e4ngen \u2013 oder eine fortlaufende Strategie erfordern, um Mitbewerbern, die ihre Websites kontinuierlich optimieren, einen Schritt voraus zu bleiben.<\/p>\n\n\n\n<p>Als ersten Schritt empfehle ich ein <strong><a href=\"https:\/\/jczeller.com\/de\/seo-audit\/\">professionelles SEO-Audit<\/a><\/strong>. Es liefert eine pr\u00e4zise Analyse Ihrer aktuellen organischen Reichweite, der technischen Leistung und der Keyword-Positionierung Ihrer Website sowie wertvolle Einblicke in Ihre wichtigsten Wettbewerber. Dieses Audit bildet die Grundlage f\u00fcr einen konkreten Plan, mit dem Ihr Unternehmen langfristig maximale Sichtbarkeit bei Google und anderen Suchmaschinen erreicht.<\/p>\n\n\n\n<div class=\"wp-block-buttons is-layout-flex wp-block-buttons-is-layout-flex\">\n<div class=\"wp-block-button\"><a class=\"wp-block-button__link wp-element-button\" href=\"https:\/\/jczeller.com\/de\/seo-audit\/\">Jetzt SEO-Audit buchen<\/a><\/div>\n<\/div>\n\n\n\n<h2 class=\"wp-block-heading\">SEO Consulting &amp; Texte \u2014 F\u00fcr Sie ma\u00dfgeschneidert<\/h2>\n\n\n\n<p class=\"has-medium-font-size\">Ich biete erfolgsorientierte L\u00f6sungen f\u00fcr alle technischen, analytischen und kreativen Ma\u00dfnahmen in Sachen SEO und unterst\u00fctze Sie in allen Angelegenheiten zur Steigerung des Erfolgs Ihres Online-Unternehmens.<\/p>\n\n\n\n<p>Mein Angebot beinhaltet alle notwendigen Schritte, um eine bessere Reichweite bei Suchmaschinen zu erzielen:<\/p>\n\n\n\n<ul class=\"wp-block-list\">\n<li><strong>Professionelle Keyword Recherche &amp; Konkurrenzanalyse<\/strong>: Finden Sie heraus, welche Suchphrasen f\u00fcr Ihre Produkte und Dienstleistungen entscheidend sind und mit welcher Konkurrenz Sie es zu tun haben. Identifizieren Sie die Keywords mit dem besten Potenzial f\u00fcr hohe organische Reichweite.<\/li>\n\n\n\n<li><strong>Semantic Mapping &amp; Keyword-Zuordnung: <\/strong>Erhalten Sie eine strukturierte Semantic Map aller Keywords, die f\u00fcr Ihre Branche relevant sind \u2013 inklusive Vorschl\u00e4ge f\u00fcr die Zuordnung zu einzelnen Landing Pages.<\/li>\n\n\n\n<li><strong>Optimierung von Landing Pages:<\/strong> Optimieren Sie den Text, die Grafik, die Ladezeiten, den Informationsfluss, die Calls-to-Action, sowie die Meta- und OG-Daten Ihrer Website, sowohl f\u00fcr die relevanten Keywords, als auch f\u00fcr ein rundum zufriedenstellendes Nutzererlebnis, hohe Click-Through Raten und ein Maximum an organischen Conversion.<\/li>\n\n\n\n<li><strong>SEO Texte &amp; Digitale Content Produktion: <\/strong>Gewinnen Sie neue Kunden mit \u00fcberzeugenden, suchmaschinenoptimierten Texten f\u00fcr Ihre neuen und bestehenden Landingpages. Ver\u00f6ffentlichen Sie hochqualitativen digitalen Content, um langfristige Effekte zu erzielen.<\/li>\n\n\n\n<li><strong>Social Media Betreuung &amp; <a href=\"https:\/\/jczeller.com\/de\/linkbuilding\/\">Linkbuilding<\/a>:<\/strong> Verbessern Sie das Backlink-Profil Ihrer Website mit Gastbeitr\u00e4gen und Advertorials in zielgruppenrelevanten Portalen. Gewinnen Sie neue Kunden durch Social Media Kampagnen mit erstaunlicher Reichweite.<\/li>\n\n\n\n<li><strong>Technische SEO &amp; Erfolgsmessung<\/strong>: Garantieren Sie eine reibungslose Anbindung Ihrer Website an Ihre Social Media Profile, sowie an die wichtigsten Tools zur Erfolgsmessung, wie zum Beispiel Google Analytics und Tag Manager. Implementieren Sie neue Inhalte direkt in Ihr Content-Management-System, WordPress oder den Code Ihrer Website.<\/li>\n<\/ul>\n\n\n\n<p>Finden Sie jetzt heraus, was Sie tun k\u00f6nnen, damit Ihr Online-Unternehmen sein volles Potenzial entfaltet! Eine SEO-Erstberatung ist kostenlos und vollkommen unverbindlich.<\/p>\n\n\n\n<p><a href=\"#kontakt\"><strong>Kontaktieren Sie mich f\u00fcr Vorschl\u00e4ge, wie Sie Ihr Google-Ranking verbessern k\u00f6nnen!<\/strong> <\/a><\/p>\n\n\n\n<p><strong><a href=\"https:\/\/jczeller.com\/de\/seo-kleinunternehmen\/#testimonials\">Empfehlungen von Klienten<\/a><\/strong><\/p>\n\n\n\n<h2 class=\"wp-block-heading\"><strong>Generative Engine Optimization: Verschaffen Sie sich einen Vorteil in der KI-gest\u00fctzten Suche<\/strong><\/h2>\n\n\n\n<p>KI-Assistenten wie ChatGPT, Gemini und neue generative Suchwerkzeuge verlassen sich nicht mehr ausschlie\u00dflich auf klassische Ranking-Signale. Sie lernen aus Diskussionen, Nutzermeinungen und Markensignalen im gesamten Web. Im Rahmen meiner Beratung unterst\u00fctze ich Sie dabei, Ihr Unternehmen in KI-generierten Antworten klar und korrekt zu positionieren \u2013 ein zunehmend wichtiger Faktor f\u00fcr Sichtbarkeit jenseits von Google.<\/p>\n\n\n\n<p><strong><a href=\"https:\/\/jczeller.com\/de\/generative-engine-optimization\/\">Erfahren Sie mehr \u00fcber GEO<\/a><\/strong><\/p>\n\n\n\n<p><\/p>\n\n\n\n<h2 class=\"wp-block-heading\">SEO Spezialist &amp; Online-Unternehmer mit mehr als 15 Jahren Erfahrung<\/h2>\n\n\n\n<figure class=\"wp-block-image aligncenter size-full is-resized\"><img loading=\"lazy\" decoding=\"async\" width=\"400\" height=\"402\" src=\"https:\/\/jczeller.com\/de\/wp-content\/uploads\/2021\/09\/portrait-round.png\" alt=\"\" class=\"wp-image-43\" style=\"width:200px;height:201px\" srcset=\"https:\/\/jczeller.com\/de\/wp-content\/uploads\/2021\/09\/portrait-round.png 400w, https:\/\/jczeller.com\/de\/wp-content\/uploads\/2021\/09\/portrait-round-150x150.png 150w\" sizes=\"auto, (max-width: 400px) 100vw, 400px\" \/><\/figure>\n\n\n\n<p>Als \u2018Digital Native\u2019 unterst\u00fctzte ich meine Freunde und Klienten seit vielen Jahren dabei, ihre Online-Projekte zu planen, zu entwickeln und umzusetzen. Mittlerweile spezialisiere ich mich auf SEO und das Schreiben von Werbetexten f\u00fcr ein internationales Klientel. Durch meine jahrelange Erfahrung in den Bereichen Webentwicklung bin ich mit dem Backend von WordPress und anderen Content-Management-Systemen bestens vertraut. F\u00fcr gr\u00f6\u00dfere Projekte setze ich auf die Synergie mit Grafikern, Designern und Programmierern, und k\u00fcmmere mich um einen reibungslosen Ablauf.<\/p>\n\n\n\n<p><strong><a href=\"https:\/\/jczeller.com\/de\/about-jczeller\/\">Weiterlesen\u2026<\/a><\/strong><\/p>\n\n\n\n<h2 class=\"wp-block-heading\">SEO Tipps &amp; Tutorials<\/h2>\n\n\n\n<p>In meinem <a href=\"https:\/\/jczeller.com\/de\/blog\/\">SEO-Blog<\/a> teile ich gelegentlich mein Expertenwissen und biete Do-It-Yourself Tutorials, mit denen Sie selbst die Reichweite Ihrer Website verbessern k\u00f6nnen. Hier finden Sie den letzten Beitrag:<\/p>\n\n\n\n<figure class=\"wp-block-embed is-type-wp-embed is-provider-ihr-seo-berater-und-copywriter wp-block-embed-ihr-seo-berater-und-copywriter\"><div class=\"wp-block-embed__wrapper\">\n<blockquote class=\"wp-embedded-content\" data-secret=\"eDmjcY1ExL\"><a href=\"https:\/\/jczeller.com\/de\/2024\/06\/07\/singularity-loading-bar15\/\">Google-Leak, Skeptizismus und Theorien zur Zukunft der KI<\/a><\/blockquote><iframe loading=\"lazy\" class=\"wp-embedded-content\" sandbox=\"allow-scripts\" security=\"restricted\" style=\"position: absolute; visibility: hidden;\" title=\"&#8222;Google-Leak, Skeptizismus und Theorien zur Zukunft der KI&#8220; &#8211; Ihr SEO-Berater und Copywriter.\" src=\"https:\/\/jczeller.com\/de\/2024\/06\/07\/singularity-loading-bar15\/embed\/#?secret=HkoekHwT78#?secret=eDmjcY1ExL\" data-secret=\"eDmjcY1ExL\" width=\"600\" height=\"338\" frameborder=\"0\" marginwidth=\"0\" marginheight=\"0\" scrolling=\"no\"><\/iframe>\n<\/div><\/figure>\n\n\n\n<h2 class=\"wp-block-heading\" id=\"kontakt\">Verbessern Sie jetzt Ihr Suchmaschinen-Ranking!<\/h2>\n\n\n\n<p class=\"has-medium-font-size\">Suchen Sie nach einem SEO-Experten, der Ihnen ma\u00dfgeschneiderte L\u00f6sungen anbietet, um Ihr Suchmaschinen-Ranking zu verbessern? Dann kontaktieren Sie mich hier:<\/p>\n\n\n<div class=\"wpforms-container wpforms-container-full wpforms-block wpforms-block-d7d92431-67bd-4913-b5b6-41d3b61f9881\" id=\"wpforms-37\"><form id=\"wpforms-form-37\" class=\"wpforms-validate wpforms-form wpforms-ajax-form\" data-formid=\"37\" method=\"post\" enctype=\"multipart\/form-data\" action=\"\/de\/wp-json\/wp\/v2\/pages\/128\" data-token=\"c4da3a434a02cab2cd887dff89245eab\" data-token-time=\"1776266994\"><noscript class=\"wpforms-error-noscript\">Bitte aktiviere JavaScript in deinem Browser, um dieses Formular fertigzustellen.<\/noscript><div class=\"wpforms-field-container\"><div id=\"wpforms-37-field_0-container\" class=\"wpforms-field wpforms-field-name\" data-field-id=\"0\"><label class=\"wpforms-field-label\" for=\"wpforms-37-field_0\">Name <span class=\"wpforms-required-label\">*<\/span><\/label><input type=\"text\" id=\"wpforms-37-field_0\" class=\"wpforms-field-medium wpforms-field-required\" name=\"wpforms[fields][0]\" required><\/div><div id=\"wpforms-37-field_1-container\" class=\"wpforms-field wpforms-field-email\" data-field-id=\"1\"><label class=\"wpforms-field-label\" for=\"wpforms-37-field_1\">Email <span class=\"wpforms-required-label\">*<\/span><\/label><input type=\"email\" id=\"wpforms-37-field_1\" class=\"wpforms-field-medium wpforms-field-required\" name=\"wpforms[fields][1]\" spellcheck=\"false\" required><\/div><div id=\"wpforms-37-field_2-container\" class=\"wpforms-field wpforms-field-textarea\" data-field-id=\"2\"><label class=\"wpforms-field-label\" for=\"wpforms-37-field_2\">Ihre Nachricht <span class=\"wpforms-required-label\">*<\/span><\/label><textarea id=\"wpforms-37-field_2\" class=\"wpforms-field-medium wpforms-field-required\" name=\"wpforms[fields][2]\" required><\/textarea><\/div><div id=\"wpforms-37-field_3-container\" class=\"wpforms-field wpforms-field-checkbox\" data-field-id=\"3\"><label class=\"wpforms-field-label\">Datenschutzerkl\u00e4rung <span class=\"wpforms-required-label\">*<\/span><\/label><ul id=\"wpforms-37-field_3\" class=\"wpforms-field-required\"><li class=\"choice-1 depth-1\"><input type=\"checkbox\" id=\"wpforms-37-field_3_1\" name=\"wpforms[fields][3][]\" value=\"Ich akzeptiere die Datenschutzerkl\u00e4rung\" required ><label class=\"wpforms-field-label-inline\" for=\"wpforms-37-field_3_1\">Ich akzeptiere die Datenschutzerkl\u00e4rung<\/label><\/li><\/ul><div class=\"wpforms-field-description wpforms-disclaimer-description\"><a href=\"https:\/\/jczeller.com\/de\/datenschutz\/\" title=\"Datenschutz\">Lesen Sie die Datenschutzerkl\u00e4rung hier.<\/a><\/div><\/div><\/div><!-- .wpforms-field-container --><div class=\"wpforms-recaptcha-container wpforms-is-hcaptcha\" ><div class=\"h-captcha\" data-sitekey=\"e9d27d40-23b8-4e40-9334-a31c51461868\"><\/div><input type=\"text\" name=\"g-recaptcha-hidden\" class=\"wpforms-recaptcha-hidden\" style=\"position:absolute!important;clip:rect(0,0,0,0)!important;height:1px!important;width:1px!important;border:0!important;overflow:hidden!important;padding:0!important;margin:0!important;\" data-rule-hcaptcha=\"1\"><\/div><div class=\"wpforms-submit-container\" ><input type=\"hidden\" name=\"wpforms[id]\" value=\"37\"><input type=\"hidden\" name=\"page_title\" value=\"\"><input type=\"hidden\" name=\"page_url\" value=\"https:\/\/jczeller.com\/de\/wp-json\/wp\/v2\/pages\/128\"><input type=\"hidden\" name=\"url_referer\" value=\"\"><button type=\"submit\" name=\"wpforms[submit]\" id=\"wpforms-submit-37\" class=\"wpforms-submit\" data-alt-text=\"Sending...\" data-submit-text=\"Submit\" aria-live=\"assertive\" value=\"wpforms-submit\">Submit<\/button><img loading=\"lazy\" decoding=\"async\" src=\"https:\/\/jczeller.com\/de\/wp-content\/plugins\/wpforms-lite\/assets\/images\/submit-spin.svg\" class=\"wpforms-submit-spinner\" style=\"display: none;\" width=\"26\" height=\"26\" alt=\"Wird geladen\"><\/div><input\n                    class=\"apbct_special_field apbct_email_id__wp_wpforms\"\n                    name=\"apbct__email_id__wp_wpforms\"\n                    aria-label=\"apbct__label_id__wp_wpforms\"\n                    type=\"text\" size=\"30\" maxlength=\"200\" autocomplete=\"off\"\n                    value=\"\"\n                \/><\/form><\/div>  <!-- .wpforms-container -->\n\n\n<p><\/p>\n","protected":false},"excerpt":{"rendered":"<p>Verbessern Sie jetzt die organische Reichweite Ihres Unternehmens! Der Grund f\u00fcr Suchmaschinenoptimierung (SEO) beginnt mit einer simplen Rechnung: Wenn Ihre Website auf Google als Resultat #4 aufscheint, anstelle von #1, wenn Nutzer nach einer bestimmten Phrase suchen, dann erhalten Sie nur ein Viertel der organischen Besucher, die Sie erhalten k\u00f6nnten. Und falls Ihr Online-Unternehmen bei &hellip; <\/p>\n<p class=\"link-more\"><a href=\"https:\/\/jczeller.com\/de\/seo-texter-finden\/\" class=\"more-link\">Mehr <span class=\"screen-reader-text\">\u00fcber &#8222;SEO Beratung&#8220; <\/span>Lesen<\/a><\/p>\n","protected":false},"author":1,"featured_media":543,"parent":0,"menu_order":0,"comment_status":"closed","ping_status":"closed","template":"","meta":{"inspiro_hide_title":false,"footnotes":""},"class_list":["post-128","page","type-page","status-publish","has-post-thumbnail","hentry"],"yoast_head":"<!-- This site is optimized with the Yoast SEO plugin v27.4 - https:\/\/yoast.com\/product\/yoast-seo-wordpress\/ -->\n<title>SEO Texte, die \u00fcberzeugen \u2022 J.C. Zeller, SEO Experte<\/title>\n<meta name=\"description\" content=\"Als erfahrener SEO Experte und Copywriter garantiere ich Ihnen Erfolg in der Suchmaschinenoptimierung \u2013 kostenlose Erstberatung!\" \/>\n<meta name=\"robots\" content=\"index, follow, max-snippet:-1, max-image-preview:large, max-video-preview:-1\" \/>\n<link rel=\"canonical\" href=\"https:\/\/jczeller.com\/de\/seo-texter-finden\/\" \/>\n<meta property=\"og:locale\" content=\"de_DE\" \/>\n<meta property=\"og:type\" content=\"article\" \/>\n<meta property=\"og:title\" content=\"Ihr SEO Spezialist &amp; Copywriter\" \/>\n<meta property=\"og:description\" content=\"M\u00f6chten Sie mit Ihrem Online-Business bessere Reichweite erzielen? Profitieren Sie jetzt von meinem Expertenwissen in Sachen SEO \u2013 zu erschwinglichen Preisen!\" \/>\n<meta property=\"og:url\" content=\"https:\/\/jczeller.com\/de\/seo-texter-finden\/\" \/>\n<meta property=\"og:site_name\" content=\"Ihr SEO-Berater und Copywriter.\" \/>\n<meta property=\"article:modified_time\" content=\"2025-12-11T15:38:42+00:00\" \/>\n<meta property=\"og:image\" content=\"https:\/\/jczeller.com\/de\/wp-content\/uploads\/2024\/12\/seo-graffiti-wall.jpg\" \/>\n\t<meta property=\"og:image:width\" content=\"1792\" \/>\n\t<meta property=\"og:image:height\" content=\"1024\" \/>\n\t<meta property=\"og:image:type\" content=\"image\/jpeg\" \/>\n<meta name=\"twitter:card\" content=\"summary_large_image\" \/>\n<meta name=\"twitter:title\" content=\"Ihr SEO Spezialist &amp; Copywriter\" \/>\n<meta name=\"twitter:description\" content=\"M\u00f6chten Sie mit Ihrem Online-Business bessere Reichweite erzielen? Profitieren Sie jetzt von meinem Expertenwissen in Sachen SEO \u2013 zu erschwinglichen Preisen!\" \/>\n<meta name=\"twitter:image\" content=\"https:\/\/jczeller.com\/de\/wp-content\/uploads\/2021\/09\/seo-header.jpg\" \/>\n<meta name=\"twitter:label1\" content=\"Gesch\u00e4tzte Lesezeit\" \/>\n\t<meta name=\"twitter:data1\" content=\"4\u00a0Minuten\" \/>\n<script type=\"application\/ld+json\" class=\"yoast-schema-graph\">{\"@context\":\"https:\\\/\\\/schema.org\",\"@graph\":[{\"@type\":\"WebPage\",\"@id\":\"https:\\\/\\\/jczeller.com\\\/de\\\/seo-texter-finden\\\/\",\"url\":\"https:\\\/\\\/jczeller.com\\\/de\\\/seo-texter-finden\\\/\",\"name\":\"SEO Texte, die \u00fcberzeugen \u2022 J.C. Zeller, SEO Experte\",\"isPartOf\":{\"@id\":\"https:\\\/\\\/jczeller.com\\\/de\\\/#website\"},\"primaryImageOfPage\":{\"@id\":\"https:\\\/\\\/jczeller.com\\\/de\\\/seo-texter-finden\\\/#primaryimage\"},\"image\":{\"@id\":\"https:\\\/\\\/jczeller.com\\\/de\\\/seo-texter-finden\\\/#primaryimage\"},\"thumbnailUrl\":\"https:\\\/\\\/jczeller.com\\\/de\\\/wp-content\\\/uploads\\\/2024\\\/12\\\/seo-graffiti-wall.jpg\",\"datePublished\":\"2025-12-09T16:25:00+00:00\",\"dateModified\":\"2025-12-11T15:38:42+00:00\",\"description\":\"Als erfahrener SEO Experte und Copywriter garantiere ich Ihnen Erfolg in der Suchmaschinenoptimierung \u2013 kostenlose Erstberatung!\",\"breadcrumb\":{\"@id\":\"https:\\\/\\\/jczeller.com\\\/de\\\/seo-texter-finden\\\/#breadcrumb\"},\"inLanguage\":\"de\",\"potentialAction\":[{\"@type\":\"ReadAction\",\"target\":[\"https:\\\/\\\/jczeller.com\\\/de\\\/seo-texter-finden\\\/\"]}]},{\"@type\":\"ImageObject\",\"inLanguage\":\"de\",\"@id\":\"https:\\\/\\\/jczeller.com\\\/de\\\/seo-texter-finden\\\/#primaryimage\",\"url\":\"https:\\\/\\\/jczeller.com\\\/de\\\/wp-content\\\/uploads\\\/2024\\\/12\\\/seo-graffiti-wall.jpg\",\"contentUrl\":\"https:\\\/\\\/jczeller.com\\\/de\\\/wp-content\\\/uploads\\\/2024\\\/12\\\/seo-graffiti-wall.jpg\",\"width\":1792,\"height\":1024,\"caption\":\"Eine alte Mauer mit einem Graffiti, das eine Suchleiste zeigt\"},{\"@type\":\"BreadcrumbList\",\"@id\":\"https:\\\/\\\/jczeller.com\\\/de\\\/seo-texter-finden\\\/#breadcrumb\",\"itemListElement\":[{\"@type\":\"ListItem\",\"position\":1,\"name\":\"Startseite\",\"item\":\"https:\\\/\\\/jczeller.com\\\/de\\\/\"},{\"@type\":\"ListItem\",\"position\":2,\"name\":\"SEO Beratung\"}]},{\"@type\":\"WebSite\",\"@id\":\"https:\\\/\\\/jczeller.com\\\/de\\\/#website\",\"url\":\"https:\\\/\\\/jczeller.com\\\/de\\\/\",\"name\":\"Ihr SEO-Berater und Copywriter.\",\"description\":\"Kreativit\u00e4t trifft Expertise\",\"publisher\":{\"@id\":\"https:\\\/\\\/jczeller.com\\\/de\\\/#organization\"},\"potentialAction\":[{\"@type\":\"SearchAction\",\"target\":{\"@type\":\"EntryPoint\",\"urlTemplate\":\"https:\\\/\\\/jczeller.com\\\/de\\\/?s={search_term_string}\"},\"query-input\":{\"@type\":\"PropertyValueSpecification\",\"valueRequired\":true,\"valueName\":\"search_term_string\"}}],\"inLanguage\":\"de\"},{\"@type\":\"Organization\",\"@id\":\"https:\\\/\\\/jczeller.com\\\/de\\\/#organization\",\"name\":\"Ihr SEO-Berater und Copywriter.\",\"url\":\"https:\\\/\\\/jczeller.com\\\/de\\\/\",\"logo\":{\"@type\":\"ImageObject\",\"inLanguage\":\"de\",\"@id\":\"https:\\\/\\\/jczeller.com\\\/de\\\/#\\\/schema\\\/logo\\\/image\\\/\",\"url\":\"https:\\\/\\\/jczeller.com\\\/de\\\/wp-content\\\/uploads\\\/2021\\\/09\\\/logo-jcz-trans3.png\",\"contentUrl\":\"https:\\\/\\\/jczeller.com\\\/de\\\/wp-content\\\/uploads\\\/2021\\\/09\\\/logo-jcz-trans3.png\",\"width\":561,\"height\":881,\"caption\":\"Ihr SEO-Berater und Copywriter.\"},\"image\":{\"@id\":\"https:\\\/\\\/jczeller.com\\\/de\\\/#\\\/schema\\\/logo\\\/image\\\/\"}}]}<\/script>\n<!-- \/ Yoast SEO plugin. -->","yoast_head_json":{"title":"SEO Texte, die \u00fcberzeugen \u2022 J.C. Zeller, SEO Experte","description":"Als erfahrener SEO Experte und Copywriter garantiere ich Ihnen Erfolg in der Suchmaschinenoptimierung \u2013 kostenlose Erstberatung!","robots":{"index":"index","follow":"follow","max-snippet":"max-snippet:-1","max-image-preview":"max-image-preview:large","max-video-preview":"max-video-preview:-1"},"canonical":"https:\/\/jczeller.com\/de\/seo-texter-finden\/","og_locale":"de_DE","og_type":"article","og_title":"Ihr SEO Spezialist & Copywriter","og_description":"M\u00f6chten Sie mit Ihrem Online-Business bessere Reichweite erzielen? Profitieren Sie jetzt von meinem Expertenwissen in Sachen SEO \u2013 zu erschwinglichen Preisen!","og_url":"https:\/\/jczeller.com\/de\/seo-texter-finden\/","og_site_name":"Ihr SEO-Berater und Copywriter.","article_modified_time":"2025-12-11T15:38:42+00:00","og_image":[{"width":1792,"height":1024,"url":"https:\/\/jczeller.com\/de\/wp-content\/uploads\/2024\/12\/seo-graffiti-wall.jpg","type":"image\/jpeg"}],"twitter_card":"summary_large_image","twitter_title":"Ihr SEO Spezialist & Copywriter","twitter_description":"M\u00f6chten Sie mit Ihrem Online-Business bessere Reichweite erzielen? Profitieren Sie jetzt von meinem Expertenwissen in Sachen SEO \u2013 zu erschwinglichen Preisen!","twitter_image":"https:\/\/jczeller.com\/de\/wp-content\/uploads\/2021\/09\/seo-header.jpg","twitter_misc":{"Gesch\u00e4tzte Lesezeit":"4\u00a0Minuten"},"schema":{"@context":"https:\/\/schema.org","@graph":[{"@type":"WebPage","@id":"https:\/\/jczeller.com\/de\/seo-texter-finden\/","url":"https:\/\/jczeller.com\/de\/seo-texter-finden\/","name":"SEO Texte, die \u00fcberzeugen \u2022 J.C. Zeller, SEO Experte","isPartOf":{"@id":"https:\/\/jczeller.com\/de\/#website"},"primaryImageOfPage":{"@id":"https:\/\/jczeller.com\/de\/seo-texter-finden\/#primaryimage"},"image":{"@id":"https:\/\/jczeller.com\/de\/seo-texter-finden\/#primaryimage"},"thumbnailUrl":"https:\/\/jczeller.com\/de\/wp-content\/uploads\/2024\/12\/seo-graffiti-wall.jpg","datePublished":"2025-12-09T16:25:00+00:00","dateModified":"2025-12-11T15:38:42+00:00","description":"Als erfahrener SEO Experte und Copywriter garantiere ich Ihnen Erfolg in der Suchmaschinenoptimierung \u2013 kostenlose Erstberatung!","breadcrumb":{"@id":"https:\/\/jczeller.com\/de\/seo-texter-finden\/#breadcrumb"},"inLanguage":"de","potentialAction":[{"@type":"ReadAction","target":["https:\/\/jczeller.com\/de\/seo-texter-finden\/"]}]},{"@type":"ImageObject","inLanguage":"de","@id":"https:\/\/jczeller.com\/de\/seo-texter-finden\/#primaryimage","url":"https:\/\/jczeller.com\/de\/wp-content\/uploads\/2024\/12\/seo-graffiti-wall.jpg","contentUrl":"https:\/\/jczeller.com\/de\/wp-content\/uploads\/2024\/12\/seo-graffiti-wall.jpg","width":1792,"height":1024,"caption":"Eine alte Mauer mit einem Graffiti, das eine Suchleiste zeigt"},{"@type":"BreadcrumbList","@id":"https:\/\/jczeller.com\/de\/seo-texter-finden\/#breadcrumb","itemListElement":[{"@type":"ListItem","position":1,"name":"Startseite","item":"https:\/\/jczeller.com\/de\/"},{"@type":"ListItem","position":2,"name":"SEO Beratung"}]},{"@type":"WebSite","@id":"https:\/\/jczeller.com\/de\/#website","url":"https:\/\/jczeller.com\/de\/","name":"Ihr SEO-Berater und Copywriter.","description":"Kreativit\u00e4t trifft Expertise","publisher":{"@id":"https:\/\/jczeller.com\/de\/#organization"},"potentialAction":[{"@type":"SearchAction","target":{"@type":"EntryPoint","urlTemplate":"https:\/\/jczeller.com\/de\/?s={search_term_string}"},"query-input":{"@type":"PropertyValueSpecification","valueRequired":true,"valueName":"search_term_string"}}],"inLanguage":"de"},{"@type":"Organization","@id":"https:\/\/jczeller.com\/de\/#organization","name":"Ihr SEO-Berater und Copywriter.","url":"https:\/\/jczeller.com\/de\/","logo":{"@type":"ImageObject","inLanguage":"de","@id":"https:\/\/jczeller.com\/de\/#\/schema\/logo\/image\/","url":"https:\/\/jczeller.com\/de\/wp-content\/uploads\/2021\/09\/logo-jcz-trans3.png","contentUrl":"https:\/\/jczeller.com\/de\/wp-content\/uploads\/2021\/09\/logo-jcz-trans3.png","width":561,"height":881,"caption":"Ihr SEO-Berater und Copywriter."},"image":{"@id":"https:\/\/jczeller.com\/de\/#\/schema\/logo\/image\/"}}]}},"_links":{"self":[{"href":"https:\/\/jczeller.com\/de\/wp-json\/wp\/v2\/pages\/128","targetHints":{"allow":["GET"]}}],"collection":[{"href":"https:\/\/jczeller.com\/de\/wp-json\/wp\/v2\/pages"}],"about":[{"href":"https:\/\/jczeller.com\/de\/wp-json\/wp\/v2\/types\/page"}],"author":[{"embeddable":true,"href":"https:\/\/jczeller.com\/de\/wp-json\/wp\/v2\/users\/1"}],"replies":[{"embeddable":true,"href":"https:\/\/jczeller.com\/de\/wp-json\/wp\/v2\/comments?post=128"}],"version-history":[{"count":13,"href":"https:\/\/jczeller.com\/de\/wp-json\/wp\/v2\/pages\/128\/revisions"}],"predecessor-version":[{"id":838,"href":"https:\/\/jczeller.com\/de\/wp-json\/wp\/v2\/pages\/128\/revisions\/838"}],"wp:featuredmedia":[{"embeddable":true,"href":"https:\/\/jczeller.com\/de\/wp-json\/wp\/v2\/media\/543"}],"wp:attachment":[{"href":"https:\/\/jczeller.com\/de\/wp-json\/wp\/v2\/media?parent=128"}],"curies":[{"name":"wp","href":"https:\/\/api.w.org\/{rel}","templated":true}]}}