{"id":181,"date":"2021-10-06T14:13:59","date_gmt":"2021-10-06T12:13:59","guid":{"rendered":"https:\/\/jczeller.com\/de\/?page_id=181"},"modified":"2025-02-25T16:19:24","modified_gmt":"2025-02-25T15:19:24","slug":"testimonials","status":"publish","type":"page","link":"https:\/\/jczeller.com\/de\/testimonials\/","title":{"rendered":"Testimonials"},"content":{"rendered":"\n<h2 class=\"wp-block-heading\"><strong>Feedback von meinen Klienten<\/strong><\/h2>\n\n\n\n<p class=\"has-medium-font-size\">Hier finden Sie eine Auswahl von schmeichelhaften R\u00fcckmeldungen, die ich von meinen Klienten als Werbetexter und SEO-Berater erhalten habe.<\/p>\n\n\n\n<p class=\"has-text-align-center has-medium-font-size\"><em>\u201eSowohl die Kolleginnen in London und Dublin als auch ich sind sehr erfreut \u00fcber diese Ver\u00f6ffentlichungen! Die beiden Interviews sind ja aber auch wirklich sehr gelungen \u2013 was mir daran gef\u00e4llt ist, dass sie kein exotisches Fachwissen voraussetzen und auch gar nicht versucht wird, irgendwas kompliziert zu erkl\u00e4ren.\u201c<\/em><\/p>\n\n\n\n<p class=\"has-text-align-center\">\u2013 Miranda A., Researcher<\/p>\n\n\n\n<p class=\"has-text-align-center has-medium-font-size\"><em>\u201eWir bekommen regelm\u00e4\u00dfig \u00fcber 100 Likes pro Post. Jeder mit dem ich dar\u00fcber rede, ist beeindruckt. Du hast da ordentlich was auf die Beine gestellt. Ich bin von Post zu Post beeindruckt. Du bist ein absolutes Genie!\u201c<\/em><\/p>\n\n\n\n<p class=\"has-text-align-center\">\u2013 Manuel S., CEO<\/p>\n\n\n\n<p class=\"has-text-align-center has-medium-font-size\"><em>\u201eEin wirklich ausgezeichneter Artikel, chapeau.\u201c<\/em><\/p>\n\n\n\n<p class=\"has-text-align-center\">\u2013 Dr. Andreas G., Wissenschaftler<\/p>\n\n\n\n<p class=\"has-text-align-center has-medium-font-size\"><em>\u201eWir werden den Text im A2-Format ausdrucken, golden einrahmen und bei uns im B\u00fcro aufh\u00e4ngen \u2014 einfach fantastisch :)\u201c<\/em><\/p>\n\n\n\n<p class=\"has-text-align-center\">\u2013 Peter K., Unternehmer<\/p>\n\n\n\n<p class=\"has-text-align-center has-medium-font-size\"><em>\u201eGelernt ist gelernt. Top, Johannes.\u201c<\/em><\/p>\n\n\n\n<p class=\"has-text-align-center\">\u2013 Heimo S., Einzelunternehmer<\/p>\n\n\n\n<p class=\"has-text-align-center has-medium-font-size\"><em>\u201eDer Text ist grenzgenial, wenn auch traurig! Wir werden ihn auf jeden Fall ver\u00f6ffentlichen.\u201c<\/em><\/p>\n\n\n\n<p class=\"has-text-align-center\">\u2013 Karin Z., Chefredakteurin<\/p>\n\n\n\n<p class=\"has-text-align-center has-medium-font-size\"><em>\u201eBei der Gelegenheit spreche ich dir gleich nochmal meine Bewunderung aus! Wahnsinn!\u201c<\/em><\/p>\n\n\n\n<p class=\"has-text-align-center\">\u2013 Mario R., Autor<\/p>\n\n\n\n<p class=\"has-text-align-center has-medium-font-size\"><em>\u201eWow\u2026 mehr kann ich noch nicht sagen, muss es noch ein paar mal lesen, aber du hast mich tats\u00e4chlich verstanden\ud83e\udd29\ud83e\udd29\ud83e\udd29\ud83e\udd29\ud83e\udd29\u201c<\/em><\/p>\n\n\n\n<p class=\"has-text-align-center\">\u2013 Sabrina W., K\u00fcnstlerin<\/p>\n\n\n\n<p class=\"has-text-align-center has-medium-font-size\"><em>\u201eWir werden den Text im A2-Format ausdrucken, golden einrahmen und bei uns im B\u00fcro aufh\u00e4ngen \u2014 einfach fantastisch :)\u201c<\/em><\/p>\n\n\n\n<p class=\"has-text-align-center\">\u2013 Peter K., Unternehmer<\/p>\n\n\n\n<p class=\"has-text-align-center has-medium-font-size\"><em>\u201eEinfach brilliant. Die Anzeige bringt mich zum Lachen und ber\u00fchrt mich emotional. Brilliant. \u201e<\/em><\/p>\n\n\n\n<p class=\"has-text-align-center\">\u2013 Fatima M., Projektmanager<\/p>\n\n\n\n<p class=\"has-text-align-center has-medium-font-size\"><em>\u201eHey Johannes, du Genie! Die neuen Facebook-Anzeigen die du dir ausgedacht hast heben richtig ab :)\u201c<\/em><\/p>\n\n\n\n<p class=\"has-text-align-center\">\u2013 Steve K., Marketingleiter<\/p>\n\n\n\n<p class=\"has-text-align-center has-medium-font-size\"><em>\u201eYes, Johannes, eine gro\u00dfartige Reaktion auf diese Krise\u2026 ich bin beeindruckt :-)\u201c<\/em><\/p>\n\n\n\n<p class=\"has-text-align-center\">\u2013 Dr. Peter S., CEO<\/p>\n\n\n\n<p class=\"has-text-align-center has-medium-font-size\"><em>\u201eGratulation noch einmal aus einer gut gelaunten Redaktion \u2013 da haben Sie uns ja ordentlich Aufmerksamkeit verschafft!\u201c \u2013<\/em><\/p>\n\n\n\n<p class=\"has-text-align-center\">\u2013 Kurt F., Chefredakteur<\/p>\n\n\n\n<p class=\"has-text-align-center has-medium-font-size\"><em>\u201eTausend Dank \u2014 wie du auf diese Krise reagiert hast ist unbezahlbar (soll hei\u00dfen: <strong>DU <\/strong>bist unbezahlbar.)\u201c<\/em><\/p>\n\n\n\n<p class=\"has-text-align-center\">\u2013 Sandra P., Medizinische Direktorin<\/p>\n\n\n\n<p class=\"has-text-align-center has-medium-font-size\"><em>\u201eEin unglaublich gut formulierter Artikel. Gro\u00dfartige Arbeit. Alles passt zusammen und es schafft genau das Vertrauen, das wir brauchen.\u201c<\/em><\/p>\n\n\n\n<p class=\"has-text-align-center\">\u2013 Carl K., PR Manager<\/p>\n\n\n\n<p class=\"has-text-align-center has-medium-font-size\"><em>\u201eEin toller Text, habe Tr\u00e4nen gelacht \ud83d\ude0a\u201c<\/em><\/p>\n\n\n\n<p class=\"has-text-align-center\">\u2013 Romana R., Publizistin<\/p>\n\n\n\n<p class=\"has-text-align-center has-medium-font-size\"><em>\u201eAn Dich von mir pers\u00f6nlich tausend Dank f\u00fcr Realisierung unserer neuen Website. Ohne Dein Engagement w\u00e4re das nicht m\u00f6glich gewesen. Sehr gute Arbeit.\u201c<\/em><\/p>\n\n\n\n<p class=\"has-text-align-center\">\u2013 Tom N., CEO<\/p>\n\n\n\n<p class=\"has-text-align-center has-medium-font-size\"><em>\u201cDein Skript ist so lustig und \u00fcberzeugend. Ich muss lachen, wenn ich nur daran denke. Das Feedback, das wir soweit erhalten haben, ist \u00fcberw\u00e4ltigend! Ich lese es immer und immer wieder, einfach wow \u2013 danke dir!\u201c<\/em><\/p>\n\n\n\n<p class=\"has-text-align-center\"><em>\u2013 Brian L., Bildungsexperte<\/em><\/p>\n\n\n\n<p class=\"has-text-align-center has-medium-font-size\"><a><em>\u201e<\/em><\/a><em>Wir haben schon so viele neue Bestellungen \u00fcber den Webshop erhalten. Ich verstehe immer noch nicht ganz, wie du das gemacht hast, aber ich bin beeindruckt! Wir sind alle super gl\u00fccklich \u00fcber die zus\u00e4tzlichen Ums\u00e4tze :-)\u201d<\/em><\/p>\n\n\n\n<p class=\"has-text-align-center\"><a>\u2013<\/a> Katharine W., Unternehmerin<\/p>\n\n\n\n<p class=\"has-text-align-center has-medium-font-size\"><em>\u201eDer Ranking-Bericht ist gerade gekommen und er best\u00e4tigt den Trend: immenser Anstieg bei der Sichtbarkeit unserer Website! Das ist ein echter Gamechanger f\u00fcr uns! Danke, dass du das f\u00fcr uns geschafft hast.\u201d<\/em><\/p>\n\n\n\n<p class=\"has-text-align-center\">\u2013 Margret P., Unternehmerin<\/p>\n\n\n\n<p><\/p>\n","protected":false},"excerpt":{"rendered":"<p>Feedback von meinen Klienten Hier finden Sie eine Auswahl von schmeichelhaften R\u00fcckmeldungen, die ich von meinen Klienten als Werbetexter und SEO-Berater erhalten habe. \u201eSowohl die Kolleginnen in London und Dublin als auch ich sind sehr erfreut \u00fcber diese Ver\u00f6ffentlichungen! Die beiden Interviews sind ja aber auch wirklich sehr gelungen \u2013 was mir daran gef\u00e4llt ist, &hellip; <\/p>\n<p class=\"link-more\"><a href=\"https:\/\/jczeller.com\/de\/testimonials\/\" class=\"more-link\">Mehr <span class=\"screen-reader-text\">\u00fcber &#8222;Testimonials&#8220; <\/span>Lesen<\/a><\/p>\n","protected":false},"author":1,"featured_media":689,"parent":0,"menu_order":0,"comment_status":"closed","ping_status":"closed","template":"","meta":{"inspiro_hide_title":false,"footnotes":""},"class_list":["post-181","page","type-page","status-publish","has-post-thumbnail","hentry"],"yoast_head":"<!-- This site is optimized with the Yoast SEO plugin v27.4 - https:\/\/yoast.com\/product\/yoast-seo-wordpress\/ -->\n<title>Testimonials \u2022 Feedback meiner Klienten<\/title>\n<meta name=\"description\" content=\"Feedback &amp; Testimonials: Finden Sie heraus, wie meine Klienten meine Arbeit als SEO-Berater und Copywriter beurteilen. JCZELLER.COM\" \/>\n<meta name=\"robots\" content=\"index, follow, max-snippet:-1, max-image-preview:large, max-video-preview:-1\" \/>\n<link rel=\"canonical\" href=\"https:\/\/jczeller.com\/de\/testimonials\/\" \/>\n<meta property=\"og:locale\" content=\"de_DE\" \/>\n<meta property=\"og:type\" content=\"article\" \/>\n<meta property=\"og:title\" content=\"Schmeichelhaftes Feedback :-)\" \/>\n<meta property=\"og:description\" content=\"Hier finden Sie Testimonials von meinen Klienten, die ich als Werbetexter und SEO-Berater betreue.\" \/>\n<meta property=\"og:url\" content=\"https:\/\/jczeller.com\/de\/testimonials\/\" \/>\n<meta property=\"og:site_name\" content=\"Ihr SEO-Berater und Copywriter.\" \/>\n<meta property=\"article:modified_time\" content=\"2025-02-25T15:19:24+00:00\" \/>\n<meta property=\"og:image\" content=\"https:\/\/jczeller.com\/de\/wp-content\/uploads\/2025\/02\/flattering-feedback.jpg\" \/>\n\t<meta property=\"og:image:width\" content=\"1689\" \/>\n\t<meta property=\"og:image:height\" content=\"965\" \/>\n\t<meta property=\"og:image:type\" content=\"image\/jpeg\" \/>\n<meta name=\"twitter:card\" content=\"summary_large_image\" \/>\n<meta name=\"twitter:title\" content=\"Schmeichelhaftes Feedback :-)\" \/>\n<meta name=\"twitter:description\" content=\"Hier finden Sie Testimonials von meinen Klienten, die ich als Werbetexter und SEO-Berater betreue.\" \/>\n<meta name=\"twitter:image\" content=\"https:\/\/jczeller.com\/de\/wp-content\/uploads\/2021\/10\/header-testimonials.jpg\" \/>\n<meta name=\"twitter:label1\" content=\"Gesch\u00e4tzte Lesezeit\" \/>\n\t<meta name=\"twitter:data1\" content=\"2\u00a0Minuten\" \/>\n<script type=\"application\/ld+json\" class=\"yoast-schema-graph\">{\"@context\":\"https:\\\/\\\/schema.org\",\"@graph\":[{\"@type\":\"WebPage\",\"@id\":\"https:\\\/\\\/jczeller.com\\\/de\\\/testimonials\\\/\",\"url\":\"https:\\\/\\\/jczeller.com\\\/de\\\/testimonials\\\/\",\"name\":\"Testimonials \u2022 Feedback meiner Klienten\",\"isPartOf\":{\"@id\":\"https:\\\/\\\/jczeller.com\\\/de\\\/#website\"},\"primaryImageOfPage\":{\"@id\":\"https:\\\/\\\/jczeller.com\\\/de\\\/testimonials\\\/#primaryimage\"},\"image\":{\"@id\":\"https:\\\/\\\/jczeller.com\\\/de\\\/testimonials\\\/#primaryimage\"},\"thumbnailUrl\":\"https:\\\/\\\/jczeller.com\\\/de\\\/wp-content\\\/uploads\\\/2025\\\/02\\\/flattering-feedback.jpg\",\"datePublished\":\"2021-10-06T12:13:59+00:00\",\"dateModified\":\"2025-02-25T15:19:24+00:00\",\"description\":\"Feedback & Testimonials: Finden Sie heraus, wie meine Klienten meine Arbeit als SEO-Berater und Copywriter beurteilen. JCZELLER.COM\",\"breadcrumb\":{\"@id\":\"https:\\\/\\\/jczeller.com\\\/de\\\/testimonials\\\/#breadcrumb\"},\"inLanguage\":\"de\",\"potentialAction\":[{\"@type\":\"ReadAction\",\"target\":[\"https:\\\/\\\/jczeller.com\\\/de\\\/testimonials\\\/\"]}]},{\"@type\":\"ImageObject\",\"inLanguage\":\"de\",\"@id\":\"https:\\\/\\\/jczeller.com\\\/de\\\/testimonials\\\/#primaryimage\",\"url\":\"https:\\\/\\\/jczeller.com\\\/de\\\/wp-content\\\/uploads\\\/2025\\\/02\\\/flattering-feedback.jpg\",\"contentUrl\":\"https:\\\/\\\/jczeller.com\\\/de\\\/wp-content\\\/uploads\\\/2025\\\/02\\\/flattering-feedback.jpg\",\"width\":1689,\"height\":965,\"caption\":\"Foto von einem Graffiti, das eine Sprechblase zeigt.\"},{\"@type\":\"BreadcrumbList\",\"@id\":\"https:\\\/\\\/jczeller.com\\\/de\\\/testimonials\\\/#breadcrumb\",\"itemListElement\":[{\"@type\":\"ListItem\",\"position\":1,\"name\":\"Startseite\",\"item\":\"https:\\\/\\\/jczeller.com\\\/de\\\/\"},{\"@type\":\"ListItem\",\"position\":2,\"name\":\"Testimonials\"}]},{\"@type\":\"WebSite\",\"@id\":\"https:\\\/\\\/jczeller.com\\\/de\\\/#website\",\"url\":\"https:\\\/\\\/jczeller.com\\\/de\\\/\",\"name\":\"Ihr SEO-Berater und Copywriter.\",\"description\":\"Kreativit\u00e4t trifft Expertise\",\"publisher\":{\"@id\":\"https:\\\/\\\/jczeller.com\\\/de\\\/#organization\"},\"potentialAction\":[{\"@type\":\"SearchAction\",\"target\":{\"@type\":\"EntryPoint\",\"urlTemplate\":\"https:\\\/\\\/jczeller.com\\\/de\\\/?s={search_term_string}\"},\"query-input\":{\"@type\":\"PropertyValueSpecification\",\"valueRequired\":true,\"valueName\":\"search_term_string\"}}],\"inLanguage\":\"de\"},{\"@type\":\"Organization\",\"@id\":\"https:\\\/\\\/jczeller.com\\\/de\\\/#organization\",\"name\":\"Ihr SEO-Berater und Copywriter.\",\"url\":\"https:\\\/\\\/jczeller.com\\\/de\\\/\",\"logo\":{\"@type\":\"ImageObject\",\"inLanguage\":\"de\",\"@id\":\"https:\\\/\\\/jczeller.com\\\/de\\\/#\\\/schema\\\/logo\\\/image\\\/\",\"url\":\"https:\\\/\\\/jczeller.com\\\/de\\\/wp-content\\\/uploads\\\/2021\\\/09\\\/logo-jcz-trans3.png\",\"contentUrl\":\"https:\\\/\\\/jczeller.com\\\/de\\\/wp-content\\\/uploads\\\/2021\\\/09\\\/logo-jcz-trans3.png\",\"width\":561,\"height\":881,\"caption\":\"Ihr SEO-Berater und Copywriter.\"},\"image\":{\"@id\":\"https:\\\/\\\/jczeller.com\\\/de\\\/#\\\/schema\\\/logo\\\/image\\\/\"}}]}<\/script>\n<!-- \/ Yoast SEO plugin. -->","yoast_head_json":{"title":"Testimonials \u2022 Feedback meiner Klienten","description":"Feedback & Testimonials: Finden Sie heraus, wie meine Klienten meine Arbeit als SEO-Berater und Copywriter beurteilen. JCZELLER.COM","robots":{"index":"index","follow":"follow","max-snippet":"max-snippet:-1","max-image-preview":"max-image-preview:large","max-video-preview":"max-video-preview:-1"},"canonical":"https:\/\/jczeller.com\/de\/testimonials\/","og_locale":"de_DE","og_type":"article","og_title":"Schmeichelhaftes Feedback :-)","og_description":"Hier finden Sie Testimonials von meinen Klienten, die ich als Werbetexter und SEO-Berater betreue.","og_url":"https:\/\/jczeller.com\/de\/testimonials\/","og_site_name":"Ihr SEO-Berater und Copywriter.","article_modified_time":"2025-02-25T15:19:24+00:00","og_image":[{"width":1689,"height":965,"url":"https:\/\/jczeller.com\/de\/wp-content\/uploads\/2025\/02\/flattering-feedback.jpg","type":"image\/jpeg"}],"twitter_card":"summary_large_image","twitter_title":"Schmeichelhaftes Feedback :-)","twitter_description":"Hier finden Sie Testimonials von meinen Klienten, die ich als Werbetexter und SEO-Berater betreue.","twitter_image":"https:\/\/jczeller.com\/de\/wp-content\/uploads\/2021\/10\/header-testimonials.jpg","twitter_misc":{"Gesch\u00e4tzte Lesezeit":"2\u00a0Minuten"},"schema":{"@context":"https:\/\/schema.org","@graph":[{"@type":"WebPage","@id":"https:\/\/jczeller.com\/de\/testimonials\/","url":"https:\/\/jczeller.com\/de\/testimonials\/","name":"Testimonials \u2022 Feedback meiner Klienten","isPartOf":{"@id":"https:\/\/jczeller.com\/de\/#website"},"primaryImageOfPage":{"@id":"https:\/\/jczeller.com\/de\/testimonials\/#primaryimage"},"image":{"@id":"https:\/\/jczeller.com\/de\/testimonials\/#primaryimage"},"thumbnailUrl":"https:\/\/jczeller.com\/de\/wp-content\/uploads\/2025\/02\/flattering-feedback.jpg","datePublished":"2021-10-06T12:13:59+00:00","dateModified":"2025-02-25T15:19:24+00:00","description":"Feedback & Testimonials: Finden Sie heraus, wie meine Klienten meine Arbeit als SEO-Berater und Copywriter beurteilen. JCZELLER.COM","breadcrumb":{"@id":"https:\/\/jczeller.com\/de\/testimonials\/#breadcrumb"},"inLanguage":"de","potentialAction":[{"@type":"ReadAction","target":["https:\/\/jczeller.com\/de\/testimonials\/"]}]},{"@type":"ImageObject","inLanguage":"de","@id":"https:\/\/jczeller.com\/de\/testimonials\/#primaryimage","url":"https:\/\/jczeller.com\/de\/wp-content\/uploads\/2025\/02\/flattering-feedback.jpg","contentUrl":"https:\/\/jczeller.com\/de\/wp-content\/uploads\/2025\/02\/flattering-feedback.jpg","width":1689,"height":965,"caption":"Foto von einem Graffiti, das eine Sprechblase zeigt."},{"@type":"BreadcrumbList","@id":"https:\/\/jczeller.com\/de\/testimonials\/#breadcrumb","itemListElement":[{"@type":"ListItem","position":1,"name":"Startseite","item":"https:\/\/jczeller.com\/de\/"},{"@type":"ListItem","position":2,"name":"Testimonials"}]},{"@type":"WebSite","@id":"https:\/\/jczeller.com\/de\/#website","url":"https:\/\/jczeller.com\/de\/","name":"Ihr SEO-Berater und Copywriter.","description":"Kreativit\u00e4t trifft Expertise","publisher":{"@id":"https:\/\/jczeller.com\/de\/#organization"},"potentialAction":[{"@type":"SearchAction","target":{"@type":"EntryPoint","urlTemplate":"https:\/\/jczeller.com\/de\/?s={search_term_string}"},"query-input":{"@type":"PropertyValueSpecification","valueRequired":true,"valueName":"search_term_string"}}],"inLanguage":"de"},{"@type":"Organization","@id":"https:\/\/jczeller.com\/de\/#organization","name":"Ihr SEO-Berater und Copywriter.","url":"https:\/\/jczeller.com\/de\/","logo":{"@type":"ImageObject","inLanguage":"de","@id":"https:\/\/jczeller.com\/de\/#\/schema\/logo\/image\/","url":"https:\/\/jczeller.com\/de\/wp-content\/uploads\/2021\/09\/logo-jcz-trans3.png","contentUrl":"https:\/\/jczeller.com\/de\/wp-content\/uploads\/2021\/09\/logo-jcz-trans3.png","width":561,"height":881,"caption":"Ihr SEO-Berater und Copywriter."},"image":{"@id":"https:\/\/jczeller.com\/de\/#\/schema\/logo\/image\/"}}]}},"_links":{"self":[{"href":"https:\/\/jczeller.com\/de\/wp-json\/wp\/v2\/pages\/181","targetHints":{"allow":["GET"]}}],"collection":[{"href":"https:\/\/jczeller.com\/de\/wp-json\/wp\/v2\/pages"}],"about":[{"href":"https:\/\/jczeller.com\/de\/wp-json\/wp\/v2\/types\/page"}],"author":[{"embeddable":true,"href":"https:\/\/jczeller.com\/de\/wp-json\/wp\/v2\/users\/1"}],"replies":[{"embeddable":true,"href":"https:\/\/jczeller.com\/de\/wp-json\/wp\/v2\/comments?post=181"}],"version-history":[{"count":7,"href":"https:\/\/jczeller.com\/de\/wp-json\/wp\/v2\/pages\/181\/revisions"}],"predecessor-version":[{"id":695,"href":"https:\/\/jczeller.com\/de\/wp-json\/wp\/v2\/pages\/181\/revisions\/695"}],"wp:featuredmedia":[{"embeddable":true,"href":"https:\/\/jczeller.com\/de\/wp-json\/wp\/v2\/media\/689"}],"wp:attachment":[{"href":"https:\/\/jczeller.com\/de\/wp-json\/wp\/v2\/media?parent=181"}],"curies":[{"name":"wp","href":"https:\/\/api.w.org\/{rel}","templated":true}]}}