{"id":72,"date":"2021-09-16T16:01:39","date_gmt":"2021-09-16T14:01:39","guid":{"rendered":"https:\/\/jczeller.com\/de\/?page_id=72"},"modified":"2025-01-20T16:57:05","modified_gmt":"2025-01-20T15:57:05","slug":"werbetexte","status":"publish","type":"page","link":"https:\/\/jczeller.com\/de\/werbetexte\/","title":{"rendered":"Werbetexte"},"content":{"rendered":"\n<h2 class=\"wp-block-heading\"><strong>Freelance Copywriting &amp; Werbetexte mit Hirn<\/strong> <\/h2>\n\n\n\n<p>Egal, ob Sie einen Webshop betreiben, einen Dienstleistungsbetrieb oder einen station\u00e4ren Handel \u2013 fr\u00fcher oder sp\u00e4ter stellen die meisten Unternehmer fest: Gute Werbetexte sind gut f\u00fcrs Gesch\u00e4ft. Das zeigt sich bei einem Produktdesign, das Liebe zum Detail offenbart; bei einer fesselnden und l\u00fcckenlosen Customer Journey auf der Firmenwebsite, oder bei Newslettern, die nat\u00fcrlich und herzlich klingen.<\/p>\n\n\n\n<p class=\"has-medium-font-size\">Mit den richtigen Worten und einem gelungenen Auftritt erreichen Sie Ihre Zielgruppe und st\u00e4rken Ihre Marke \u2013 die ideale Voraussetzung, um neue Kunden zu gewinnen und bestehende Kunden langfristig zu begeistern.<\/p>\n\n\n\n<p>Als erfahrener Copywriter unterst\u00fctze ich meine Klienten dabei, mit zielgruppengerechten Werbetexten das Vertrauen ihres Publikums zu gewinnen und das Bewusstsein f\u00fcr ihre Marken zu st\u00e4rken. Ich biete Ihnen an, kreative Werbetexte und Slogans zu verfassen, die exakt an das Medium, die Zielgruppe und Ihr Produkt bzw. Ihre Marke angepasst sind und beste Resultate versprechen. Als <strong><a href=\"https:\/\/jczeller.com\/de\/seo-texter-finden\/\">SEO-Berater<\/a><\/strong> stelle ich auch gerne sicher, dass die Texte auf Ihrer Website h\u00f6chste Sichtbarkeit in den Suchmaschinen erm\u00f6glichen. Aktuell biete ich meine Leistungen im Bereich Copywriting auf Deutsch und auf <strong><a href=\"https:\/\/jczeller.com\/freelance-copywriter\/\">Englisch<\/a><\/strong> an.<\/p>\n\n\n\n<p><strong><a href=\"#kontakt\">Werbetexter buchen: Jetzt Kontakt aufnehmen<\/a><\/strong><\/p>\n\n\n\n<figure class=\"wp-block-image aligncenter size-large is-resized\"><img loading=\"lazy\" decoding=\"async\" width=\"1024\" height=\"584\" src=\"https:\/\/jczeller.com\/de\/wp-content\/uploads\/2024\/12\/copywriting2025-1024x584.jpg\" alt=\"Der Text 'Good Copy Sells' auf eine Mauer gespr\u00fcht\" class=\"wp-image-561\" style=\"width:1024px\" srcset=\"https:\/\/jczeller.com\/de\/wp-content\/uploads\/2024\/12\/copywriting2025-1024x584.jpg 1024w, https:\/\/jczeller.com\/de\/wp-content\/uploads\/2024\/12\/copywriting2025-300x171.jpg 300w, https:\/\/jczeller.com\/de\/wp-content\/uploads\/2024\/12\/copywriting2025.jpg 1611w\" sizes=\"auto, (max-width: 1024px) 100vw, 1024px\" \/><\/figure>\n\n\n\n<h2 class=\"wp-block-heading\">Professionelle Werbetexte: Social Media Anzeigen, Newsletter &amp; mehr<\/h2>\n\n\n\n<p><\/p>\n\n\n\n<h2 class=\"wp-block-heading\">Social Media Anzeigen, Newsletter &amp; \u00fcberzeugende Texte f\u00fcr Ihre Website<\/h2>\n\n\n\n<p>Ein substanzieller Teil meiner Arbeit als Texter \/ Copywriter spielt sich im Online-Bereich ab. Nahezu t\u00e4glich schreibe ich neue Texte f\u00fcr die Websites, Social Media Profile oder Newsletter meiner Kunden. Hier erfahren Sie mehr \u00fcber mein Angebot speziell f\u00fcr Ihren Onlineauftritt. <strong><a href=\"#oldschool\">Weiter unten<\/a><\/strong> finden Sie einen Auszug meiner Leistungen f\u00fcr traditionelle Formate und Medien.<\/p>\n\n\n\n<h3 class=\"wp-block-heading has-text-align-center\"><strong>Werbetexte f\u00fcr Ihre Website<\/strong><\/h3>\n\n\n\n<figure class=\"wp-block-image aligncenter\"><img loading=\"lazy\" decoding=\"async\" width=\"100\" height=\"100\" src=\"https:\/\/jczeller.com\/de\/wp-content\/uploads\/2021\/09\/icon-copywriting.jpg\" alt=\"Werbetexte\" class=\"wp-image-67\"\/><\/figure>\n\n\n\n<p class=\"has-text-align-center\">Egal, ob Sie den Gesamteindruck Ihrer Website verbessern m\u00f6chten, eine Landingpage neu launchen wollen, oder fesselnde Inhalte f\u00fcr Ihren Blog suchen: Ich biete hochwertiges Copywriting und Werbetexte rund um Ihre Website und Ihren Online-Auftritt.<\/p>\n\n\n\n<h3 class=\"wp-block-heading has-text-align-center\">Newsletter Kampagnen<\/h3>\n\n\n\n<figure class=\"wp-block-image aligncenter\"><img loading=\"lazy\" decoding=\"async\" width=\"100\" height=\"100\" src=\"https:\/\/jczeller.com\/de\/wp-content\/uploads\/2021\/09\/icon-directresponse.jpg\" alt=\"Direct Response Marketing\" class=\"wp-image-68\"\/><\/figure>\n\n\n\n<p class=\"has-text-align-center\">Mit geschickt formulierten Texten, tiefem Verst\u00e4ndnis f\u00fcr die psychologischen Prozesse bei einer Kaufentscheidung und perfektem Timing, helfe ich Ihnen dabei, Newsletter und Werbeemails mit besten Response-Raten zu versenden.<\/p>\n\n\n\n<h3 class=\"wp-block-heading has-text-align-center\"><strong>Anzeigen &amp; Zielgruppengestaltung in sozialen Medien<\/strong><\/h3>\n\n\n\n<figure class=\"wp-block-image aligncenter\"><img loading=\"lazy\" decoding=\"async\" width=\"100\" height=\"100\" src=\"https:\/\/jczeller.com\/de\/wp-content\/uploads\/2021\/09\/icon-consulting.jpg\" alt=\"Facebook Ads\" class=\"wp-image-66\"\/><\/figure>\n\n\n\n<p class=\"has-text-align-center\">Ich verfasse gewinnende Werbetexte f\u00fcr Social Media Anzeigen, die eine hohe Interaktion und Conversion Rate garantieren. Dank meiner langj\u00e4hrigen Erfahrung mit der Gestaltung von Zielgruppen auf TikTok, Instagram, Facebook, Google und anderen gro\u00dfen Werbenetzwerken erreichen Sie genau das Publikum, das Sie sich w\u00fcnschen!<\/p>\n\n\n\n<p class=\"has-text-align-center\"><a href=\"#kontakt\"><strong>Werbetexter finden: Kontaktieren Sie mich<\/strong><\/a><\/p>\n\n\n\n<p class=\"has-text-align-center\"><a href=\"#testimonials\"><strong>Hier finden Sie Testimonials meiner Klienten<\/strong><\/a><\/p>\n\n\n\n<figure class=\"wp-block-image aligncenter is-resized\"><img loading=\"lazy\" decoding=\"async\" width=\"1024\" height=\"640\" src=\"https:\/\/jczeller.com\/de\/wp-content\/uploads\/2021\/09\/the-words-1024x640.jpg\" alt=\"Werbetexter\" class=\"wp-image-69\" style=\"width:1024px\" srcset=\"https:\/\/jczeller.com\/de\/wp-content\/uploads\/2021\/09\/the-words-1024x640.jpg 1024w, https:\/\/jczeller.com\/de\/wp-content\/uploads\/2021\/09\/the-words-300x188.jpg 300w, https:\/\/jczeller.com\/de\/wp-content\/uploads\/2021\/09\/the-words-768x480.jpg 768w, https:\/\/jczeller.com\/de\/wp-content\/uploads\/2021\/09\/the-words-1536x960.jpg 1536w, https:\/\/jczeller.com\/de\/wp-content\/uploads\/2021\/09\/the-words-1800x1125.jpg 1800w, https:\/\/jczeller.com\/de\/wp-content\/uploads\/2021\/09\/the-words.jpg 2000w\" sizes=\"auto, (max-width: 1024px) 100vw, 1024px\" \/><\/figure>\n\n\n\n<h2 class=\"wp-block-heading\" id=\"oldschool\">Cross-mediale Werbetexte &amp; Offline-Marketing<\/h2>\n\n\n\n<p>Auch wenn man manchmal fast daran erinnert werden muss: Die Welt des Taktilen existiert auch abseits des Touchscreens. W\u00e4hrend Online-Marketing zweifellos viele gro\u00dfartige M\u00f6glichkeiten bietet \u2014 aufgrund der geringen Kostenschwelle besonders f\u00fcr Kleinunternehmen und Startups \u2014, k\u00f6nnen auch \u201eklassische\u201c Marketingkan\u00e4le ein sehr guter Weg sein, neue Kunden zu erreichen und zu gewinnen.<\/p>\n\n\n\n<p>Als Werbetexter k\u00fcmmere ich mich f\u00fcr Sie gerne auch um Ideen, Layouts und Texte f\u00fcr traditionelle Werbeformen:<\/p>\n\n\n\n<ul class=\"wp-block-list\">\n<li>Designs und Slogans f\u00fcr Poster- und Plakatwerbung<\/li>\n\n\n\n<li>Skripte f\u00fcr Videos und Fernsehwerbung<\/li>\n\n\n\n<li>Gestaltung von Flyern, Foldern, Katalogen, etc.<\/li>\n\n\n\n<li>Advertorials in Printmedien<\/li>\n\n\n\n<li>Gestaltung von Goodies \/ Freebies \/ Werbegeschenken<\/li>\n<\/ul>\n\n\n\n<p><strong><a href=\"#kontakt\">Kontaktieren Sie mich<\/a><\/strong>, um mehr \u00fcber M\u00f6glichkeiten zu erfahren, Ihre Zielgruppe zu begeistern!<\/p>\n\n\n\n<h2 class=\"wp-block-heading\" id=\"testimonials\">Feedback von Klienten<\/h2>\n\n\n\n<p>Im Folgenden findet sich eine kleine Auswahl von Zitaten und Testimonials von Klienten, die ich als Freelance Copywriter mit professionellen Werbetexten unterst\u00fctzt habe.<\/p>\n\n\n\n<p class=\"has-text-align-center has-medium-font-size\"><em>\u201eWir werden den Text im A2-Format ausdrucken, golden einrahmen und bei uns im B\u00fcro aufh\u00e4ngen \u2014 einfach fantastisch :)\u201c<\/em><\/p>\n\n\n\n<p>\u2013 Peter K., Unternehmer<\/p>\n\n\n\n<p class=\"has-text-align-center has-medium-font-size\"><em>\u201eEinfach brilliant. Die Anzeige bringt mich zum Lachen und ber\u00fchrt mich emotional. Brilliant. \u201e<\/em><\/p>\n\n\n\n<p>\u2013 Fatima M., Projektmanager<\/p>\n\n\n\n<p class=\"has-text-align-center has-medium-font-size\"><em>\u201eHey Johannes, du Genie! Die neuen Facebook-Anzeigen die du dir ausgedacht hast heben richtig ab :)\u201c<\/em><\/p>\n\n\n\n<p>\u2013 Steve K., Marketingleiter<\/p>\n\n\n\n<p class=\"has-text-align-center\"><a href=\"https:\/\/jczeller.com\/de\/testimonials\/\">[Mehr&#8230;]<\/a><\/p>\n\n\n\n<h2 class=\"wp-block-heading\" id=\"kontakt\">Werbetexter buchen: Kontaktieren Sie mich jetzt!<\/h2>\n\n\n\n<p>Sie suchen nach herausragenden Werbetexten und Marketingstrategien, die Ihre Zielgruppe begeistern und neue Kunden f\u00fcr Ihr Unternehmen gewinnen?<\/p>\n\n\n\n<p>Senden Sie mir eine Nachricht und ich kontaktiere Sie in K\u00fcrze.<\/p>\n\n\n<div class=\"wpforms-container wpforms-container-full wpforms-block wpforms-block-3cff0d9c-c94c-4f37-a401-3de0d1ada6b6\" id=\"wpforms-37\"><form id=\"wpforms-form-37\" class=\"wpforms-validate wpforms-form wpforms-ajax-form\" data-formid=\"37\" method=\"post\" enctype=\"multipart\/form-data\" action=\"\/de\/wp-json\/wp\/v2\/pages\/72\" data-token=\"ff877ce9e1cf6d3d20abc0be64d07075\" data-token-time=\"1776304128\"><noscript class=\"wpforms-error-noscript\">Bitte aktiviere JavaScript in deinem Browser, um dieses Formular fertigzustellen.<\/noscript><div class=\"wpforms-field-container\"><div id=\"wpforms-37-field_0-container\" class=\"wpforms-field wpforms-field-name\" data-field-id=\"0\"><label class=\"wpforms-field-label\" for=\"wpforms-37-field_0\">Name <span class=\"wpforms-required-label\">*<\/span><\/label><input type=\"text\" id=\"wpforms-37-field_0\" class=\"wpforms-field-medium wpforms-field-required\" name=\"wpforms[fields][0]\" required><\/div><div id=\"wpforms-37-field_1-container\" class=\"wpforms-field wpforms-field-email\" data-field-id=\"1\"><label class=\"wpforms-field-label\" for=\"wpforms-37-field_1\">Email <span class=\"wpforms-required-label\">*<\/span><\/label><input type=\"email\" id=\"wpforms-37-field_1\" class=\"wpforms-field-medium wpforms-field-required\" name=\"wpforms[fields][1]\" spellcheck=\"false\" required><\/div><div id=\"wpforms-37-field_2-container\" class=\"wpforms-field wpforms-field-textarea\" data-field-id=\"2\"><label class=\"wpforms-field-label\" for=\"wpforms-37-field_2\">Ihre Nachricht <span class=\"wpforms-required-label\">*<\/span><\/label><textarea id=\"wpforms-37-field_2\" class=\"wpforms-field-medium wpforms-field-required\" name=\"wpforms[fields][2]\" required><\/textarea><\/div><div id=\"wpforms-37-field_3-container\" class=\"wpforms-field wpforms-field-checkbox\" data-field-id=\"3\"><label class=\"wpforms-field-label\">Datenschutzerkl\u00e4rung <span class=\"wpforms-required-label\">*<\/span><\/label><ul id=\"wpforms-37-field_3\" class=\"wpforms-field-required\"><li class=\"choice-1 depth-1\"><input type=\"checkbox\" id=\"wpforms-37-field_3_1\" name=\"wpforms[fields][3][]\" value=\"Ich akzeptiere die Datenschutzerkl\u00e4rung\" required ><label class=\"wpforms-field-label-inline\" for=\"wpforms-37-field_3_1\">Ich akzeptiere die Datenschutzerkl\u00e4rung<\/label><\/li><\/ul><div class=\"wpforms-field-description wpforms-disclaimer-description\"><a href=\"https:\/\/jczeller.com\/de\/datenschutz\/\" title=\"Datenschutz\">Lesen Sie die Datenschutzerkl\u00e4rung hier.<\/a><\/div><\/div><\/div><!-- .wpforms-field-container --><div class=\"wpforms-recaptcha-container wpforms-is-hcaptcha\" ><div class=\"h-captcha\" data-sitekey=\"e9d27d40-23b8-4e40-9334-a31c51461868\"><\/div><input type=\"text\" name=\"g-recaptcha-hidden\" class=\"wpforms-recaptcha-hidden\" style=\"position:absolute!important;clip:rect(0,0,0,0)!important;height:1px!important;width:1px!important;border:0!important;overflow:hidden!important;padding:0!important;margin:0!important;\" data-rule-hcaptcha=\"1\"><\/div><div class=\"wpforms-submit-container\" ><input type=\"hidden\" name=\"wpforms[id]\" value=\"37\"><input type=\"hidden\" name=\"page_title\" value=\"\"><input type=\"hidden\" name=\"page_url\" value=\"https:\/\/jczeller.com\/de\/wp-json\/wp\/v2\/pages\/72\"><input type=\"hidden\" name=\"url_referer\" value=\"\"><button type=\"submit\" name=\"wpforms[submit]\" id=\"wpforms-submit-37\" class=\"wpforms-submit\" data-alt-text=\"Sending...\" data-submit-text=\"Submit\" aria-live=\"assertive\" value=\"wpforms-submit\">Submit<\/button><img loading=\"lazy\" decoding=\"async\" src=\"https:\/\/jczeller.com\/de\/wp-content\/plugins\/wpforms-lite\/assets\/images\/submit-spin.svg\" class=\"wpforms-submit-spinner\" style=\"display: none;\" width=\"26\" height=\"26\" alt=\"Wird geladen\"><\/div><input\n                    class=\"apbct_special_field apbct_email_id__wp_wpforms\"\n                    name=\"apbct__email_id__wp_wpforms\"\n                    aria-label=\"apbct__label_id__wp_wpforms\"\n                    type=\"text\" size=\"30\" maxlength=\"200\" autocomplete=\"off\"\n                    value=\"\"\n                \/><\/form><\/div>  <!-- .wpforms-container -->\n\n\n<p>Bildrechte \u201aNever lack the words\u2018: <a href=\"https:\/\/unsplash.com\/@greyxwight\" target=\"_blank\" rel=\"noreferrer noopener\">Grey Wight<\/a> (bearbeitet von J.C. Zeller)<\/p>\n\n\n\n<p>Icon Copywriting by <a href=\"https:\/\/thenounproject.com\/symbolon\/\" target=\"_blank\" rel=\"noreferrer noopener\">Symbolon<\/a> from the Noun Project | Icon Response by <a href=\"https:\/\/thenounproject.com\/creativemahira\/\" target=\"_blank\" rel=\"noreferrer noopener\">Creative Mahira<\/a> from the Noun Project | Icon Ads by <a href=\"https:\/\/thenounproject.com\/Flatart\" target=\"_blank\" rel=\"noreferrer noopener\">Flatart<\/a> from the Noun Project<\/p>\n\n\n\n<p><\/p>\n","protected":false},"excerpt":{"rendered":"<p>Freelance Copywriting &amp; Werbetexte mit Hirn Egal, ob Sie einen Webshop betreiben, einen Dienstleistungsbetrieb oder einen station\u00e4ren Handel \u2013 fr\u00fcher oder sp\u00e4ter stellen die meisten Unternehmer fest: Gute Werbetexte sind gut f\u00fcrs Gesch\u00e4ft. Das zeigt sich bei einem Produktdesign, das Liebe zum Detail offenbart; bei einer fesselnden und l\u00fcckenlosen Customer Journey auf der Firmenwebsite, oder &hellip; <\/p>\n<p class=\"link-more\"><a href=\"https:\/\/jczeller.com\/de\/werbetexte\/\" class=\"more-link\">Mehr <span class=\"screen-reader-text\">\u00fcber &#8222;Werbetexte&#8220; <\/span>Lesen<\/a><\/p>\n","protected":false},"author":1,"featured_media":611,"parent":0,"menu_order":0,"comment_status":"closed","ping_status":"closed","template":"","meta":{"inspiro_hide_title":false,"footnotes":""},"class_list":["post-72","page","type-page","status-publish","has-post-thumbnail","hentry"],"yoast_head":"<!-- This site is optimized with the Yoast SEO plugin v27.4 - https:\/\/yoast.com\/product\/yoast-seo-wordpress\/ -->\n<title>Professioneller Werbetexter &amp; Copywriter \u2022 Jetzt Texter buchen<\/title>\n<meta name=\"description\" content=\"Texter finden: Als Coypwriter unterst\u00fctzte ich Sie mit professionellen Werbetexten, die einfach \u00fcberzeugen \u2013 online, offline, cross-medial!\" \/>\n<meta name=\"robots\" content=\"index, follow, max-snippet:-1, max-image-preview:large, max-video-preview:-1\" \/>\n<link rel=\"canonical\" href=\"https:\/\/jczeller.com\/de\/werbetexte\/\" \/>\n<meta property=\"og:locale\" content=\"de_DE\" \/>\n<meta property=\"og:type\" content=\"article\" \/>\n<meta property=\"og:title\" content=\"Professionelles Copywriting auf Deutsch und Englisch\" \/>\n<meta property=\"og:description\" content=\"Erfahren Sie mehr \u00fcber mein Angebot als professioneller Werbetexter.\" \/>\n<meta property=\"og:url\" content=\"https:\/\/jczeller.com\/de\/werbetexte\/\" \/>\n<meta property=\"og:site_name\" content=\"Ihr SEO-Berater und Copywriter.\" \/>\n<meta property=\"article:modified_time\" content=\"2025-01-20T15:57:05+00:00\" \/>\n<meta property=\"og:image\" content=\"https:\/\/jczeller.com\/de\/wp-content\/uploads\/2024\/12\/copywriting2025.jpg\" \/>\n\t<meta property=\"og:image:width\" content=\"1611\" \/>\n\t<meta property=\"og:image:height\" content=\"919\" \/>\n\t<meta property=\"og:image:type\" content=\"image\/jpeg\" \/>\n<meta name=\"twitter:card\" content=\"summary_large_image\" \/>\n<meta name=\"twitter:title\" content=\"Professionelles Copywriting auf Deutsch und Englisch\" \/>\n<meta name=\"twitter:description\" content=\"Erfahren Sie mehr \u00fcber mein Angebot als professioneller Werbetexter.\" \/>\n<meta name=\"twitter:image\" content=\"https:\/\/jczeller.com\/de\/wp-content\/uploads\/2024\/12\/copywriting2025.jpg\" \/>\n<meta name=\"twitter:label1\" content=\"Gesch\u00e4tzte Lesezeit\" \/>\n\t<meta name=\"twitter:data1\" content=\"5\u00a0Minuten\" \/>\n<script type=\"application\/ld+json\" class=\"yoast-schema-graph\">{\"@context\":\"https:\\\/\\\/schema.org\",\"@graph\":[{\"@type\":\"WebPage\",\"@id\":\"https:\\\/\\\/jczeller.com\\\/de\\\/werbetexte\\\/\",\"url\":\"https:\\\/\\\/jczeller.com\\\/de\\\/werbetexte\\\/\",\"name\":\"Professioneller Werbetexter & Copywriter \u2022 Jetzt Texter buchen\",\"isPartOf\":{\"@id\":\"https:\\\/\\\/jczeller.com\\\/de\\\/#website\"},\"primaryImageOfPage\":{\"@id\":\"https:\\\/\\\/jczeller.com\\\/de\\\/werbetexte\\\/#primaryimage\"},\"image\":{\"@id\":\"https:\\\/\\\/jczeller.com\\\/de\\\/werbetexte\\\/#primaryimage\"},\"thumbnailUrl\":\"https:\\\/\\\/jczeller.com\\\/de\\\/wp-content\\\/uploads\\\/2025\\\/01\\\/copywriting-pen.jpg\",\"datePublished\":\"2021-09-16T14:01:39+00:00\",\"dateModified\":\"2025-01-20T15:57:05+00:00\",\"description\":\"Texter finden: Als Coypwriter unterst\u00fctzte ich Sie mit professionellen Werbetexten, die einfach \u00fcberzeugen \u2013 online, offline, cross-medial!\",\"breadcrumb\":{\"@id\":\"https:\\\/\\\/jczeller.com\\\/de\\\/werbetexte\\\/#breadcrumb\"},\"inLanguage\":\"de\",\"potentialAction\":[{\"@type\":\"ReadAction\",\"target\":[\"https:\\\/\\\/jczeller.com\\\/de\\\/werbetexte\\\/\"]}]},{\"@type\":\"ImageObject\",\"inLanguage\":\"de\",\"@id\":\"https:\\\/\\\/jczeller.com\\\/de\\\/werbetexte\\\/#primaryimage\",\"url\":\"https:\\\/\\\/jczeller.com\\\/de\\\/wp-content\\\/uploads\\\/2025\\\/01\\\/copywriting-pen.jpg\",\"contentUrl\":\"https:\\\/\\\/jczeller.com\\\/de\\\/wp-content\\\/uploads\\\/2025\\\/01\\\/copywriting-pen.jpg\",\"width\":1750,\"height\":1000,\"caption\":\"Graffiti einer Schreibfeder auf einer Ziegelmauer\"},{\"@type\":\"BreadcrumbList\",\"@id\":\"https:\\\/\\\/jczeller.com\\\/de\\\/werbetexte\\\/#breadcrumb\",\"itemListElement\":[{\"@type\":\"ListItem\",\"position\":1,\"name\":\"Startseite\",\"item\":\"https:\\\/\\\/jczeller.com\\\/de\\\/\"},{\"@type\":\"ListItem\",\"position\":2,\"name\":\"Werbetexte\"}]},{\"@type\":\"WebSite\",\"@id\":\"https:\\\/\\\/jczeller.com\\\/de\\\/#website\",\"url\":\"https:\\\/\\\/jczeller.com\\\/de\\\/\",\"name\":\"Ihr SEO-Berater und Copywriter.\",\"description\":\"Kreativit\u00e4t trifft Expertise\",\"publisher\":{\"@id\":\"https:\\\/\\\/jczeller.com\\\/de\\\/#organization\"},\"potentialAction\":[{\"@type\":\"SearchAction\",\"target\":{\"@type\":\"EntryPoint\",\"urlTemplate\":\"https:\\\/\\\/jczeller.com\\\/de\\\/?s={search_term_string}\"},\"query-input\":{\"@type\":\"PropertyValueSpecification\",\"valueRequired\":true,\"valueName\":\"search_term_string\"}}],\"inLanguage\":\"de\"},{\"@type\":\"Organization\",\"@id\":\"https:\\\/\\\/jczeller.com\\\/de\\\/#organization\",\"name\":\"Ihr SEO-Berater und Copywriter.\",\"url\":\"https:\\\/\\\/jczeller.com\\\/de\\\/\",\"logo\":{\"@type\":\"ImageObject\",\"inLanguage\":\"de\",\"@id\":\"https:\\\/\\\/jczeller.com\\\/de\\\/#\\\/schema\\\/logo\\\/image\\\/\",\"url\":\"https:\\\/\\\/jczeller.com\\\/de\\\/wp-content\\\/uploads\\\/2021\\\/09\\\/logo-jcz-trans3.png\",\"contentUrl\":\"https:\\\/\\\/jczeller.com\\\/de\\\/wp-content\\\/uploads\\\/2021\\\/09\\\/logo-jcz-trans3.png\",\"width\":561,\"height\":881,\"caption\":\"Ihr SEO-Berater und Copywriter.\"},\"image\":{\"@id\":\"https:\\\/\\\/jczeller.com\\\/de\\\/#\\\/schema\\\/logo\\\/image\\\/\"}}]}<\/script>\n<!-- \/ Yoast SEO plugin. -->","yoast_head_json":{"title":"Professioneller Werbetexter & Copywriter \u2022 Jetzt Texter buchen","description":"Texter finden: Als Coypwriter unterst\u00fctzte ich Sie mit professionellen Werbetexten, die einfach \u00fcberzeugen \u2013 online, offline, cross-medial!","robots":{"index":"index","follow":"follow","max-snippet":"max-snippet:-1","max-image-preview":"max-image-preview:large","max-video-preview":"max-video-preview:-1"},"canonical":"https:\/\/jczeller.com\/de\/werbetexte\/","og_locale":"de_DE","og_type":"article","og_title":"Professionelles Copywriting auf Deutsch und Englisch","og_description":"Erfahren Sie mehr \u00fcber mein Angebot als professioneller Werbetexter.","og_url":"https:\/\/jczeller.com\/de\/werbetexte\/","og_site_name":"Ihr SEO-Berater und Copywriter.","article_modified_time":"2025-01-20T15:57:05+00:00","og_image":[{"width":1611,"height":919,"url":"https:\/\/jczeller.com\/de\/wp-content\/uploads\/2024\/12\/copywriting2025.jpg","type":"image\/jpeg"}],"twitter_card":"summary_large_image","twitter_title":"Professionelles Copywriting auf Deutsch und Englisch","twitter_description":"Erfahren Sie mehr \u00fcber mein Angebot als professioneller Werbetexter.","twitter_image":"https:\/\/jczeller.com\/de\/wp-content\/uploads\/2024\/12\/copywriting2025.jpg","twitter_misc":{"Gesch\u00e4tzte Lesezeit":"5\u00a0Minuten"},"schema":{"@context":"https:\/\/schema.org","@graph":[{"@type":"WebPage","@id":"https:\/\/jczeller.com\/de\/werbetexte\/","url":"https:\/\/jczeller.com\/de\/werbetexte\/","name":"Professioneller Werbetexter & Copywriter \u2022 Jetzt Texter buchen","isPartOf":{"@id":"https:\/\/jczeller.com\/de\/#website"},"primaryImageOfPage":{"@id":"https:\/\/jczeller.com\/de\/werbetexte\/#primaryimage"},"image":{"@id":"https:\/\/jczeller.com\/de\/werbetexte\/#primaryimage"},"thumbnailUrl":"https:\/\/jczeller.com\/de\/wp-content\/uploads\/2025\/01\/copywriting-pen.jpg","datePublished":"2021-09-16T14:01:39+00:00","dateModified":"2025-01-20T15:57:05+00:00","description":"Texter finden: Als Coypwriter unterst\u00fctzte ich Sie mit professionellen Werbetexten, die einfach \u00fcberzeugen \u2013 online, offline, cross-medial!","breadcrumb":{"@id":"https:\/\/jczeller.com\/de\/werbetexte\/#breadcrumb"},"inLanguage":"de","potentialAction":[{"@type":"ReadAction","target":["https:\/\/jczeller.com\/de\/werbetexte\/"]}]},{"@type":"ImageObject","inLanguage":"de","@id":"https:\/\/jczeller.com\/de\/werbetexte\/#primaryimage","url":"https:\/\/jczeller.com\/de\/wp-content\/uploads\/2025\/01\/copywriting-pen.jpg","contentUrl":"https:\/\/jczeller.com\/de\/wp-content\/uploads\/2025\/01\/copywriting-pen.jpg","width":1750,"height":1000,"caption":"Graffiti einer Schreibfeder auf einer Ziegelmauer"},{"@type":"BreadcrumbList","@id":"https:\/\/jczeller.com\/de\/werbetexte\/#breadcrumb","itemListElement":[{"@type":"ListItem","position":1,"name":"Startseite","item":"https:\/\/jczeller.com\/de\/"},{"@type":"ListItem","position":2,"name":"Werbetexte"}]},{"@type":"WebSite","@id":"https:\/\/jczeller.com\/de\/#website","url":"https:\/\/jczeller.com\/de\/","name":"Ihr SEO-Berater und Copywriter.","description":"Kreativit\u00e4t trifft Expertise","publisher":{"@id":"https:\/\/jczeller.com\/de\/#organization"},"potentialAction":[{"@type":"SearchAction","target":{"@type":"EntryPoint","urlTemplate":"https:\/\/jczeller.com\/de\/?s={search_term_string}"},"query-input":{"@type":"PropertyValueSpecification","valueRequired":true,"valueName":"search_term_string"}}],"inLanguage":"de"},{"@type":"Organization","@id":"https:\/\/jczeller.com\/de\/#organization","name":"Ihr SEO-Berater und Copywriter.","url":"https:\/\/jczeller.com\/de\/","logo":{"@type":"ImageObject","inLanguage":"de","@id":"https:\/\/jczeller.com\/de\/#\/schema\/logo\/image\/","url":"https:\/\/jczeller.com\/de\/wp-content\/uploads\/2021\/09\/logo-jcz-trans3.png","contentUrl":"https:\/\/jczeller.com\/de\/wp-content\/uploads\/2021\/09\/logo-jcz-trans3.png","width":561,"height":881,"caption":"Ihr SEO-Berater und Copywriter."},"image":{"@id":"https:\/\/jczeller.com\/de\/#\/schema\/logo\/image\/"}}]}},"_links":{"self":[{"href":"https:\/\/jczeller.com\/de\/wp-json\/wp\/v2\/pages\/72","targetHints":{"allow":["GET"]}}],"collection":[{"href":"https:\/\/jczeller.com\/de\/wp-json\/wp\/v2\/pages"}],"about":[{"href":"https:\/\/jczeller.com\/de\/wp-json\/wp\/v2\/types\/page"}],"author":[{"embeddable":true,"href":"https:\/\/jczeller.com\/de\/wp-json\/wp\/v2\/users\/1"}],"replies":[{"embeddable":true,"href":"https:\/\/jczeller.com\/de\/wp-json\/wp\/v2\/comments?post=72"}],"version-history":[{"count":12,"href":"https:\/\/jczeller.com\/de\/wp-json\/wp\/v2\/pages\/72\/revisions"}],"predecessor-version":[{"id":572,"href":"https:\/\/jczeller.com\/de\/wp-json\/wp\/v2\/pages\/72\/revisions\/572"}],"wp:featuredmedia":[{"embeddable":true,"href":"https:\/\/jczeller.com\/de\/wp-json\/wp\/v2\/media\/611"}],"wp:attachment":[{"href":"https:\/\/jczeller.com\/de\/wp-json\/wp\/v2\/media?parent=72"}],"curies":[{"name":"wp","href":"https:\/\/api.w.org\/{rel}","templated":true}]}}