{"id":788,"date":"2025-12-10T14:25:00","date_gmt":"2025-12-10T13:25:00","guid":{"rendered":"https:\/\/jczeller.com\/de\/?page_id=788"},"modified":"2025-12-11T14:45:54","modified_gmt":"2025-12-11T13:45:54","slug":"seo-audit","status":"publish","type":"page","link":"https:\/\/jczeller.com\/de\/seo-audit\/","title":{"rendered":"SEO-Audit"},"content":{"rendered":"\n<h2 class=\"wp-block-heading\">Entdecken Sie, wie Sie das Ranking Ihrer Website verbessern k\u00f6nnen<\/h2>\n\n\n\n<p class=\"has-medium-font-size\">Der Erfolg Ihrer Website beginnt mit Klarheit. Mein SEO-Audit zeigt Ihnen, was Ihre Website derzeit zur\u00fcckh\u00e4lt \u2013 und was Sie tun k\u00f6nnen, um das zu \u00e4ndern. Jedes Audit umfasst alle <strong>Onpage- und Offpage-Faktoren<\/strong>, die <strong>technische Performance<\/strong>, <strong>Usability<\/strong> sowie <strong>wichtige Keywords<\/strong> in Ihrem Zielmarkt. Sie erhalten einen detaillierten Bericht mit <strong>konkreten Handlungsempfehlungen<\/strong>, um die Sichtbarkeit, Performance und Conversion-Rate Ihrer Website nachhaltig zu steigern.<\/p>\n\n\n\n<p>Ich arbeite seit \u00fcber 11 Jahren als <a href=\"https:\/\/jczeller.com\/de\/seo-texter-finden\/\"><strong>SEO-Berater<\/strong><\/a><strong> <\/strong>und <a href=\"https:\/\/jczeller.com\/de\/werbetexte\/\"><strong>Copywriter<\/strong><\/a> und f\u00fchre jedes Audit pers\u00f6nlich durch, um sicherzustellen, dass Sie klare, verl\u00e4ssliche und praxisorientierte Empfehlungen erhalten.<\/p>\n\n\n\n<p><strong>Preise<\/strong><\/p>\n\n\n\n<ul class=\"wp-block-list\">\n<li><strong>\u20ac300<\/strong> f\u00fcr Websites mit bis zu 25 Landingpages<\/li>\n\n\n\n<li><strong>\u20ac500<\/strong> f\u00fcr Websites mit mehr als 25 Landingpages<br><em>(zzgl. 21 % MwSt. \u2013 nur anwendbar, wenn Sie in der EU ans\u00e4ssig sind und keine g\u00fcltige USt-ID besitzen)<\/em><\/li>\n<\/ul>\n\n\n\n<p><strong>Bearbeitungszeit<\/strong>: 2-4 Werktage<\/p>\n\n\n\n<p class=\"has-medium-font-size\">Sie erhalten ein umfassendes, schriftliches SEO-Audit (PDF mit 6-12 Seiten) mit <strong>klaren, umsetzbaren Empfehlungen<\/strong> sowie ein unverbindliches Angebot f\u00fcr die anschlie\u00dfende Umsetzung.<\/p>\n\n\n\n<p class=\"has-small-font-size\">Alle Leistungen k\u00f6nnen einzeln gebucht werden, und selbstverst\u00e4ndlich k\u00f6nnen Sie die im Audit gewonnenen Erkenntnisse auch selbst f\u00fcr die Optimierung Ihrer Website nutzen.<\/p>\n\n\n\n<div class=\"wp-block-buttons is-layout-flex wp-block-buttons-is-layout-flex\">\n<div class=\"wp-block-button\"><a class=\"wp-block-button__link wp-element-button\" href=\"#jetztbuchen\">SEO Audit buchen<\/a><\/div>\n<\/div>\n\n\n\n<h2 class=\"wp-block-heading\">Was Ihr SEO-Audit beinhaltet<\/h2>\n\n\n\n<p>Ihr Audit liefert Ihnen einen vollst\u00e4ndigen \u00dcberblick \u00fcber die Leistungsf\u00e4higkeit Ihrer Website \u2013 von Inhalten und Struktur bis hin zu Ladezeiten und Rankings.<\/p>\n\n\n\n<h3 class=\"wp-block-heading\">1. Content- &amp; Keyword-Analyse<\/h3>\n\n\n\n<ul class=\"wp-block-list\">\n<li>Pr\u00fcfung Ihrer Landingpages auf Benutzerfreundlichkeit und Conversion-Flow<\/li>\n\n\n\n<li>Bewertung von Textqualit\u00e4t, Klarheit und Keyword-Fokus<\/li>\n\n\n\n<li>Identifizierung der wichtigsten Suchbegriffe in Ihrer Branche<\/li>\n\n\n\n<li>Analyse des Suchvolumens f\u00fcr relevante Keywords in Ihrem Zielmarkt<\/li>\n<\/ul>\n\n\n\n<h3 class=\"wp-block-heading\">2. Technische Performance<\/h3>\n\n\n\n<ul class=\"wp-block-list\">\n<li>Bewertung der Ladegeschwindigkeit<\/li>\n\n\n\n<li>Analyse der mobilen Performance und Nutzererfahrung<\/li>\n\n\n\n<li>Erkennung technischer Probleme, die Indexierung beeintr\u00e4chtigen<\/li>\n<\/ul>\n\n\n\n<h3 class=\"wp-block-heading\">3. Metadaten &amp; Onpage-Optimierung<\/h3>\n\n\n\n<ul class=\"wp-block-list\">\n<li>\u00dcberpr\u00fcfung von Title-Tags, Meta-Descriptions, \u00dcberschriften und Alt-Attributen<\/li>\n\n\n\n<li>Aufdeckung fehlender oder doppelter Metadaten<\/li>\n\n\n\n<li>Optimierungsempfehlungen zur Verbesserung von Klickrate (CTR) und Relevanz<\/li>\n<\/ul>\n\n\n\n<h3 class=\"wp-block-heading\">4. Offpage-Faktoren<\/h3>\n\n\n\n<ul class=\"wp-block-list\">\n<li>Analyse Ihres aktuellen Linkprofils<\/li>\n\n\n\n<li>\u00dcbersicht \u00fcber Backlinks, Ankertexte und Linkqualit\u00e4t<\/li>\n\n\n\n<li>Empfehlungen f\u00fcr gezielten Linkaufbau<\/li>\n<\/ul>\n\n\n\n<h3 class=\"wp-block-heading\">5. Rankings &amp; Wettbewerbsvergleich<\/h3>\n\n\n\n<ul class=\"wp-block-list\">\n<li>\u00dcbersicht Ihrer aktuellen Keyword-Rankings<\/li>\n\n\n\n<li>Vergleich mit den wichtigsten Wettbewerbern Ihrer Branche<\/li>\n\n\n\n<li>Ma\u00dfnahmenplan, um Ihre Mitbewerber in den Suchergebnissen zu \u00fcbertreffen<\/li>\n<\/ul>\n\n\n\n<h2 class=\"wp-block-heading\">Warum Sie jetzt ein SEO-Audit buchen sollten<\/h2>\n\n\n\n<p>Ein SEO-Audit legt den Grundstein f\u00fcr das langfristige Wachstum Ihrer Website. Es hilft Ihnen, wertvolle Chancen zu erkennen \u2013 etwa Keywords, f\u00fcr die Ihre Seite ranken sollte, es aber noch nicht tut. Durch die fr\u00fchzeitige Behebung technischer oder inhaltlicher Schwachstellen sparen Sie Kosten, bevor Sie in Anzeigen oder gro\u00df angelegte Marketingkampagnen investieren. Gleichzeitig verbessern Sie durch klarere Strukturen und h\u00f6here Usability die Conversion-Rate und das Nutzererlebnis.<br>Gerade f\u00fcr <a href=\"https:\/\/jczeller.com\/de\/seo-kleinunternehmen\/\">Start-ups<\/a> sind die Einblicke aus einem Audit besonders wertvoll, da sie einen klaren Fahrplan f\u00fcr Sichtbarkeit und Wachstum bieten \u2013 ohne unn\u00f6tige Ausgaben.<\/p>\n\n\n\n<h2 class=\"wp-block-heading\" id=\"jetztbuchen\">SEO-Audit buchen<\/h2>\n\n\n\n<p>Machen Sie den ersten Schritt zu mehr Sichtbarkeit und besserer Performance. F\u00fcllen Sie das Formular unten aus, geben Sie die URL Ihrer Website an und beschreiben Sie kurz Ihre Ziele. Ich melde mich umgehend mit allen weiteren Informationen.<\/p>\n\n\n<div class=\"wpforms-container wpforms-container-full wpforms-block wpforms-block-7b9ae4e6-b58a-49b4-908e-7b465811d8da\" id=\"wpforms-37\"><form id=\"wpforms-form-37\" class=\"wpforms-validate wpforms-form wpforms-ajax-form\" data-formid=\"37\" method=\"post\" enctype=\"multipart\/form-data\" action=\"\/de\/wp-json\/wp\/v2\/pages\/788\" data-token=\"93e7d02b4cdd691b8991aba6159472f5\" data-token-time=\"1776772552\"><noscript class=\"wpforms-error-noscript\">Bitte aktiviere JavaScript in deinem Browser, um dieses Formular fertigzustellen.<\/noscript><div class=\"wpforms-field-container\"><div id=\"wpforms-37-field_0-container\" class=\"wpforms-field wpforms-field-name\" data-field-id=\"0\"><label class=\"wpforms-field-label\" for=\"wpforms-37-field_0\">Name <span class=\"wpforms-required-label\">*<\/span><\/label><input type=\"text\" id=\"wpforms-37-field_0\" class=\"wpforms-field-medium wpforms-field-required\" name=\"wpforms[fields][0]\" required><\/div><div id=\"wpforms-37-field_1-container\" class=\"wpforms-field wpforms-field-email\" data-field-id=\"1\"><label class=\"wpforms-field-label\" for=\"wpforms-37-field_1\">Email <span class=\"wpforms-required-label\">*<\/span><\/label><input type=\"email\" id=\"wpforms-37-field_1\" class=\"wpforms-field-medium wpforms-field-required\" name=\"wpforms[fields][1]\" spellcheck=\"false\" required><\/div><div id=\"wpforms-37-field_2-container\" class=\"wpforms-field wpforms-field-textarea\" data-field-id=\"2\"><label class=\"wpforms-field-label\" for=\"wpforms-37-field_2\">Ihre Nachricht <span class=\"wpforms-required-label\">*<\/span><\/label><textarea id=\"wpforms-37-field_2\" class=\"wpforms-field-medium wpforms-field-required\" name=\"wpforms[fields][2]\" required><\/textarea><\/div><div id=\"wpforms-37-field_3-container\" class=\"wpforms-field wpforms-field-checkbox\" data-field-id=\"3\"><label class=\"wpforms-field-label\">Datenschutzerkl\u00e4rung <span class=\"wpforms-required-label\">*<\/span><\/label><ul id=\"wpforms-37-field_3\" class=\"wpforms-field-required\"><li class=\"choice-1 depth-1\"><input type=\"checkbox\" id=\"wpforms-37-field_3_1\" name=\"wpforms[fields][3][]\" value=\"Ich akzeptiere die Datenschutzerkl\u00e4rung\" required ><label class=\"wpforms-field-label-inline\" for=\"wpforms-37-field_3_1\">Ich akzeptiere die Datenschutzerkl\u00e4rung<\/label><\/li><\/ul><div class=\"wpforms-field-description wpforms-disclaimer-description\"><a href=\"https:\/\/jczeller.com\/de\/datenschutz\/\" title=\"Datenschutz\">Lesen Sie die Datenschutzerkl\u00e4rung hier.<\/a><\/div><\/div><\/div><!-- .wpforms-field-container --><div class=\"wpforms-recaptcha-container wpforms-is-hcaptcha\" ><div class=\"h-captcha\" data-sitekey=\"e9d27d40-23b8-4e40-9334-a31c51461868\"><\/div><input type=\"text\" name=\"g-recaptcha-hidden\" class=\"wpforms-recaptcha-hidden\" style=\"position:absolute!important;clip:rect(0,0,0,0)!important;height:1px!important;width:1px!important;border:0!important;overflow:hidden!important;padding:0!important;margin:0!important;\" data-rule-hcaptcha=\"1\"><\/div><div class=\"wpforms-submit-container\" ><input type=\"hidden\" name=\"wpforms[id]\" value=\"37\"><input type=\"hidden\" name=\"page_title\" value=\"\"><input type=\"hidden\" name=\"page_url\" value=\"https:\/\/jczeller.com\/de\/wp-json\/wp\/v2\/pages\/788\"><input type=\"hidden\" name=\"url_referer\" value=\"\"><button type=\"submit\" name=\"wpforms[submit]\" id=\"wpforms-submit-37\" class=\"wpforms-submit\" data-alt-text=\"Sending...\" data-submit-text=\"Submit\" aria-live=\"assertive\" value=\"wpforms-submit\">Submit<\/button><img loading=\"lazy\" decoding=\"async\" src=\"https:\/\/jczeller.com\/de\/wp-content\/plugins\/wpforms-lite\/assets\/images\/submit-spin.svg\" class=\"wpforms-submit-spinner\" style=\"display: none;\" width=\"26\" height=\"26\" alt=\"Wird geladen\"><\/div><input\n                    class=\"apbct_special_field apbct_email_id__wp_wpforms\"\n                    name=\"apbct__email_id__wp_wpforms\"\n                    aria-label=\"apbct__label_id__wp_wpforms\"\n                    type=\"text\" size=\"30\" maxlength=\"200\" autocomplete=\"off\"\n                    value=\"\"\n                \/><\/form><\/div>  <!-- .wpforms-container -->","protected":false},"excerpt":{"rendered":"<p>Entdecken Sie, wie Sie das Ranking Ihrer Website verbessern k\u00f6nnen Der Erfolg Ihrer Website beginnt mit Klarheit. Mein SEO-Audit zeigt Ihnen, was Ihre Website derzeit zur\u00fcckh\u00e4lt \u2013 und was Sie tun k\u00f6nnen, um das zu \u00e4ndern. Jedes Audit umfasst alle Onpage- und Offpage-Faktoren, die technische Performance, Usability sowie wichtige Keywords in Ihrem Zielmarkt. Sie erhalten &hellip; <\/p>\n<p class=\"link-more\"><a href=\"https:\/\/jczeller.com\/de\/seo-audit\/\" class=\"more-link\">Mehr <span class=\"screen-reader-text\">\u00fcber &#8222;SEO-Audit&#8220; <\/span>Lesen<\/a><\/p>\n","protected":false},"author":1,"featured_media":789,"parent":0,"menu_order":0,"comment_status":"closed","ping_status":"closed","template":"","meta":{"inspiro_hide_title":false,"footnotes":""},"class_list":["post-788","page","type-page","status-publish","has-post-thumbnail","hentry"],"yoast_head":"<!-- This site is optimized with the Yoast SEO plugin v27.4 - https:\/\/yoast.com\/product\/yoast-seo-wordpress\/ -->\n<title>Professionelles SEO-Audit \u2022 Jetzt Website-Ranking verbessern<\/title>\n<meta name=\"description\" content=\"Erhalten Sie ein SEO-Audit mit Onpage-, Offpage- und Technik-Analyse. Jetzt Sichtbarkeit, Usability und Conversions steigern.\" \/>\n<meta name=\"robots\" content=\"index, follow, max-snippet:-1, max-image-preview:large, max-video-preview:-1\" \/>\n<link rel=\"canonical\" href=\"https:\/\/jczeller.com\/de\/seo-audit\/\" \/>\n<meta property=\"og:locale\" content=\"de_DE\" \/>\n<meta property=\"og:type\" content=\"article\" \/>\n<meta property=\"og:title\" content=\"Klare Erkenntnisse f\u00fcr bessere Rankings \u2013 Professionelles SEO-Audit\" \/>\n<meta property=\"og:description\" content=\"Detailliertes SEO-Audit mit Keyword-Analyse, technischer Pr\u00fcfung und praxisnahen Empfehlungen, damit Ihre Website bei Google besser performt.\" \/>\n<meta property=\"og:url\" content=\"https:\/\/jczeller.com\/de\/seo-audit\/\" \/>\n<meta property=\"og:site_name\" content=\"Ihr SEO-Berater und Copywriter.\" \/>\n<meta property=\"article:modified_time\" content=\"2025-12-11T13:45:54+00:00\" \/>\n<meta property=\"og:image\" content=\"https:\/\/jczeller.com\/de\/wp-content\/uploads\/2025\/10\/header-seo-audits.jpg\" \/>\n\t<meta property=\"og:image:width\" content=\"1056\" \/>\n\t<meta property=\"og:image:height\" content=\"700\" \/>\n\t<meta property=\"og:image:type\" content=\"image\/jpeg\" \/>\n<meta name=\"twitter:card\" content=\"summary_large_image\" \/>\n<meta name=\"twitter:title\" content=\"Klare Erkenntnisse f\u00fcr bessere Rankings \u2013 Professionelles SEO-Audit\" \/>\n<meta name=\"twitter:description\" content=\"Detailliertes SEO-Audit mit Keyword-Analyse, technischer Pr\u00fcfung und praxisnahen Empfehlungen, damit Ihre Website bei Google besser performt.\" \/>\n<meta name=\"twitter:image\" content=\"https:\/\/jczeller.com\/de\/wp-content\/uploads\/2025\/10\/header-seo-audits.jpg\" \/>\n<meta name=\"twitter:label1\" content=\"Gesch\u00e4tzte Lesezeit\" \/>\n\t<meta name=\"twitter:data1\" content=\"2\u00a0Minuten\" \/>\n<script type=\"application\/ld+json\" class=\"yoast-schema-graph\">{\"@context\":\"https:\\\/\\\/schema.org\",\"@graph\":[{\"@type\":\"WebPage\",\"@id\":\"https:\\\/\\\/jczeller.com\\\/de\\\/seo-audit\\\/\",\"url\":\"https:\\\/\\\/jczeller.com\\\/de\\\/seo-audit\\\/\",\"name\":\"Professionelles SEO-Audit \u2022 Jetzt Website-Ranking verbessern\",\"isPartOf\":{\"@id\":\"https:\\\/\\\/jczeller.com\\\/de\\\/#website\"},\"primaryImageOfPage\":{\"@id\":\"https:\\\/\\\/jczeller.com\\\/de\\\/seo-audit\\\/#primaryimage\"},\"image\":{\"@id\":\"https:\\\/\\\/jczeller.com\\\/de\\\/seo-audit\\\/#primaryimage\"},\"thumbnailUrl\":\"https:\\\/\\\/jczeller.com\\\/de\\\/wp-content\\\/uploads\\\/2025\\\/10\\\/header-seo-audits.jpg\",\"datePublished\":\"2025-12-10T13:25:00+00:00\",\"dateModified\":\"2025-12-11T13:45:54+00:00\",\"description\":\"Erhalten Sie ein SEO-Audit mit Onpage-, Offpage- und Technik-Analyse. Jetzt Sichtbarkeit, Usability und Conversions steigern.\",\"breadcrumb\":{\"@id\":\"https:\\\/\\\/jczeller.com\\\/de\\\/seo-audit\\\/#breadcrumb\"},\"inLanguage\":\"de\",\"potentialAction\":[{\"@type\":\"ReadAction\",\"target\":[\"https:\\\/\\\/jczeller.com\\\/de\\\/seo-audit\\\/\"]}]},{\"@type\":\"ImageObject\",\"inLanguage\":\"de\",\"@id\":\"https:\\\/\\\/jczeller.com\\\/de\\\/seo-audit\\\/#primaryimage\",\"url\":\"https:\\\/\\\/jczeller.com\\\/de\\\/wp-content\\\/uploads\\\/2025\\\/10\\\/header-seo-audits.jpg\",\"contentUrl\":\"https:\\\/\\\/jczeller.com\\\/de\\\/wp-content\\\/uploads\\\/2025\\\/10\\\/header-seo-audits.jpg\",\"width\":1056,\"height\":700,\"caption\":\"Graffiti von Lupe, Gehirn und Weltkugel auf alter Mauer\"},{\"@type\":\"BreadcrumbList\",\"@id\":\"https:\\\/\\\/jczeller.com\\\/de\\\/seo-audit\\\/#breadcrumb\",\"itemListElement\":[{\"@type\":\"ListItem\",\"position\":1,\"name\":\"Startseite\",\"item\":\"https:\\\/\\\/jczeller.com\\\/de\\\/\"},{\"@type\":\"ListItem\",\"position\":2,\"name\":\"SEO-Audit\"}]},{\"@type\":\"WebSite\",\"@id\":\"https:\\\/\\\/jczeller.com\\\/de\\\/#website\",\"url\":\"https:\\\/\\\/jczeller.com\\\/de\\\/\",\"name\":\"Ihr SEO-Berater und Copywriter.\",\"description\":\"Kreativit\u00e4t trifft Expertise\",\"publisher\":{\"@id\":\"https:\\\/\\\/jczeller.com\\\/de\\\/#organization\"},\"potentialAction\":[{\"@type\":\"SearchAction\",\"target\":{\"@type\":\"EntryPoint\",\"urlTemplate\":\"https:\\\/\\\/jczeller.com\\\/de\\\/?s={search_term_string}\"},\"query-input\":{\"@type\":\"PropertyValueSpecification\",\"valueRequired\":true,\"valueName\":\"search_term_string\"}}],\"inLanguage\":\"de\"},{\"@type\":\"Organization\",\"@id\":\"https:\\\/\\\/jczeller.com\\\/de\\\/#organization\",\"name\":\"Ihr SEO-Berater und Copywriter.\",\"url\":\"https:\\\/\\\/jczeller.com\\\/de\\\/\",\"logo\":{\"@type\":\"ImageObject\",\"inLanguage\":\"de\",\"@id\":\"https:\\\/\\\/jczeller.com\\\/de\\\/#\\\/schema\\\/logo\\\/image\\\/\",\"url\":\"https:\\\/\\\/jczeller.com\\\/de\\\/wp-content\\\/uploads\\\/2021\\\/09\\\/logo-jcz-trans3.png\",\"contentUrl\":\"https:\\\/\\\/jczeller.com\\\/de\\\/wp-content\\\/uploads\\\/2021\\\/09\\\/logo-jcz-trans3.png\",\"width\":561,\"height\":881,\"caption\":\"Ihr SEO-Berater und Copywriter.\"},\"image\":{\"@id\":\"https:\\\/\\\/jczeller.com\\\/de\\\/#\\\/schema\\\/logo\\\/image\\\/\"}}]}<\/script>\n<!-- \/ Yoast SEO plugin. -->","yoast_head_json":{"title":"Professionelles SEO-Audit \u2022 Jetzt Website-Ranking verbessern","description":"Erhalten Sie ein SEO-Audit mit Onpage-, Offpage- und Technik-Analyse. Jetzt Sichtbarkeit, Usability und Conversions steigern.","robots":{"index":"index","follow":"follow","max-snippet":"max-snippet:-1","max-image-preview":"max-image-preview:large","max-video-preview":"max-video-preview:-1"},"canonical":"https:\/\/jczeller.com\/de\/seo-audit\/","og_locale":"de_DE","og_type":"article","og_title":"Klare Erkenntnisse f\u00fcr bessere Rankings \u2013 Professionelles SEO-Audit","og_description":"Detailliertes SEO-Audit mit Keyword-Analyse, technischer Pr\u00fcfung und praxisnahen Empfehlungen, damit Ihre Website bei Google besser performt.","og_url":"https:\/\/jczeller.com\/de\/seo-audit\/","og_site_name":"Ihr SEO-Berater und Copywriter.","article_modified_time":"2025-12-11T13:45:54+00:00","og_image":[{"width":1056,"height":700,"url":"https:\/\/jczeller.com\/de\/wp-content\/uploads\/2025\/10\/header-seo-audits.jpg","type":"image\/jpeg"}],"twitter_card":"summary_large_image","twitter_title":"Klare Erkenntnisse f\u00fcr bessere Rankings \u2013 Professionelles SEO-Audit","twitter_description":"Detailliertes SEO-Audit mit Keyword-Analyse, technischer Pr\u00fcfung und praxisnahen Empfehlungen, damit Ihre Website bei Google besser performt.","twitter_image":"https:\/\/jczeller.com\/de\/wp-content\/uploads\/2025\/10\/header-seo-audits.jpg","twitter_misc":{"Gesch\u00e4tzte Lesezeit":"2\u00a0Minuten"},"schema":{"@context":"https:\/\/schema.org","@graph":[{"@type":"WebPage","@id":"https:\/\/jczeller.com\/de\/seo-audit\/","url":"https:\/\/jczeller.com\/de\/seo-audit\/","name":"Professionelles SEO-Audit \u2022 Jetzt Website-Ranking verbessern","isPartOf":{"@id":"https:\/\/jczeller.com\/de\/#website"},"primaryImageOfPage":{"@id":"https:\/\/jczeller.com\/de\/seo-audit\/#primaryimage"},"image":{"@id":"https:\/\/jczeller.com\/de\/seo-audit\/#primaryimage"},"thumbnailUrl":"https:\/\/jczeller.com\/de\/wp-content\/uploads\/2025\/10\/header-seo-audits.jpg","datePublished":"2025-12-10T13:25:00+00:00","dateModified":"2025-12-11T13:45:54+00:00","description":"Erhalten Sie ein SEO-Audit mit Onpage-, Offpage- und Technik-Analyse. Jetzt Sichtbarkeit, Usability und Conversions steigern.","breadcrumb":{"@id":"https:\/\/jczeller.com\/de\/seo-audit\/#breadcrumb"},"inLanguage":"de","potentialAction":[{"@type":"ReadAction","target":["https:\/\/jczeller.com\/de\/seo-audit\/"]}]},{"@type":"ImageObject","inLanguage":"de","@id":"https:\/\/jczeller.com\/de\/seo-audit\/#primaryimage","url":"https:\/\/jczeller.com\/de\/wp-content\/uploads\/2025\/10\/header-seo-audits.jpg","contentUrl":"https:\/\/jczeller.com\/de\/wp-content\/uploads\/2025\/10\/header-seo-audits.jpg","width":1056,"height":700,"caption":"Graffiti von Lupe, Gehirn und Weltkugel auf alter Mauer"},{"@type":"BreadcrumbList","@id":"https:\/\/jczeller.com\/de\/seo-audit\/#breadcrumb","itemListElement":[{"@type":"ListItem","position":1,"name":"Startseite","item":"https:\/\/jczeller.com\/de\/"},{"@type":"ListItem","position":2,"name":"SEO-Audit"}]},{"@type":"WebSite","@id":"https:\/\/jczeller.com\/de\/#website","url":"https:\/\/jczeller.com\/de\/","name":"Ihr SEO-Berater und Copywriter.","description":"Kreativit\u00e4t trifft Expertise","publisher":{"@id":"https:\/\/jczeller.com\/de\/#organization"},"potentialAction":[{"@type":"SearchAction","target":{"@type":"EntryPoint","urlTemplate":"https:\/\/jczeller.com\/de\/?s={search_term_string}"},"query-input":{"@type":"PropertyValueSpecification","valueRequired":true,"valueName":"search_term_string"}}],"inLanguage":"de"},{"@type":"Organization","@id":"https:\/\/jczeller.com\/de\/#organization","name":"Ihr SEO-Berater und Copywriter.","url":"https:\/\/jczeller.com\/de\/","logo":{"@type":"ImageObject","inLanguage":"de","@id":"https:\/\/jczeller.com\/de\/#\/schema\/logo\/image\/","url":"https:\/\/jczeller.com\/de\/wp-content\/uploads\/2021\/09\/logo-jcz-trans3.png","contentUrl":"https:\/\/jczeller.com\/de\/wp-content\/uploads\/2021\/09\/logo-jcz-trans3.png","width":561,"height":881,"caption":"Ihr SEO-Berater und Copywriter."},"image":{"@id":"https:\/\/jczeller.com\/de\/#\/schema\/logo\/image\/"}}]}},"_links":{"self":[{"href":"https:\/\/jczeller.com\/de\/wp-json\/wp\/v2\/pages\/788","targetHints":{"allow":["GET"]}}],"collection":[{"href":"https:\/\/jczeller.com\/de\/wp-json\/wp\/v2\/pages"}],"about":[{"href":"https:\/\/jczeller.com\/de\/wp-json\/wp\/v2\/types\/page"}],"author":[{"embeddable":true,"href":"https:\/\/jczeller.com\/de\/wp-json\/wp\/v2\/users\/1"}],"replies":[{"embeddable":true,"href":"https:\/\/jczeller.com\/de\/wp-json\/wp\/v2\/comments?post=788"}],"version-history":[{"count":7,"href":"https:\/\/jczeller.com\/de\/wp-json\/wp\/v2\/pages\/788\/revisions"}],"predecessor-version":[{"id":806,"href":"https:\/\/jczeller.com\/de\/wp-json\/wp\/v2\/pages\/788\/revisions\/806"}],"wp:featuredmedia":[{"embeddable":true,"href":"https:\/\/jczeller.com\/de\/wp-json\/wp\/v2\/media\/789"}],"wp:attachment":[{"href":"https:\/\/jczeller.com\/de\/wp-json\/wp\/v2\/media?parent=788"}],"curies":[{"name":"wp","href":"https:\/\/api.w.org\/{rel}","templated":true}]}}