{"id":820,"date":"2025-12-11T14:43:40","date_gmt":"2025-12-11T13:43:40","guid":{"rendered":"https:\/\/jczeller.com\/de\/?page_id=820"},"modified":"2025-12-11T15:55:11","modified_gmt":"2025-12-11T14:55:11","slug":"service","status":"publish","type":"page","link":"https:\/\/jczeller.com\/de\/service\/","title":{"rendered":"Service"},"content":{"rendered":"\n<p>Hier finden Sie mein gesamtes Leistungsangebot aus Strategie, Kreativit\u00e4t und technischer Expertise. Ob bessere Sichtbarkeit in Suchmaschinen, KI-gest\u00fctzte L\u00f6sungen oder \u00fcberzeugende Inhalte \u2013 diese Services unterst\u00fctzen Sie gezielt dabei, Ihr Projekt voranzubringen.<\/p>\n\n\n<div class=\"pt-cv-wrapper\"><div class=\"pt-cv-view pt-cv-blockgrid iscvblock iscvhybrid list1 layout1\" id=\"pt-cv-view-595314ev5w\"><div data-id=\"pt-cv-page-1\" class=\"pt-cv-page\" data-cvc=\"1\"><div class=\" pt-cv-content-item pt-cv-2-col\" ><div class=\"pt-cv-thumb-wrapper pull-left \"><a href=\"https:\/\/jczeller.com\/de\/seo-audit\/\" class=\"_self pt-cv-href-thumbnail pt-cv-thumb-left\" target=\"_self\" ><img loading=\"lazy\" decoding=\"async\" width=\"300\" height=\"199\" src=\"https:\/\/jczeller.com\/de\/wp-content\/uploads\/2025\/10\/header-seo-audits-300x199.jpg\" class=\"pt-cv-thumbnail pull-left\" alt=\"Graffiti von Lupe, Gehirn und Weltkugel auf alter Mauer\" srcset=\"https:\/\/jczeller.com\/de\/wp-content\/uploads\/2025\/10\/header-seo-audits-300x199.jpg 300w, https:\/\/jczeller.com\/de\/wp-content\/uploads\/2025\/10\/header-seo-audits-1024x679.jpg 1024w, https:\/\/jczeller.com\/de\/wp-content\/uploads\/2025\/10\/header-seo-audits.jpg 1056w\" sizes=\"auto, 100vw\" \/><\/a><\/div>\n<div class=\"pt-cv-colwrap\"><h4 class=\"pt-cv-title\"><a href=\"https:\/\/jczeller.com\/de\/seo-audit\/\" class=\"_self\" target=\"_self\" >SEO-Audit<\/a><\/h4><div class=\"pt-cv-content\">Entdecken Sie, wie Sie das Ranking Ihrer Website verbessern k\u00f6nnen Der Erfolg Ihrer Website beginnt mit Klarheit. Mein SEO-Audit zeigt Ihnen, was Ihre Website derzeit zur\u00fcckh\u00e4lt \u2013 und was Sie tun k\u00f6nnen, um das zu \u00e4ndern. Jedes Audit umfasst alle Onpage- und Offpage-Faktoren, die technische Performance, Usability sowie wichtige Keywords in Ihrem Zielmarkt. Sie erhalten einen detaillierten Bericht mit konkreten Handlungsempfehlungen, um die Sichtbarkeit, Performance und Conversion-Rate Ihrer Website nachhaltig ...<br \/><div class=\"pt-cv-rmwrap\"><a href=\"https:\/\/jczeller.com\/de\/seo-audit\/\" class=\"_self pt-cv-readmore btn btn-success\" target=\"_self\">Weiterlesen\u00a0\u2026<\/a><\/div><\/div><\/div><\/div>\n<div class=\" pt-cv-content-item pt-cv-2-col\" ><div class=\"pt-cv-thumb-wrapper pull-left \"><a href=\"https:\/\/jczeller.com\/de\/seo-texter-finden\/\" class=\"_self pt-cv-href-thumbnail pt-cv-thumb-left\" target=\"_self\" ><img loading=\"lazy\" decoding=\"async\" width=\"300\" height=\"171\" src=\"https:\/\/jczeller.com\/de\/wp-content\/uploads\/2024\/12\/seo-graffiti-wall-300x171.jpg\" class=\"pt-cv-thumbnail pull-left\" alt=\"Eine alte Mauer mit einem Graffiti, das eine Suchleiste zeigt\" srcset=\"https:\/\/jczeller.com\/de\/wp-content\/uploads\/2024\/12\/seo-graffiti-wall-300x171.jpg 300w, https:\/\/jczeller.com\/de\/wp-content\/uploads\/2024\/12\/seo-graffiti-wall-1024x585.jpg 1024w, https:\/\/jczeller.com\/de\/wp-content\/uploads\/2024\/12\/seo-graffiti-wall.jpg 1792w\" sizes=\"auto, 100vw\" \/><\/a><\/div>\n<div class=\"pt-cv-colwrap\"><h4 class=\"pt-cv-title\"><a href=\"https:\/\/jczeller.com\/de\/seo-texter-finden\/\" class=\"_self\" target=\"_self\" >SEO Beratung<\/a><\/h4><div class=\"pt-cv-content\">Verbessern Sie jetzt die organische Reichweite Ihres Unternehmens! Der Grund f\u00fcr Suchmaschinenoptimierung (SEO) beginnt mit einer simplen Rechnung: Wenn Ihre Website auf Google als Resultat #4 aufscheint, anstelle von #1, wenn Nutzer nach einer bestimmten Phrase suchen, dann erhalten Sie nur ein Viertel der organischen Besucher, die Sie erhalten k\u00f6nnten. Und falls Ihr Online-Unternehmen bei den wichtigsten Suchphrasen f\u00fcr Ihre Produkte oder Dienstleistungen gar nicht auf der ersten Seite der ...<br \/><div class=\"pt-cv-rmwrap\"><a href=\"https:\/\/jczeller.com\/de\/seo-texter-finden\/\" class=\"_self pt-cv-readmore btn btn-success\" target=\"_self\">Weiterlesen\u00a0\u2026<\/a><\/div><\/div><\/div><\/div>\n<div class=\" pt-cv-content-item pt-cv-2-col\" ><div class=\"pt-cv-thumb-wrapper pull-left \"><a href=\"https:\/\/jczeller.com\/de\/generative-engine-optimization\/\" class=\"_self pt-cv-href-thumbnail pt-cv-thumb-left\" target=\"_self\" ><img loading=\"lazy\" decoding=\"async\" width=\"300\" height=\"211\" src=\"https:\/\/jczeller.com\/de\/wp-content\/uploads\/2025\/12\/geo-consulting-300x211.jpg\" class=\"pt-cv-thumbnail pull-left\" alt=\"Graffito auf einer Mauer, das die Transformation von klassischer Suche zu einer KI-gest\u00fctzen Suchumgebung zeigt.\" srcset=\"https:\/\/jczeller.com\/de\/wp-content\/uploads\/2025\/12\/geo-consulting-300x211.jpg 300w, https:\/\/jczeller.com\/de\/wp-content\/uploads\/2025\/12\/geo-consulting-1024x719.jpg 1024w, https:\/\/jczeller.com\/de\/wp-content\/uploads\/2025\/12\/geo-consulting.jpg 1350w\" sizes=\"auto, 100vw\" \/><\/a><\/div>\n<div class=\"pt-cv-colwrap\"><h4 class=\"pt-cv-title\"><a href=\"https:\/\/jczeller.com\/de\/generative-engine-optimization\/\" class=\"_self\" target=\"_self\" >GEO Consulting<\/a><\/h4><div class=\"pt-cv-content\">Was ist Generative Engine Optimization? Generative Engine Optimization (GEO) verbessert, wie Ihre Marke und Produkte in KI-generierten Antworten erscheint, darunter Systeme wie ChatGPT, Gemini, Grok und Googles AI Overviews. Diese Modelle lesen nicht nur Ihre Website. Sie lernen aus Diskussionen, Nutzermeinungen und vielen externen Quellen im Netz. GEO sorgt daf\u00fcr, dass Ihre Marke in dieser neuen Suchumgebung korrekt, konsistent und im richtigen Kontext dargestellt wird. Der wichtigste Unterschied zur klassischen ...<br \/><div class=\"pt-cv-rmwrap\"><a href=\"https:\/\/jczeller.com\/de\/generative-engine-optimization\/\" class=\"_self pt-cv-readmore btn btn-success\" target=\"_self\">Weiterlesen\u00a0\u2026<\/a><\/div><\/div><\/div><\/div>\n<div class=\" pt-cv-content-item pt-cv-2-col\" ><div class=\"pt-cv-thumb-wrapper pull-left \"><a href=\"https:\/\/jczeller.com\/de\/ai-consultant\/\" class=\"_self pt-cv-href-thumbnail pt-cv-thumb-left\" target=\"_self\" ><img loading=\"lazy\" decoding=\"async\" width=\"300\" height=\"200\" src=\"https:\/\/jczeller.com\/de\/wp-content\/uploads\/2023\/04\/ai-consultant-header-300x200.jpg\" class=\"pt-cv-thumbnail pull-left\" alt=\"Ihr KI-Berater.\" srcset=\"https:\/\/jczeller.com\/de\/wp-content\/uploads\/2023\/04\/ai-consultant-header-300x200.jpg 300w, https:\/\/jczeller.com\/de\/wp-content\/uploads\/2023\/04\/ai-consultant-header-1024x684.jpg 1024w, https:\/\/jczeller.com\/de\/wp-content\/uploads\/2023\/04\/ai-consultant-header-768x513.jpg 768w, https:\/\/jczeller.com\/de\/wp-content\/uploads\/2023\/04\/ai-consultant-header-1536x1026.jpg 1536w, https:\/\/jczeller.com\/de\/wp-content\/uploads\/2023\/04\/ai-consultant-header.jpg 1600w\" sizes=\"auto, 100vw\" \/><\/a><\/div>\n<div class=\"pt-cv-colwrap\"><h4 class=\"pt-cv-title\"><a href=\"https:\/\/jczeller.com\/de\/ai-consultant\/\" class=\"_self\" target=\"_self\" >A.I. Consulting<\/a><\/h4><div class=\"pt-cv-content\">KI verstehen. K\u00fcnstliche Intelligenz (KI) hat ein transformatives Potenzial, das mit der Industriellen Revolution vergleichbar ist, das sich jedoch in einem viel k\u00fcrzeren Zeitrahmen entfaltet. Automatisierung durch KI und Maschinelles Lernen ist gerade dabei, ganze Industrien auf den Kopf zu stellen. Fachleute aus allen Branchen \u2013 insbesondere die in \u201eWhite-Collar\u201c-Berufen \u2013 m\u00fcssen sich anpassen, wenn sie m\u00f6chten, dass ihre Arbeit nicht durch KI ersetzt wird. Als Gesellschaft stehen wir nicht ...<br \/><div class=\"pt-cv-rmwrap\"><a href=\"https:\/\/jczeller.com\/de\/ai-consultant\/\" class=\"_self pt-cv-readmore btn btn-success\" target=\"_self\">Weiterlesen\u00a0\u2026<\/a><\/div><\/div><\/div><\/div>\n<div class=\" pt-cv-content-item pt-cv-2-col\" ><div class=\"pt-cv-thumb-wrapper pull-left \"><a href=\"https:\/\/jczeller.com\/de\/medienberatung\/\" class=\"_self pt-cv-href-thumbnail pt-cv-thumb-left\" target=\"_self\" ><img loading=\"lazy\" decoding=\"async\" width=\"300\" height=\"171\" src=\"https:\/\/jczeller.com\/de\/wp-content\/uploads\/2025\/02\/strategische-medienberatung-300x171.jpg\" class=\"pt-cv-thumbnail pull-left\" alt=\"Ein Foto von einem Graffiti, das Schachfiguren zeigt\" srcset=\"https:\/\/jczeller.com\/de\/wp-content\/uploads\/2025\/02\/strategische-medienberatung-300x171.jpg 300w, https:\/\/jczeller.com\/de\/wp-content\/uploads\/2025\/02\/strategische-medienberatung-1024x585.jpg 1024w, https:\/\/jczeller.com\/de\/wp-content\/uploads\/2025\/02\/strategische-medienberatung.jpg 1750w\" sizes=\"auto, 100vw\" \/><\/a><\/div>\n<div class=\"pt-cv-colwrap\"><h4 class=\"pt-cv-title\"><a href=\"https:\/\/jczeller.com\/de\/medienberatung\/\" class=\"_self\" target=\"_self\" >Medienberatung<\/a><\/h4><div class=\"pt-cv-content\">Erzielen Sie messbare Erfolge auf allen Ebenen Als Medienberater unterst\u00fctze ich meine Klienten in allen Bereichen, die mit der \u00f6ffentlichen Wahrnehmung ihres Unternehmens zu tun haben. Daf\u00fcr erschaffe ich individuelle, strategische Medienl\u00f6sungen, die schnelle und langanhaltende Effekte versprechen. Ich bringe mehr als zehn Jahre Erfahrung und genau die richtigen Skills mit, um meinen Klienten ans Ziel zu f\u00fchren, wenn es darum geht, in der komplexen und sich immer schneller ver\u00e4ndernden ...<br \/><div class=\"pt-cv-rmwrap\"><a href=\"https:\/\/jczeller.com\/de\/medienberatung\/\" class=\"_self pt-cv-readmore btn btn-success\" target=\"_self\">Weiterlesen\u00a0\u2026<\/a><\/div><\/div><\/div><\/div>\n<div class=\" pt-cv-content-item pt-cv-2-col\" ><div class=\"pt-cv-thumb-wrapper pull-left \"><a href=\"https:\/\/jczeller.com\/de\/seo-kleinunternehmen\/\" class=\"_self pt-cv-href-thumbnail pt-cv-thumb-left\" target=\"_self\" ><img loading=\"lazy\" decoding=\"async\" width=\"300\" height=\"171\" src=\"https:\/\/jczeller.com\/de\/wp-content\/uploads\/2025\/02\/startup-rocket-300x171.jpg\" class=\"pt-cv-thumbnail pull-left\" alt=\"Foto eines Graffitis, das eine Rakete auf dem Weg zum Mond zeigt\" srcset=\"https:\/\/jczeller.com\/de\/wp-content\/uploads\/2025\/02\/startup-rocket-300x171.jpg 300w, https:\/\/jczeller.com\/de\/wp-content\/uploads\/2025\/02\/startup-rocket-1024x585.jpg 1024w, https:\/\/jczeller.com\/de\/wp-content\/uploads\/2025\/02\/startup-rocket.jpg 1750w\" sizes=\"auto, 100vw\" \/><\/a><\/div>\n<div class=\"pt-cv-colwrap\"><h4 class=\"pt-cv-title\"><a href=\"https:\/\/jczeller.com\/de\/seo-kleinunternehmen\/\" class=\"_self\" target=\"_self\" >SEO f\u00fcr Startups<\/a><\/h4><div class=\"pt-cv-content\">Skalierbare Strategien f\u00fcr Startups, KMUs und EPUs Jedes ambitionierte Unternehmen sollte Suchmaschinenoptimierung (SEO) f\u00fcr sich nutzen. Dazu muss man keineswegs ein Konzern aus der Forbes-Top-100 Liste sein \u2013 auch Startups, Kleinunternehmen und EPUs k\u00f6nnen von SEO erheblich profitieren. Oftmals lassen sich schon mit kleinen Stellschrauben gro\u00dfe Effekte bewirken. Als SEO-Berater unterst\u00fctze ich Startups, sowie kleine und mittelst\u00e4ndische Unternehmen, mit der strategischen Optimierung ihrer Online-Pr\u00e4senz \u2013 individuell und zu erschwinglichen Konditionen ...<br \/><div class=\"pt-cv-rmwrap\"><a href=\"https:\/\/jczeller.com\/de\/seo-kleinunternehmen\/\" class=\"_self pt-cv-readmore btn btn-success\" target=\"_self\">Weiterlesen\u00a0\u2026<\/a><\/div><\/div><\/div><\/div>\n<div class=\" pt-cv-content-item pt-cv-2-col\" ><div class=\"pt-cv-thumb-wrapper pull-left \"><a href=\"https:\/\/jczeller.com\/de\/linkbuilding\/\" class=\"_self pt-cv-href-thumbnail pt-cv-thumb-left\" target=\"_self\" ><img loading=\"lazy\" decoding=\"async\" width=\"300\" height=\"204\" src=\"https:\/\/jczeller.com\/de\/wp-content\/uploads\/2025\/01\/link-building-future-300x204.jpg\" class=\"pt-cv-thumbnail pull-left\" alt=\"Graffiti von Ketten-Gliedern (Links) auf einer Mauer\" srcset=\"https:\/\/jczeller.com\/de\/wp-content\/uploads\/2025\/01\/link-building-future-300x204.jpg 300w, https:\/\/jczeller.com\/de\/wp-content\/uploads\/2025\/01\/link-building-future-1024x696.jpg 1024w, https:\/\/jczeller.com\/de\/wp-content\/uploads\/2025\/01\/link-building-future.jpg 1303w\" sizes=\"auto, 100vw\" \/><\/a><\/div>\n<div class=\"pt-cv-colwrap\"><h4 class=\"pt-cv-title\"><a href=\"https:\/\/jczeller.com\/de\/linkbuilding\/\" class=\"_self\" target=\"_self\" >Linkbuilding<\/a><\/h4><div class=\"pt-cv-content\">So verbessern Sie mit Backlinks &amp; attraktivem Content Ihr Google-Ranking! Die Qualit\u00e4t und Anzahl der Links von anderen Seiten, die auf Ihre Website eingehen, sind entscheidende Faktoren, wenn Google und andere Suchmaschinen das Ranking vergeben. Solche Links nennt man Backlinks und ihren Einfluss auf die Platzierung in den Suchergebnissen bezeichnet man als Link Juice. Wenn neue, vertrauensw\u00fcrdige und relevante Backlinks zu Ihrer Website entstehen, dann senden diese zus\u00e4tzlichen Link Juice, ...<br \/><div class=\"pt-cv-rmwrap\"><a href=\"https:\/\/jczeller.com\/de\/linkbuilding\/\" class=\"_self pt-cv-readmore btn btn-success\" target=\"_self\">Weiterlesen\u00a0\u2026<\/a><\/div><\/div><\/div><\/div>\n<div class=\" pt-cv-content-item pt-cv-2-col\" ><div class=\"pt-cv-thumb-wrapper pull-left \"><a href=\"https:\/\/jczeller.com\/de\/werbetexte\/\" class=\"_self pt-cv-href-thumbnail pt-cv-thumb-left\" target=\"_self\" ><img loading=\"lazy\" decoding=\"async\" width=\"300\" height=\"171\" src=\"https:\/\/jczeller.com\/de\/wp-content\/uploads\/2025\/01\/copywriting-pen-300x171.jpg\" class=\"pt-cv-thumbnail pull-left\" alt=\"Graffiti einer Schreibfeder auf einer Ziegelmauer\" srcset=\"https:\/\/jczeller.com\/de\/wp-content\/uploads\/2025\/01\/copywriting-pen-300x171.jpg 300w, https:\/\/jczeller.com\/de\/wp-content\/uploads\/2025\/01\/copywriting-pen-1024x585.jpg 1024w, https:\/\/jczeller.com\/de\/wp-content\/uploads\/2025\/01\/copywriting-pen.jpg 1750w\" sizes=\"auto, 100vw\" \/><\/a><\/div>\n<div class=\"pt-cv-colwrap\"><h4 class=\"pt-cv-title\"><a href=\"https:\/\/jczeller.com\/de\/werbetexte\/\" class=\"_self\" target=\"_self\" >Werbetexte<\/a><\/h4><div class=\"pt-cv-content\">Freelance Copywriting &amp; Werbetexte mit Hirn Egal, ob Sie einen Webshop betreiben, einen Dienstleistungsbetrieb oder einen station\u00e4ren Handel \u2013 fr\u00fcher oder sp\u00e4ter stellen die meisten Unternehmer fest: Gute Werbetexte sind gut f\u00fcrs Gesch\u00e4ft. Das zeigt sich bei einem Produktdesign, das Liebe zum Detail offenbart; bei einer fesselnden und l\u00fcckenlosen Customer Journey auf der Firmenwebsite, oder bei Newslettern, die nat\u00fcrlich und herzlich klingen. Mit den richtigen Worten und einem gelungenen Auftritt ...<br \/><div class=\"pt-cv-rmwrap\"><a href=\"https:\/\/jczeller.com\/de\/werbetexte\/\" class=\"_self pt-cv-readmore btn btn-success\" target=\"_self\">Weiterlesen\u00a0\u2026<\/a><\/div><\/div><\/div><\/div>\n<div class=\" pt-cv-content-item pt-cv-2-col\" ><div class=\"pt-cv-thumb-wrapper pull-left \"><a href=\"https:\/\/jczeller.com\/de\/content-producer\/\" class=\"_self pt-cv-href-thumbnail pt-cv-thumb-left\" target=\"_self\" ><img loading=\"lazy\" decoding=\"async\" width=\"300\" height=\"171\" src=\"https:\/\/jczeller.com\/de\/wp-content\/uploads\/2024\/12\/creative-copywriting_header-300x171.jpg\" class=\"pt-cv-thumbnail pull-left\" alt=\"Graffiti auf Ziegelmauer: &quot;Together We Create&quot;\" srcset=\"https:\/\/jczeller.com\/de\/wp-content\/uploads\/2024\/12\/creative-copywriting_header-300x171.jpg 300w, https:\/\/jczeller.com\/de\/wp-content\/uploads\/2024\/12\/creative-copywriting_header-1024x585.jpg 1024w, https:\/\/jczeller.com\/de\/wp-content\/uploads\/2024\/12\/creative-copywriting_header.jpg 1750w\" sizes=\"auto, 100vw\" \/><\/a><\/div>\n<div class=\"pt-cv-colwrap\"><h4 class=\"pt-cv-title\"><a href=\"https:\/\/jczeller.com\/de\/content-producer\/\" class=\"_self\" target=\"_self\" >Content Creator<\/a><\/h4><div class=\"pt-cv-content\">So gewinnen Sie mit \u00fcberzeugenden Inhalten neue Kunden Herausragender Content ist das Geheimnis erfolgreicher Suchmaschinenoptimierung. Wenn Google und andere Suchmaschinen das Ranking Ihrer Website beurteilen, ist ein entscheidender Faktor, wie lange die Besucher mit Ihren Inhalten interagieren. Wenn der Content relevant, informativ und \u00fcberzeugend aufbereitet ist, dann verbringen die Besucher mehr Zeit auf Ihrer Website. Dies wird von Suchmaschinen wiederum mit einem besseren Ranking in den Suchresultaten belohnt. Selbst wenn ...<br \/><div class=\"pt-cv-rmwrap\"><a href=\"https:\/\/jczeller.com\/de\/content-producer\/\" class=\"_self pt-cv-readmore btn btn-success\" target=\"_self\">Weiterlesen\u00a0\u2026<\/a><\/div><\/div><\/div><\/div><\/div><\/div><\/div>\t\t\t<style type=\"text\/css\" id=\"pt-cv-inline-style-3da0c7fg7o\">\n#pt-cv-view-595314ev5w .pt-cv-thumb-wrapper:not(.miniwrap) { width: 40%; }#pt-cv-view-595314ev5w .pt-cv-thumbnail:not(.pt-cv-thumbnailsm) { height: 300px; }#pt-cv-view-595314ev5w > .pt-cv-page {grid-template-columns: repeat(1, 1fr);grid-gap: 15px;}\n@media all and (max-width: 1024px) { \n#pt-cv-view-595314ev5w > .pt-cv-page {grid-template-columns: repeat(1, 1fr);}\n} \n@media all and (max-width: 767px) { \n#pt-cv-view-595314ev5w > .pt-cv-page {grid-template-columns: repeat(1, 1fr);}\n} <\/style>\r\n\t\t\t\n\n\n\n<p><\/p>\n\n\n\n<p><\/p>\n","protected":false},"excerpt":{"rendered":"<p>Hier finden Sie mein gesamtes Leistungsangebot aus Strategie, Kreativit\u00e4t und technischer Expertise. Ob bessere Sichtbarkeit in Suchmaschinen, KI-gest\u00fctzte L\u00f6sungen oder \u00fcberzeugende Inhalte \u2013 diese Services unterst\u00fctzen Sie gezielt dabei, Ihr Projekt voranzubringen.<\/p>\n","protected":false},"author":1,"featured_media":0,"parent":0,"menu_order":0,"comment_status":"closed","ping_status":"closed","template":"","meta":{"inspiro_hide_title":false,"footnotes":""},"class_list":["post-820","page","type-page","status-publish","hentry"],"yoast_head":"<!-- This site is optimized with the Yoast SEO plugin v27.5 - https:\/\/yoast.com\/product\/yoast-seo-wordpress\/ -->\n<title>Leistungen \u2022 SEO, GEO, KI &amp; Digitale Beratung<\/title>\n<meta name=\"description\" content=\"Entdecken Sie meine Leistungen von SEO und Generative Engine Optimization \u00fcber KI-Beratung bis hin zu Medienstrategie und Content-Erstellung.\" \/>\n<meta name=\"robots\" content=\"index, follow, max-snippet:-1, max-image-preview:large, max-video-preview:-1\" \/>\n<link rel=\"canonical\" href=\"https:\/\/jczeller.com\/de\/service\/\" \/>\n<meta property=\"og:locale\" content=\"de_DE\" \/>\n<meta property=\"og:type\" content=\"article\" \/>\n<meta property=\"og:title\" content=\"Strategie, Kreativit\u00e4t und technischer Expertise\" \/>\n<meta property=\"og:description\" content=\"Entdecken Sie meine Leistungen von SEO und Generative Engine Optimization \u00fcber KI-Beratung bis hin zu Medienstrategie und Content-Erstellung.\" \/>\n<meta property=\"og:url\" content=\"https:\/\/jczeller.com\/de\/service\/\" \/>\n<meta property=\"og:site_name\" content=\"Ihr SEO-Berater und Copywriter.\" \/>\n<meta property=\"article:modified_time\" content=\"2025-12-11T14:55:11+00:00\" \/>\n<meta property=\"og:image\" content=\"https:\/\/jczeller.com\/de\/wp-content\/uploads\/2025\/10\/header-seo-audits.jpg\" \/>\n\t<meta property=\"og:image:width\" content=\"1056\" \/>\n\t<meta property=\"og:image:height\" content=\"700\" \/>\n\t<meta property=\"og:image:type\" content=\"image\/jpeg\" \/>\n<meta name=\"twitter:card\" content=\"summary_large_image\" \/>\n<meta name=\"twitter:title\" content=\"Strategie, Kreativit\u00e4t und technischer Expertise\" \/>\n<meta name=\"twitter:description\" content=\"Entdecken Sie meine Leistungen von SEO und Generative Engine Optimization \u00fcber KI-Beratung bis hin zu Medienstrategie und Content-Erstellung.\" \/>\n<meta name=\"twitter:image\" content=\"https:\/\/jczeller.com\/de\/wp-content\/uploads\/2025\/10\/header-seo-audits.jpg\" \/>\n<script type=\"application\/ld+json\" class=\"yoast-schema-graph\">{\"@context\":\"https:\\\/\\\/schema.org\",\"@graph\":[{\"@type\":\"WebPage\",\"@id\":\"https:\\\/\\\/jczeller.com\\\/de\\\/service\\\/\",\"url\":\"https:\\\/\\\/jczeller.com\\\/de\\\/service\\\/\",\"name\":\"Leistungen \u2022 SEO, GEO, KI & Digitale Beratung\",\"isPartOf\":{\"@id\":\"https:\\\/\\\/jczeller.com\\\/de\\\/#website\"},\"datePublished\":\"2025-12-11T13:43:40+00:00\",\"dateModified\":\"2025-12-11T14:55:11+00:00\",\"description\":\"Entdecken Sie meine Leistungen von SEO und Generative Engine Optimization \u00fcber KI-Beratung bis hin zu Medienstrategie und Content-Erstellung.\",\"breadcrumb\":{\"@id\":\"https:\\\/\\\/jczeller.com\\\/de\\\/service\\\/#breadcrumb\"},\"inLanguage\":\"de\",\"potentialAction\":[{\"@type\":\"ReadAction\",\"target\":[\"https:\\\/\\\/jczeller.com\\\/de\\\/service\\\/\"]}]},{\"@type\":\"BreadcrumbList\",\"@id\":\"https:\\\/\\\/jczeller.com\\\/de\\\/service\\\/#breadcrumb\",\"itemListElement\":[{\"@type\":\"ListItem\",\"position\":1,\"name\":\"Startseite\",\"item\":\"https:\\\/\\\/jczeller.com\\\/de\\\/\"},{\"@type\":\"ListItem\",\"position\":2,\"name\":\"Service\"}]},{\"@type\":\"WebSite\",\"@id\":\"https:\\\/\\\/jczeller.com\\\/de\\\/#website\",\"url\":\"https:\\\/\\\/jczeller.com\\\/de\\\/\",\"name\":\"Ihr SEO-Berater und Copywriter.\",\"description\":\"Kreativit\u00e4t trifft Expertise\",\"publisher\":{\"@id\":\"https:\\\/\\\/jczeller.com\\\/de\\\/#organization\"},\"potentialAction\":[{\"@type\":\"SearchAction\",\"target\":{\"@type\":\"EntryPoint\",\"urlTemplate\":\"https:\\\/\\\/jczeller.com\\\/de\\\/?s={search_term_string}\"},\"query-input\":{\"@type\":\"PropertyValueSpecification\",\"valueRequired\":true,\"valueName\":\"search_term_string\"}}],\"inLanguage\":\"de\"},{\"@type\":\"Organization\",\"@id\":\"https:\\\/\\\/jczeller.com\\\/de\\\/#organization\",\"name\":\"Ihr SEO-Berater und Copywriter.\",\"url\":\"https:\\\/\\\/jczeller.com\\\/de\\\/\",\"logo\":{\"@type\":\"ImageObject\",\"inLanguage\":\"de\",\"@id\":\"https:\\\/\\\/jczeller.com\\\/de\\\/#\\\/schema\\\/logo\\\/image\\\/\",\"url\":\"https:\\\/\\\/jczeller.com\\\/de\\\/wp-content\\\/uploads\\\/2021\\\/09\\\/logo-jcz-trans3.png\",\"contentUrl\":\"https:\\\/\\\/jczeller.com\\\/de\\\/wp-content\\\/uploads\\\/2021\\\/09\\\/logo-jcz-trans3.png\",\"width\":561,\"height\":881,\"caption\":\"Ihr SEO-Berater und Copywriter.\"},\"image\":{\"@id\":\"https:\\\/\\\/jczeller.com\\\/de\\\/#\\\/schema\\\/logo\\\/image\\\/\"}}]}<\/script>\n<!-- \/ Yoast SEO plugin. -->","yoast_head_json":{"title":"Leistungen \u2022 SEO, GEO, KI & Digitale Beratung","description":"Entdecken Sie meine Leistungen von SEO und Generative Engine Optimization \u00fcber KI-Beratung bis hin zu Medienstrategie und Content-Erstellung.","robots":{"index":"index","follow":"follow","max-snippet":"max-snippet:-1","max-image-preview":"max-image-preview:large","max-video-preview":"max-video-preview:-1"},"canonical":"https:\/\/jczeller.com\/de\/service\/","og_locale":"de_DE","og_type":"article","og_title":"Strategie, Kreativit\u00e4t und technischer Expertise","og_description":"Entdecken Sie meine Leistungen von SEO und Generative Engine Optimization \u00fcber KI-Beratung bis hin zu Medienstrategie und Content-Erstellung.","og_url":"https:\/\/jczeller.com\/de\/service\/","og_site_name":"Ihr SEO-Berater und Copywriter.","article_modified_time":"2025-12-11T14:55:11+00:00","og_image":[{"width":1056,"height":700,"url":"https:\/\/jczeller.com\/de\/wp-content\/uploads\/2025\/10\/header-seo-audits.jpg","type":"image\/jpeg"}],"twitter_card":"summary_large_image","twitter_title":"Strategie, Kreativit\u00e4t und technischer Expertise","twitter_description":"Entdecken Sie meine Leistungen von SEO und Generative Engine Optimization \u00fcber KI-Beratung bis hin zu Medienstrategie und Content-Erstellung.","twitter_image":"https:\/\/jczeller.com\/de\/wp-content\/uploads\/2025\/10\/header-seo-audits.jpg","schema":{"@context":"https:\/\/schema.org","@graph":[{"@type":"WebPage","@id":"https:\/\/jczeller.com\/de\/service\/","url":"https:\/\/jczeller.com\/de\/service\/","name":"Leistungen \u2022 SEO, GEO, KI & Digitale Beratung","isPartOf":{"@id":"https:\/\/jczeller.com\/de\/#website"},"datePublished":"2025-12-11T13:43:40+00:00","dateModified":"2025-12-11T14:55:11+00:00","description":"Entdecken Sie meine Leistungen von SEO und Generative Engine Optimization \u00fcber KI-Beratung bis hin zu Medienstrategie und Content-Erstellung.","breadcrumb":{"@id":"https:\/\/jczeller.com\/de\/service\/#breadcrumb"},"inLanguage":"de","potentialAction":[{"@type":"ReadAction","target":["https:\/\/jczeller.com\/de\/service\/"]}]},{"@type":"BreadcrumbList","@id":"https:\/\/jczeller.com\/de\/service\/#breadcrumb","itemListElement":[{"@type":"ListItem","position":1,"name":"Startseite","item":"https:\/\/jczeller.com\/de\/"},{"@type":"ListItem","position":2,"name":"Service"}]},{"@type":"WebSite","@id":"https:\/\/jczeller.com\/de\/#website","url":"https:\/\/jczeller.com\/de\/","name":"Ihr SEO-Berater und Copywriter.","description":"Kreativit\u00e4t trifft Expertise","publisher":{"@id":"https:\/\/jczeller.com\/de\/#organization"},"potentialAction":[{"@type":"SearchAction","target":{"@type":"EntryPoint","urlTemplate":"https:\/\/jczeller.com\/de\/?s={search_term_string}"},"query-input":{"@type":"PropertyValueSpecification","valueRequired":true,"valueName":"search_term_string"}}],"inLanguage":"de"},{"@type":"Organization","@id":"https:\/\/jczeller.com\/de\/#organization","name":"Ihr SEO-Berater und Copywriter.","url":"https:\/\/jczeller.com\/de\/","logo":{"@type":"ImageObject","inLanguage":"de","@id":"https:\/\/jczeller.com\/de\/#\/schema\/logo\/image\/","url":"https:\/\/jczeller.com\/de\/wp-content\/uploads\/2021\/09\/logo-jcz-trans3.png","contentUrl":"https:\/\/jczeller.com\/de\/wp-content\/uploads\/2021\/09\/logo-jcz-trans3.png","width":561,"height":881,"caption":"Ihr SEO-Berater und Copywriter."},"image":{"@id":"https:\/\/jczeller.com\/de\/#\/schema\/logo\/image\/"}}]}},"_links":{"self":[{"href":"https:\/\/jczeller.com\/de\/wp-json\/wp\/v2\/pages\/820","targetHints":{"allow":["GET"]}}],"collection":[{"href":"https:\/\/jczeller.com\/de\/wp-json\/wp\/v2\/pages"}],"about":[{"href":"https:\/\/jczeller.com\/de\/wp-json\/wp\/v2\/types\/page"}],"author":[{"embeddable":true,"href":"https:\/\/jczeller.com\/de\/wp-json\/wp\/v2\/users\/1"}],"replies":[{"embeddable":true,"href":"https:\/\/jczeller.com\/de\/wp-json\/wp\/v2\/comments?post=820"}],"version-history":[{"count":1,"href":"https:\/\/jczeller.com\/de\/wp-json\/wp\/v2\/pages\/820\/revisions"}],"predecessor-version":[{"id":822,"href":"https:\/\/jczeller.com\/de\/wp-json\/wp\/v2\/pages\/820\/revisions\/822"}],"wp:attachment":[{"href":"https:\/\/jczeller.com\/de\/wp-json\/wp\/v2\/media?parent=820"}],"curies":[{"name":"wp","href":"https:\/\/api.w.org\/{rel}","templated":true}]}}